{"id":31933,"date":"2022-09-01T17:24:40","date_gmt":"2022-09-01T17:24:40","guid":{"rendered":"https:\/\/milicia-pro.com\/?post_type=product&#038;p=31933"},"modified":"2026-02-23T07:39:16","modified_gmt":"2026-02-23T07:39:16","slug":"faca-scorpion-tanto","status":"publish","type":"product","link":"https:\/\/milicia-pro.com\/index.php\/product\/faca-scorpion-tanto\/","title":{"rendered":"FACA SCORPION TANTO"},"content":{"rendered":"<p>A faca Scorpion Tanto \u00e9 uma faca de backup ideal para camuflar numa bota e um complemento perfeito para uso di\u00e1rio.<\/p>\n<p>\u00c9 uma faca pequena, leve e possui op\u00e7\u00f5es de travamento de n\u00edvel I ou II.<\/p>\n<p>O mecanismo de travamento \u00e9 f\u00e1cil de remover para limpeza, permitindo que a l\u00e2mina seja usada em campo.<\/p>\n<p>L\u00e2mina de a\u00e7o 440\u00aa. Tipo de l\u00e2mina em tanto modificado. Bainha em FRN. Comprimento total de 125mm. Espessura da l\u00e2mina de 31mm. Peso com a bainha de 73,7g. Peso sem a bainha de 45,3g.<\/p>\n<p><iframe loading=\"lazy\" title=\"The Scorpion Knife Tanto\" width=\"1020\" height=\"574\" src=\"https:\/\/www.youtube.com\/embed\/MLqpIXT0-yc?feature=oembed\" frameborder=\"0\" allow=\"accelerometer; autoplay; clipboard-write; encrypted-media; gyroscope; picture-in-picture; web-share\" referrerpolicy=\"strict-origin-when-cross-origin\" allowfullscreen><\/iframe><\/p>\n<p><img loading=\"lazy\" decoding=\"async\" class=\"size-full wp-image-17359 alignleft\" src=\"https:\/\/miliciapro.com\/wp-content\/uploads\/2020\/03\/140000-10.png\" alt=\"\" width=\"207\" height=\"145\" \/><\/p>\n<p>&nbsp;<\/p>\n<p><strong>BLOQUEIO N\u00cdVEL I\/ N\u00cdVEL II<\/strong><\/p>\n<p>A faca Scorpion Tanto pode ser ajustada atrav\u00e9s de um mecanismo de travamento de tens\u00e3o ao n\u00edvel I ou de bainha a n\u00edvel II.<\/p>\n<p>&nbsp;<\/p>\n<p><img loading=\"lazy\" decoding=\"async\" class=\"size-medium wp-image-17360 alignleft\" src=\"https:\/\/miliciapro.com\/wp-content\/uploads\/2020\/03\/140000-11.png\" alt=\"\" width=\"205\" height=\"146\" \/><\/p>\n<p>&nbsp;<\/p>\n<p><strong>LOCALIZADOR DE TRA\u00c7\u00c3O DO DEDO<\/strong><\/p>\n<p>O localizador de dedo indicador \u00e9 estrategicamente colocado e facilmente encontrado, permitindo ao utilizador colocar e retirar rapidamente a faca.<\/p>\n<p>&nbsp;<\/p>\n<p><img loading=\"lazy\" decoding=\"async\" class=\"size-medium wp-image-17361 alignleft\" src=\"https:\/\/miliciapro.com\/wp-content\/uploads\/2020\/03\/140000-12.png\" alt=\"\" width=\"207\" height=\"149\" \/><\/p>\n<p>&nbsp;<\/p>\n<p><strong>ESQUELETIZADO<\/strong><\/p>\n<p>A faca Scorpion possui v\u00e1rios cortes de raios para maior economia de peso, impedindo que ele se mova quando estiver em movimento.<\/p>\n","protected":false},"excerpt":{"rendered":"<p>A faca Scorpion Tanto \u00e9 uma faca de backup ideal para camuflar numa bota e um complemento perfeito para uso di\u00e1rio. \u00c9 uma faca pequena, leve e possui op\u00e7\u00f5es de travamento de n\u00edvel I ou II. O mecanismo de travamento \u00e9 f\u00e1cil de remover para limpeza, permitindo que a l\u00e2mina seja usada em campo. L\u00e2mina [&#8230;]\n","protected":false},"featured_media":31968,"comment_status":"open","ping_status":"closed","template":"","meta":{"_monsterinsights_skip_tracking":false,"_monsterinsights_sitenote_active":false,"_monsterinsights_sitenote_note":"","_monsterinsights_sitenote_category":0},"product_brand":[],"product_cat":[1065,1099,830,829],"product_tag":[912,147],"class_list":{"0":"post-31933","1":"product","2":"type-product","3":"status-publish","4":"has-post-thumbnail","6":"product_cat-cutelariaferramentas","7":"product_cat-faca","8":"product_cat-firsttactical","9":"product_cat-marcas","10":"product_tag-cutelaria","11":"product_tag-faca","13":"first","14":"instock","15":"shipping-taxable","16":"purchasable","17":"product-type-variable"},"aioseo_notices":[],"jetpack_sharing_enabled":true,"_links":{"self":[{"href":"https:\/\/milicia-pro.com\/index.php\/wp-json\/wp\/v2\/product\/31933","targetHints":{"allow":["GET"]}}],"collection":[{"href":"https:\/\/milicia-pro.com\/index.php\/wp-json\/wp\/v2\/product"}],"about":[{"href":"https:\/\/milicia-pro.com\/index.php\/wp-json\/wp\/v2\/types\/product"}],"replies":[{"embeddable":true,"href":"https:\/\/milicia-pro.com\/index.php\/wp-json\/wp\/v2\/comments?post=31933"}],"wp:featuredmedia":[{"embeddable":true,"href":"https:\/\/milicia-pro.com\/index.php\/wp-json\/wp\/v2\/media\/31968"}],"wp:attachment":[{"href":"https:\/\/milicia-pro.com\/index.php\/wp-json\/wp\/v2\/media?parent=31933"}],"wp:term":[{"taxonomy":"product_brand","embeddable":true,"href":"https:\/\/milicia-pro.com\/index.php\/wp-json\/wp\/v2\/product_brand?post=31933"},{"taxonomy":"product_cat","embeddable":true,"href":"https:\/\/milicia-pro.com\/index.php\/wp-json\/wp\/v2\/product_cat?post=31933"},{"taxonomy":"product_tag","embeddable":true,"href":"https:\/\/milicia-pro.com\/index.php\/wp-json\/wp\/v2\/product_tag?post=31933"}],"curies":[{"name":"wp","href":"https:\/\/api.w.org\/{rel}","templated":true}]}}