{"id":31910,"date":"2022-09-01T17:23:58","date_gmt":"2022-09-01T17:23:58","guid":{"rendered":"https:\/\/milicia-pro.com\/?post_type=product&#038;p=31910"},"modified":"2025-07-24T16:37:48","modified_gmt":"2025-07-24T16:37:48","slug":"camisola-softshell-80-algodao-mulher","status":"publish","type":"product","link":"https:\/\/milicia-pro.com\/index.php\/product\/camisola-softshell-80-algodao-mulher\/","title":{"rendered":"CAMISOLA SOFTSHELL 80% ALGOD\u00c3O \u2013 MULHER"},"content":{"rendered":"<p data-open-accessibility-text-original=\"13px\"><img loading=\"lazy\" decoding=\"async\" class=\"alignnone size-medium wp-image-17311\" src=\"https:\/\/miliciapro.com\/wp-content\/uploads\/2020\/03\/DSC_3227-267x400.jpg\" alt=\"\" width=\"267\" height=\"400\" \/><\/p>\n<p data-open-accessibility-text-original=\"13px\">Desenhada para ser resistente, pr\u00e1tica e confort\u00e1vel, mantendo a apar\u00eancia o mais profissional poss\u00edvel. Desenhado a pensar nas necessidades das mulheres.<\/p>\n<p data-open-accessibility-text-original=\"13px\">Refor\u00e7os nas axilas fornecem a mobilidade que necessita para o dia a dia.<\/p>\n<ul class=\"expand mobile-collapse\">\n<li data-open-accessibility-text-original=\"14px\">\n<h3 data-open-accessibility-text-original=\"25px\">Tecido 80% algod\u00e3o \/ 20% poli\u00e9ster<\/h3>\n<\/li>\n<\/ul>\n<p><iframe loading=\"lazy\" title=\"First Tactical&#039;s Cotton Job Shirt Quarter Zip\" width=\"1020\" height=\"574\" src=\"https:\/\/www.youtube.com\/embed\/RDoXwgF5r0U?feature=oembed\" frameborder=\"0\" allow=\"accelerometer; autoplay; clipboard-write; encrypted-media; gyroscope; picture-in-picture; web-share\" referrerpolicy=\"strict-origin-when-cross-origin\" allowfullscreen><\/iframe><\/p>\n<p>&nbsp;<\/p>\n","protected":false},"excerpt":{"rendered":"<p>Desenhada para ser resistente, pr\u00e1tica e confort\u00e1vel, mantendo a apar\u00eancia o mais profissional poss\u00edvel. Desenhado a pensar nas necessidades das mulheres. Refor\u00e7os nas axilas fornecem a mobilidade que necessita para o dia a dia. Tecido 80% algod\u00e3o \/ 20% poli\u00e9ster &nbsp;<\/p>\n","protected":false},"featured_media":31950,"comment_status":"open","ping_status":"closed","template":"","meta":{"_monsterinsights_skip_tracking":false,"_monsterinsights_sitenote_active":false,"_monsterinsights_sitenote_note":"","_monsterinsights_sitenote_category":0},"product_brand":[],"product_cat":[1083,830,829,1063],"product_tag":[94],"class_list":{"0":"post-31910","1":"product","2":"type-product","3":"status-publish","4":"has-post-thumbnail","6":"product_cat-camisola","7":"product_cat-firsttactical","8":"product_cat-marcas","9":"product_cat-vestuario","10":"product_tag-camisola","12":"first","13":"instock","14":"shipping-taxable","15":"purchasable","16":"product-type-variable"},"aioseo_notices":[],"jetpack_sharing_enabled":true,"_links":{"self":[{"href":"https:\/\/milicia-pro.com\/index.php\/wp-json\/wp\/v2\/product\/31910","targetHints":{"allow":["GET"]}}],"collection":[{"href":"https:\/\/milicia-pro.com\/index.php\/wp-json\/wp\/v2\/product"}],"about":[{"href":"https:\/\/milicia-pro.com\/index.php\/wp-json\/wp\/v2\/types\/product"}],"replies":[{"embeddable":true,"href":"https:\/\/milicia-pro.com\/index.php\/wp-json\/wp\/v2\/comments?post=31910"}],"wp:featuredmedia":[{"embeddable":true,"href":"https:\/\/milicia-pro.com\/index.php\/wp-json\/wp\/v2\/media\/31950"}],"wp:attachment":[{"href":"https:\/\/milicia-pro.com\/index.php\/wp-json\/wp\/v2\/media?parent=31910"}],"wp:term":[{"taxonomy":"product_brand","embeddable":true,"href":"https:\/\/milicia-pro.com\/index.php\/wp-json\/wp\/v2\/product_brand?post=31910"},{"taxonomy":"product_cat","embeddable":true,"href":"https:\/\/milicia-pro.com\/index.php\/wp-json\/wp\/v2\/product_cat?post=31910"},{"taxonomy":"product_tag","embeddable":true,"href":"https:\/\/milicia-pro.com\/index.php\/wp-json\/wp\/v2\/product_tag?post=31910"}],"curies":[{"name":"wp","href":"https:\/\/api.w.org\/{rel}","templated":true}]}}