{"id":31873,"date":"2022-09-01T17:23:31","date_gmt":"2022-09-01T17:23:31","guid":{"rendered":"https:\/\/milicia-pro.com\/?post_type=product&#038;p=31873"},"modified":"2025-07-24T16:39:20","modified_gmt":"2025-07-24T16:39:20","slug":"camisola-softshell-mulher","status":"publish","type":"product","link":"https:\/\/milicia-pro.com\/index.php\/product\/camisola-softshell-mulher\/","title":{"rendered":"CAMISOLA SOFTSHELL \u2013 MULHER"},"content":{"rendered":"<p data-open-accessibility-text-original=\"13px\"><img loading=\"lazy\" decoding=\"async\" class=\"alignnone size-medium wp-image-17311\" src=\"https:\/\/miliciapro.com\/wp-content\/uploads\/2020\/03\/DSC_3227-267x400.jpg\" alt=\"\" width=\"267\" height=\"400\" \/><\/p>\n<p data-open-accessibility-text-original=\"13px\">A camisola SoftShell \u00e9 feita para atender \u00e0s necessidades do seu trabalho, para que possa permanecer em movimento.<\/p>\n<p data-open-accessibility-text-original=\"13px\">Em vez de um casaco ou uma parka, nesta camisola quente e resistente ao vento, ir\u00e1 encontrar o conforto e a durabilidade que precisa para os desafios do dia a dia.<\/p>\n<p data-open-accessibility-text-original=\"13px\">Com o seu interior polar ir\u00e1 mant\u00ea-lo quente e confort\u00e1vel.<\/p>\n<p data-open-accessibility-text-original=\"13px\">Desenhado a pensar nas necessidades das mulheres.<\/p>\n<p data-open-accessibility-text-original=\"13px\">Tecido SoftShell de 85% nylon \/ 15% spandex.<\/p>\n<p><iframe loading=\"lazy\" title=\"First Tactical&#039;s Tactix Softshell Pullover\" width=\"1020\" height=\"574\" src=\"https:\/\/www.youtube.com\/embed\/tC8F-LiFMjQ?feature=oembed\" frameborder=\"0\" allow=\"accelerometer; autoplay; clipboard-write; encrypted-media; gyroscope; picture-in-picture; web-share\" referrerpolicy=\"strict-origin-when-cross-origin\" allowfullscreen><\/iframe><\/p>\n","protected":false},"excerpt":{"rendered":"<p>Brevemente Dispon\u00edvel<\/p>\n","protected":false},"featured_media":31890,"comment_status":"open","ping_status":"closed","template":"","meta":{"_monsterinsights_skip_tracking":false,"_monsterinsights_sitenote_active":false,"_monsterinsights_sitenote_note":"","_monsterinsights_sitenote_category":0},"product_brand":[],"product_cat":[1083,830,829,1063],"product_tag":[94],"class_list":{"0":"post-31873","1":"product","2":"type-product","3":"status-publish","4":"has-post-thumbnail","6":"product_cat-camisola","7":"product_cat-firsttactical","8":"product_cat-marcas","9":"product_cat-vestuario","10":"product_tag-camisola","12":"first","13":"onbackorder","14":"shipping-taxable","15":"purchasable","16":"product-type-variable"},"aioseo_notices":[],"jetpack_sharing_enabled":true,"_links":{"self":[{"href":"https:\/\/milicia-pro.com\/index.php\/wp-json\/wp\/v2\/product\/31873","targetHints":{"allow":["GET"]}}],"collection":[{"href":"https:\/\/milicia-pro.com\/index.php\/wp-json\/wp\/v2\/product"}],"about":[{"href":"https:\/\/milicia-pro.com\/index.php\/wp-json\/wp\/v2\/types\/product"}],"replies":[{"embeddable":true,"href":"https:\/\/milicia-pro.com\/index.php\/wp-json\/wp\/v2\/comments?post=31873"}],"wp:featuredmedia":[{"embeddable":true,"href":"https:\/\/milicia-pro.com\/index.php\/wp-json\/wp\/v2\/media\/31890"}],"wp:attachment":[{"href":"https:\/\/milicia-pro.com\/index.php\/wp-json\/wp\/v2\/media?parent=31873"}],"wp:term":[{"taxonomy":"product_brand","embeddable":true,"href":"https:\/\/milicia-pro.com\/index.php\/wp-json\/wp\/v2\/product_brand?post=31873"},{"taxonomy":"product_cat","embeddable":true,"href":"https:\/\/milicia-pro.com\/index.php\/wp-json\/wp\/v2\/product_cat?post=31873"},{"taxonomy":"product_tag","embeddable":true,"href":"https:\/\/milicia-pro.com\/index.php\/wp-json\/wp\/v2\/product_tag?post=31873"}],"curies":[{"name":"wp","href":"https:\/\/api.w.org\/{rel}","templated":true}]}}