{"id":31796,"date":"2022-09-01T17:21:05","date_gmt":"2022-09-01T17:21:05","guid":{"rendered":"https:\/\/milicia-pro.com\/?post_type=product&#038;p=31796"},"modified":"2026-01-14T12:10:39","modified_gmt":"2026-01-14T12:10:39","slug":"casaco-tactix-short-mulher","status":"publish","type":"product","link":"https:\/\/milicia-pro.com\/index.php\/product\/casaco-tactix-short-mulher\/","title":{"rendered":"CASACO TACTIX SHORT \u2013 MULHER"},"content":{"rendered":"<p>&nbsp;<\/p>\n<p>O casaco SoftShell t\u00e1ctico \u00e9 uma pe\u00e7a fundamental no seu roupeiro, mais curto do que a parka.<\/p>\n<p>Resistente \u00e0 \u00e1gua e ao vento com um interior polar, com fechos interiores para f\u00e1cil acesso a algum equipamento adaptado ao seu cinto.<\/p>\n<p>85% nylon, 15% spandex, resistente \u00e0 \u00e1gua e ao vento.<\/p>\n<p>Desenhado a pensar nas necessidades das mulheres.<\/p>\n<p><iframe loading=\"lazy\" title=\"First Tactical&#039;s Softshell Jacket\" width=\"1020\" height=\"574\" src=\"https:\/\/www.youtube.com\/embed\/RMUjfhMFnCc?feature=oembed\" frameborder=\"0\" allow=\"accelerometer; autoplay; clipboard-write; encrypted-media; gyroscope; picture-in-picture; web-share\" referrerpolicy=\"strict-origin-when-cross-origin\" allowfullscreen><\/iframe><\/p>\n","protected":false},"excerpt":{"rendered":"<p>Brevemente Dispon\u00edvel<\/p>\n","protected":false},"featured_media":31863,"comment_status":"open","ping_status":"closed","template":"","meta":{"_monsterinsights_skip_tracking":false,"_monsterinsights_sitenote_active":false,"_monsterinsights_sitenote_note":"","_monsterinsights_sitenote_category":0},"product_brand":[],"product_cat":[1080,830,829,1063],"product_tag":[706,694,695,708],"class_list":{"0":"post-31796","1":"product","2":"type-product","3":"status-publish","4":"has-post-thumbnail","6":"product_cat-casaco","7":"product_cat-firsttactical","8":"product_cat-marcas","9":"product_cat-vestuario","10":"product_tag-chuva","11":"product_tag-frio","12":"product_tag-inverno","13":"product_tag-vento","15":"first","16":"outofstock","17":"shipping-taxable","18":"purchasable","19":"product-type-variable"},"aioseo_notices":[],"jetpack_sharing_enabled":true,"_links":{"self":[{"href":"https:\/\/milicia-pro.com\/index.php\/wp-json\/wp\/v2\/product\/31796","targetHints":{"allow":["GET"]}}],"collection":[{"href":"https:\/\/milicia-pro.com\/index.php\/wp-json\/wp\/v2\/product"}],"about":[{"href":"https:\/\/milicia-pro.com\/index.php\/wp-json\/wp\/v2\/types\/product"}],"replies":[{"embeddable":true,"href":"https:\/\/milicia-pro.com\/index.php\/wp-json\/wp\/v2\/comments?post=31796"}],"wp:featuredmedia":[{"embeddable":true,"href":"https:\/\/milicia-pro.com\/index.php\/wp-json\/wp\/v2\/media\/31863"}],"wp:attachment":[{"href":"https:\/\/milicia-pro.com\/index.php\/wp-json\/wp\/v2\/media?parent=31796"}],"wp:term":[{"taxonomy":"product_brand","embeddable":true,"href":"https:\/\/milicia-pro.com\/index.php\/wp-json\/wp\/v2\/product_brand?post=31796"},{"taxonomy":"product_cat","embeddable":true,"href":"https:\/\/milicia-pro.com\/index.php\/wp-json\/wp\/v2\/product_cat?post=31796"},{"taxonomy":"product_tag","embeddable":true,"href":"https:\/\/milicia-pro.com\/index.php\/wp-json\/wp\/v2\/product_tag?post=31796"}],"curies":[{"name":"wp","href":"https:\/\/api.w.org\/{rel}","templated":true}]}}