{"id":31795,"date":"2022-09-01T17:21:05","date_gmt":"2022-09-01T17:21:05","guid":{"rendered":"https:\/\/milicia-pro.com\/?post_type=product&#038;p=31795"},"modified":"2025-07-15T17:35:21","modified_gmt":"2025-07-15T17:35:21","slug":"lanterna-tritac-media","status":"publish","type":"product","link":"https:\/\/milicia-pro.com\/index.php\/product\/lanterna-tritac-media\/","title":{"rendered":"LANTERNA TRITAC M\u00c9DIA"},"content":{"rendered":"<p>A lanterna TriTac m\u00e9dia \u00e9 alimentada por sistema de pilha. Possui um sistema de bot\u00e3o de intelig\u00eancia com um atraso de meio segundo, permitindo que o utilizador encontre facilmente o modo de luz correto.<\/p>\n<p>Inclui 2 pilhas Duracell CR123. Lumen High 444. Tempo de execu\u00e7\u00e3o alto (h) 3,75. Lumen Low 154. Tempo de execu\u00e7\u00e3o baixo (h) 7,25. Mapa do Lumen 18. Mapa do tempo de execu\u00e7\u00e3o (h) 63. Alum\u00ednio anodizado de classe aeroespacial. Comprimento de 126,5mm. Di\u00e2metro do corpo 23,4mm. Di\u00e2metro da moldura 26,9mm. Peso do produto 0,08Kg. Peso do produto com pilhas de 0,12Kg.<\/p>\n<p><iframe loading=\"lazy\" title=\"The TriTac Lights\" width=\"1020\" height=\"574\" src=\"https:\/\/www.youtube.com\/embed\/PLXw5my8LjA?feature=oembed\" frameborder=\"0\" allow=\"accelerometer; autoplay; clipboard-write; encrypted-media; gyroscope; picture-in-picture; web-share\" referrerpolicy=\"strict-origin-when-cross-origin\" allowfullscreen><\/iframe><\/p>\n<p><img loading=\"lazy\" decoding=\"async\" class=\"size-full wp-image-17240 alignleft\" src=\"https:\/\/miliciapro.com\/wp-content\/uploads\/2020\/03\/141005-10.png\" alt=\"\" width=\"211\" height=\"145\" \/><\/p>\n<p>&nbsp;<\/p>\n<p><strong>TR\u00caS MODOS<\/strong><\/p>\n<p>Executado pelo novo bot\u00e3o de intelig\u00eancia da First Tactical, a lanterna o TriTac possui tr\u00eas modos diferentes, permitindo que o operador alterne as configura\u00e7\u00f5es de brilho para leitura externa, interna e de mapa, permitindo assim a escolha do modo necess\u00e1rio para a tarefa em quest\u00e3o.<\/p>\n<p><img loading=\"lazy\" decoding=\"async\" class=\"size-medium wp-image-17241 alignleft\" src=\"https:\/\/miliciapro.com\/wp-content\/uploads\/2020\/03\/141005-11.png\" alt=\"\" width=\"207\" height=\"143\" \/><\/p>\n<p>&nbsp;<\/p>\n<p>&nbsp;<\/p>\n<p><strong>MOLDURA FRONTAL INTERCAMBI\u00c1VEL<\/strong><\/p>\n<p>Mude para o painel frontal para atender \u00e0s necessidades de emerg\u00eancia.<\/p>\n<p>&nbsp;<\/p>\n<p><img loading=\"lazy\" decoding=\"async\" class=\"size-medium wp-image-17242 alignleft\" src=\"https:\/\/miliciapro.com\/wp-content\/uploads\/2020\/03\/141005-12.png\" alt=\"\" width=\"208\" height=\"145\" \/><\/p>\n<p>&nbsp;<\/p>\n<p><strong>C<\/strong><strong>LIP NOVA GERA\u00c7\u00c3O<\/strong><\/p>\n<p>A funcionalidade e a durabilidade aumentam drasticamente com a nova gera\u00e7\u00e3o de clip de bolso da First Tactical. O clip apresenta versatilidade m\u00e1xima com op\u00e7\u00f5es de montagem para a frente e para tr\u00e1s.<\/p>\n","protected":false},"excerpt":{"rendered":"<p>A lanterna TriTac m\u00e9dia \u00e9 alimentada por sistema de pilha. Possui um sistema de bot\u00e3o de intelig\u00eancia com um atraso de meio segundo, permitindo que o utilizador encontre facilmente o modo de luz correto. Inclui 2 pilhas Duracell CR123. Lumen High 444. Tempo de execu\u00e7\u00e3o alto (h) 3,75. Lumen Low 154. Tempo de execu\u00e7\u00e3o baixo [&#8230;]\n","protected":false},"featured_media":31829,"comment_status":"open","ping_status":"closed","template":"","meta":{"_monsterinsights_skip_tracking":false,"_monsterinsights_sitenote_active":false,"_monsterinsights_sitenote_note":"","_monsterinsights_sitenote_category":0},"product_brand":[],"product_cat":[1064,830,1090,829],"product_tag":[193,712],"class_list":{"0":"post-31795","1":"product","2":"type-product","3":"status-publish","4":"has-post-thumbnail","6":"product_cat-equipamentotatico","7":"product_cat-firsttactical","8":"product_cat-lanterna","9":"product_cat-marcas","10":"product_tag-lanterna","11":"product_tag-media","13":"first","14":"instock","15":"shipping-taxable","16":"purchasable","17":"product-type-variable"},"aioseo_notices":[],"jetpack_sharing_enabled":true,"_links":{"self":[{"href":"https:\/\/milicia-pro.com\/index.php\/wp-json\/wp\/v2\/product\/31795","targetHints":{"allow":["GET"]}}],"collection":[{"href":"https:\/\/milicia-pro.com\/index.php\/wp-json\/wp\/v2\/product"}],"about":[{"href":"https:\/\/milicia-pro.com\/index.php\/wp-json\/wp\/v2\/types\/product"}],"replies":[{"embeddable":true,"href":"https:\/\/milicia-pro.com\/index.php\/wp-json\/wp\/v2\/comments?post=31795"}],"wp:featuredmedia":[{"embeddable":true,"href":"https:\/\/milicia-pro.com\/index.php\/wp-json\/wp\/v2\/media\/31829"}],"wp:attachment":[{"href":"https:\/\/milicia-pro.com\/index.php\/wp-json\/wp\/v2\/media?parent=31795"}],"wp:term":[{"taxonomy":"product_brand","embeddable":true,"href":"https:\/\/milicia-pro.com\/index.php\/wp-json\/wp\/v2\/product_brand?post=31795"},{"taxonomy":"product_cat","embeddable":true,"href":"https:\/\/milicia-pro.com\/index.php\/wp-json\/wp\/v2\/product_cat?post=31795"},{"taxonomy":"product_tag","embeddable":true,"href":"https:\/\/milicia-pro.com\/index.php\/wp-json\/wp\/v2\/product_tag?post=31795"}],"curies":[{"name":"wp","href":"https:\/\/api.w.org\/{rel}","templated":true}]}}