{"id":31763,"date":"2022-09-01T17:20:30","date_gmt":"2022-09-01T17:20:30","guid":{"rendered":"https:\/\/milicia-pro.com\/?post_type=product&#038;p=31763"},"modified":"2026-01-14T12:13:34","modified_gmt":"2026-01-14T12:13:34","slug":"casaco-tactix-short-homem","status":"publish","type":"product","link":"https:\/\/milicia-pro.com\/index.php\/product\/casaco-tactix-short-homem\/","title":{"rendered":"CASACO TACTIX SHORT &#8211; HOMEM"},"content":{"rendered":"<p>&nbsp;<\/p>\n<p>O casaco SoftShell t\u00e1ctico \u00e9 uma pe\u00e7a fundamental no seu roupeiro, mais curto do que a parka.<\/p>\n<p>Resistente \u00e0 \u00e1gua e ao vento com um interior polar, com fechos interiores para f\u00e1cil acesso a algum equipamento adaptado ao seu cinto.<\/p>\n<p>85% nylon, 15% spandex, resistente \u00e0 \u00e1gua e ao vento.<\/p>\n<p>&nbsp;<\/p>\n<p><iframe loading=\"lazy\" title=\"First Tactical&#039;s Softshell Jacket\" width=\"1020\" height=\"574\" src=\"https:\/\/www.youtube.com\/embed\/RMUjfhMFnCc?feature=oembed\" frameborder=\"0\" allow=\"accelerometer; autoplay; clipboard-write; encrypted-media; gyroscope; picture-in-picture; web-share\" referrerpolicy=\"strict-origin-when-cross-origin\" allowfullscreen><\/iframe><\/p>\n","protected":false},"excerpt":{"rendered":"<p>&nbsp; O casaco SoftShell t\u00e1ctico \u00e9 uma pe\u00e7a fundamental no seu roupeiro, mais curto do que a parka. Resistente \u00e0 \u00e1gua e ao vento com um interior polar, com fechos interiores para f\u00e1cil acesso a algum equipamento adaptado ao seu cinto. 85% nylon, 15% spandex, resistente \u00e0 \u00e1gua e ao vento. &nbsp;<\/p>\n","protected":false},"featured_media":31815,"comment_status":"open","ping_status":"closed","template":"","meta":{"_monsterinsights_skip_tracking":false,"_monsterinsights_sitenote_active":false,"_monsterinsights_sitenote_note":"","_monsterinsights_sitenote_category":0},"product_brand":[],"product_cat":[1080,830,829,1063],"product_tag":[110,308,326],"class_list":{"0":"post-31763","1":"product","2":"type-product","3":"status-publish","4":"has-post-thumbnail","6":"product_cat-casaco","7":"product_cat-firsttactical","8":"product_cat-marcas","9":"product_cat-vestuario","10":"product_tag-casaco","11":"product_tag-softshell","12":"product_tag-tatico","14":"first","15":"instock","16":"shipping-taxable","17":"purchasable","18":"product-type-variable"},"aioseo_notices":[],"jetpack_sharing_enabled":true,"_links":{"self":[{"href":"https:\/\/milicia-pro.com\/index.php\/wp-json\/wp\/v2\/product\/31763","targetHints":{"allow":["GET"]}}],"collection":[{"href":"https:\/\/milicia-pro.com\/index.php\/wp-json\/wp\/v2\/product"}],"about":[{"href":"https:\/\/milicia-pro.com\/index.php\/wp-json\/wp\/v2\/types\/product"}],"replies":[{"embeddable":true,"href":"https:\/\/milicia-pro.com\/index.php\/wp-json\/wp\/v2\/comments?post=31763"}],"wp:featuredmedia":[{"embeddable":true,"href":"https:\/\/milicia-pro.com\/index.php\/wp-json\/wp\/v2\/media\/31815"}],"wp:attachment":[{"href":"https:\/\/milicia-pro.com\/index.php\/wp-json\/wp\/v2\/media?parent=31763"}],"wp:term":[{"taxonomy":"product_brand","embeddable":true,"href":"https:\/\/milicia-pro.com\/index.php\/wp-json\/wp\/v2\/product_brand?post=31763"},{"taxonomy":"product_cat","embeddable":true,"href":"https:\/\/milicia-pro.com\/index.php\/wp-json\/wp\/v2\/product_cat?post=31763"},{"taxonomy":"product_tag","embeddable":true,"href":"https:\/\/milicia-pro.com\/index.php\/wp-json\/wp\/v2\/product_tag?post=31763"}],"curies":[{"name":"wp","href":"https:\/\/api.w.org\/{rel}","templated":true}]}}