{"id":31760,"date":"2022-09-01T17:20:30","date_gmt":"2022-09-01T17:20:30","guid":{"rendered":"https:\/\/milicia-pro.com\/?post_type=product&#038;p=31760"},"modified":"2024-03-16T10:59:44","modified_gmt":"2024-03-16T10:59:44","slug":"lanterna-duty-media","status":"publish","type":"product","link":"https:\/\/milicia-pro.com\/index.php\/product\/lanterna-duty-media\/","title":{"rendered":"LANTERNA DUTY M\u00c9DIA"},"content":{"rendered":"<p>Esta lanterna de tamanho m\u00e9dio e dur\u00e1vel \u00e9 resistente o suficiente para utilizar numa situa\u00e7\u00e3o noturna e perfeita para transportar num bolso.<\/p>\n<p>Inclui duas pilhas AA. Lumen alto 274. Lumen baixo 16. Tempo de execu\u00e7\u00e3o alto (h) 3,75. Tempo de execu\u00e7\u00e3o baixo (h) 165. Alum\u00ednio adonizado de classe aeroespacial.<\/p>\n<p>Comprimento de 159mm. Di\u00e2metro do corpo de 23mm. Di\u00e2metro da moldura 30mm. Peso do produto 93g. Peso do produto com pilha de 144g.<\/p>\n<p><iframe loading=\"lazy\" title=\"First Tactical&#039;s Medium Duty Flashlight\" width=\"1020\" height=\"574\" src=\"https:\/\/www.youtube.com\/embed\/-nZzYIO-Wv8?feature=oembed\" frameborder=\"0\" allow=\"accelerometer; autoplay; clipboard-write; encrypted-media; gyroscope; picture-in-picture; web-share\" allowfullscreen><\/iframe><\/p>\n<p><img loading=\"lazy\" decoding=\"async\" class=\"size-full wp-image-17196 alignleft\" src=\"https:\/\/miliciapro.com\/wp-content\/uploads\/2020\/03\/141003-10.png\" alt=\"\" width=\"206\" height=\"146\" \/><\/p>\n<p>&nbsp;<\/p>\n<p><strong>CLIP DE BOLSO GRANDE E REVERS\u00cdVEL<\/strong><\/p>\n<p>Versatilidade m\u00e1xima com op\u00e7\u00f5es de montagem para frente e para tr\u00e1s. Prenda a lanterna com seguran\u00e7a.<\/p>\n<p>&nbsp;<\/p>\n<p>&nbsp;<\/p>\n<p><img loading=\"lazy\" decoding=\"async\" class=\"wp-image-17197 alignleft\" src=\"https:\/\/miliciapro.com\/wp-content\/uploads\/2020\/03\/141003-11.png\" alt=\"\" width=\"203\" height=\"142\" \/><\/p>\n<p><strong>MOLDURA FRONTAL SUBSTITU\u00cdVEL\u00a0<\/strong><\/p>\n<p>Mude o painel frontal para atender \u00e0s necessidades de emerg\u00eancia<\/p>\n<p>&nbsp;<\/p>\n<p>&nbsp;<\/p>\n<p>&nbsp;<\/p>\n<p><img loading=\"lazy\" decoding=\"async\" class=\"size-full wp-image-17198 alignleft\" src=\"https:\/\/miliciapro.com\/wp-content\/uploads\/2020\/03\/141003-12.png\" alt=\"\" width=\"206\" height=\"142\" \/><\/p>\n<p>&nbsp;<\/p>\n<p><strong>ILUMINA\u00c7\u00c3O DO LOCAL<\/strong><\/p>\n<p>Apresenta uma dist\u00e2ncia de ilumina\u00e7\u00e3o alta de 130m, dist\u00e2ncia de ilumina\u00e7\u00e3o baixa 31m, posi\u00e7\u00e3o de intermitente com uma transi\u00e7\u00e3o suave.<\/p>\n","protected":false},"excerpt":{"rendered":"<p>Esta lanterna de tamanho m\u00e9dio e dur\u00e1vel \u00e9 resistente o suficiente para utilizar numa situa\u00e7\u00e3o noturna e perfeita para transportar num bolso. Inclui duas pilhas AA. Lumen alto 274. Lumen baixo 16. Tempo de execu\u00e7\u00e3o alto (h) 3,75. Tempo de execu\u00e7\u00e3o baixo (h) 165. Alum\u00ednio adonizado de classe aeroespacial. Comprimento de 159mm. Di\u00e2metro do corpo [&#8230;]\n","protected":false},"featured_media":31806,"comment_status":"open","ping_status":"closed","template":"","meta":{"_monsterinsights_skip_tracking":false,"_monsterinsights_sitenote_active":false,"_monsterinsights_sitenote_note":"","_monsterinsights_sitenote_category":0},"product_brand":[],"product_cat":[1064,830,1090,829],"product_tag":[193,712],"class_list":{"0":"post-31760","1":"product","2":"type-product","3":"status-publish","4":"has-post-thumbnail","6":"product_cat-equipamentotatico","7":"product_cat-firsttactical","8":"product_cat-lanterna","9":"product_cat-marcas","10":"product_tag-lanterna","11":"product_tag-media","13":"first","14":"instock","15":"shipping-taxable","16":"purchasable","17":"product-type-variable"},"aioseo_notices":[],"jetpack_sharing_enabled":true,"_links":{"self":[{"href":"https:\/\/milicia-pro.com\/index.php\/wp-json\/wp\/v2\/product\/31760","targetHints":{"allow":["GET"]}}],"collection":[{"href":"https:\/\/milicia-pro.com\/index.php\/wp-json\/wp\/v2\/product"}],"about":[{"href":"https:\/\/milicia-pro.com\/index.php\/wp-json\/wp\/v2\/types\/product"}],"replies":[{"embeddable":true,"href":"https:\/\/milicia-pro.com\/index.php\/wp-json\/wp\/v2\/comments?post=31760"}],"wp:featuredmedia":[{"embeddable":true,"href":"https:\/\/milicia-pro.com\/index.php\/wp-json\/wp\/v2\/media\/31806"}],"wp:attachment":[{"href":"https:\/\/milicia-pro.com\/index.php\/wp-json\/wp\/v2\/media?parent=31760"}],"wp:term":[{"taxonomy":"product_brand","embeddable":true,"href":"https:\/\/milicia-pro.com\/index.php\/wp-json\/wp\/v2\/product_brand?post=31760"},{"taxonomy":"product_cat","embeddable":true,"href":"https:\/\/milicia-pro.com\/index.php\/wp-json\/wp\/v2\/product_cat?post=31760"},{"taxonomy":"product_tag","embeddable":true,"href":"https:\/\/milicia-pro.com\/index.php\/wp-json\/wp\/v2\/product_tag?post=31760"}],"curies":[{"name":"wp","href":"https:\/\/api.w.org\/{rel}","templated":true}]}}