{"id":31758,"date":"2022-09-01T17:20:30","date_gmt":"2022-09-01T17:20:30","guid":{"rendered":"https:\/\/milicia-pro.com\/?post_type=product&#038;p=31758"},"modified":"2025-07-08T11:00:38","modified_gmt":"2025-07-08T11:00:38","slug":"lanterna-duty-pequena","status":"publish","type":"product","link":"https:\/\/milicia-pro.com\/index.php\/product\/lanterna-duty-pequena\/","title":{"rendered":"LANTERNA DUTY PEQUENA"},"content":{"rendered":"<p>Esta pequena lanterna e dur\u00e1vel \u00e9 resistente o suficiente para utilizar numa situa\u00e7\u00e3o noturna e perfeita para transportar num bolso. Inclui uma pilha AA. Lumen alto 161.<\/p>\n<p>Lumen baixo 15. Tempo de execu\u00e7\u00e3o alto (h) 4. Tempo de execu\u00e7\u00e3o baixo (h) 26.<\/p>\n<p>Alum\u00ednio adonisado de classe aeroespacial. Comprimento de 109mm. Di\u00e2metro do corpo de 23mm. Di\u00e2metro da moldura 30mm. Peso do produto 74g. Peso do produto com pilha de 103g.<\/p>\n<p><iframe loading=\"lazy\" title=\"First Tactical&#039;s Small Duty Light\" width=\"1020\" height=\"574\" src=\"https:\/\/www.youtube.com\/embed\/3C-DCMHFasM?feature=oembed\" frameborder=\"0\" allow=\"accelerometer; autoplay; clipboard-write; encrypted-media; gyroscope; picture-in-picture; web-share\" referrerpolicy=\"strict-origin-when-cross-origin\" allowfullscreen><\/iframe><\/p>\n<p><img loading=\"lazy\" decoding=\"async\" class=\"size-full wp-image-17187 alignleft\" src=\"https:\/\/miliciapro.com\/wp-content\/uploads\/2020\/03\/141002-10.png\" alt=\"\" width=\"206\" height=\"146\" \/><\/p>\n<p>&nbsp;<\/p>\n<p><strong>CLIP DE BOLSO GRANDE E REVERS\u00cdVEL<\/strong><\/p>\n<p>Versatilidade m\u00e1xima com op\u00e7\u00f5es de montagem para frente e para tr\u00e1s. Prenda a lanterna com seguran\u00e7a.<\/p>\n<p>&nbsp;<\/p>\n<p><img loading=\"lazy\" decoding=\"async\" class=\"size-medium wp-image-17188 alignleft\" src=\"https:\/\/miliciapro.com\/wp-content\/uploads\/2020\/03\/141002-11.png\" alt=\"\" width=\"203\" height=\"142\" \/><\/p>\n<p>&nbsp;<\/p>\n<p><strong>MOLDURA FRONTAL SUBSTITU\u00cdVEL<\/strong><\/p>\n<p>Mude o painel frontal para atender \u00e0s necessidades de emerg\u00eancia<\/p>\n<p>&nbsp;<\/p>\n<p>&nbsp;<\/p>\n<p><img loading=\"lazy\" decoding=\"async\" class=\"size-medium wp-image-17189 alignleft\" src=\"https:\/\/miliciapro.com\/wp-content\/uploads\/2020\/03\/141002-12.png\" alt=\"\" width=\"206\" height=\"142\" \/><\/p>\n<p>&nbsp;<\/p>\n<p><strong>ILUMINA\u00c7\u00c3O DO LOCAL<\/strong><\/p>\n<p>Apresenta uma dist\u00e2ncia de ilumina\u00e7\u00e3o alta de 130m, dist\u00e2ncia de ilumina\u00e7\u00e3o baixa 31m, posi\u00e7\u00e3o de intermitente com uma transi\u00e7\u00e3o suave.<\/p>\n","protected":false},"excerpt":{"rendered":"<p>Esta pequena lanterna e dur\u00e1vel \u00e9 resistente o suficiente para utilizar numa situa\u00e7\u00e3o noturna e perfeita para transportar num bolso. Inclui uma pilha AA. Lumen alto 161. Lumen baixo 15. Tempo de execu\u00e7\u00e3o alto (h) 4. Tempo de execu\u00e7\u00e3o baixo (h) 26. Alum\u00ednio adonisado de classe aeroespacial. Comprimento de 109mm. Di\u00e2metro do corpo de 23mm. [&#8230;]\n","protected":false},"featured_media":31778,"comment_status":"open","ping_status":"closed","template":"","meta":{"_monsterinsights_skip_tracking":false,"_monsterinsights_sitenote_active":false,"_monsterinsights_sitenote_note":"","_monsterinsights_sitenote_category":0},"product_brand":[],"product_cat":[1064,830,1090,829],"product_tag":[193,712],"class_list":{"0":"post-31758","1":"product","2":"type-product","3":"status-publish","4":"has-post-thumbnail","6":"product_cat-equipamentotatico","7":"product_cat-firsttactical","8":"product_cat-lanterna","9":"product_cat-marcas","10":"product_tag-lanterna","11":"product_tag-media","13":"first","14":"instock","15":"shipping-taxable","16":"purchasable","17":"product-type-variable"},"aioseo_notices":[],"jetpack_sharing_enabled":true,"_links":{"self":[{"href":"https:\/\/milicia-pro.com\/index.php\/wp-json\/wp\/v2\/product\/31758","targetHints":{"allow":["GET"]}}],"collection":[{"href":"https:\/\/milicia-pro.com\/index.php\/wp-json\/wp\/v2\/product"}],"about":[{"href":"https:\/\/milicia-pro.com\/index.php\/wp-json\/wp\/v2\/types\/product"}],"replies":[{"embeddable":true,"href":"https:\/\/milicia-pro.com\/index.php\/wp-json\/wp\/v2\/comments?post=31758"}],"wp:featuredmedia":[{"embeddable":true,"href":"https:\/\/milicia-pro.com\/index.php\/wp-json\/wp\/v2\/media\/31778"}],"wp:attachment":[{"href":"https:\/\/milicia-pro.com\/index.php\/wp-json\/wp\/v2\/media?parent=31758"}],"wp:term":[{"taxonomy":"product_brand","embeddable":true,"href":"https:\/\/milicia-pro.com\/index.php\/wp-json\/wp\/v2\/product_brand?post=31758"},{"taxonomy":"product_cat","embeddable":true,"href":"https:\/\/milicia-pro.com\/index.php\/wp-json\/wp\/v2\/product_cat?post=31758"},{"taxonomy":"product_tag","embeddable":true,"href":"https:\/\/milicia-pro.com\/index.php\/wp-json\/wp\/v2\/product_tag?post=31758"}],"curies":[{"name":"wp","href":"https:\/\/api.w.org\/{rel}","templated":true}]}}