{"id":31754,"date":"2022-09-01T17:20:29","date_gmt":"2022-09-01T17:20:29","guid":{"rendered":"https:\/\/milicia-pro.com\/?post_type=product&#038;p=31754"},"modified":"2025-05-24T07:11:24","modified_gmt":"2025-05-24T07:11:24","slug":"lanterna-penlight-pequena","status":"publish","type":"product","link":"https:\/\/milicia-pro.com\/index.php\/product\/lanterna-penlight-pequena\/","title":{"rendered":"LANTERNA PENLIGHT PEQUENA"},"content":{"rendered":"<p>Esta lanterna de bolso encaixa facilmente no seu bolso ou no bon\u00e9 para obter uma luz r\u00e1pida.<\/p>\n<p>Inclui uma pilha AAA. Lumen High 55. Tempo de execu\u00e7\u00e3o alto (h) 2,5. Alum\u00ednio anodizado de classe aeroespacial.<\/p>\n<p>Comprimento de 91mm. Di\u00e2metro do corpo de 19mm. Di\u00e2metro da moldura de 19mm.<\/p>\n<p>Peso do produto de 43g, Peso do produto com a pilha de 54g.<\/p>\n<p><iframe loading=\"lazy\" title=\"The Small and Medium Penlights\" width=\"1020\" height=\"574\" src=\"https:\/\/www.youtube.com\/embed\/gwAQcoFotT8?feature=oembed\" frameborder=\"0\" allow=\"accelerometer; autoplay; clipboard-write; encrypted-media; gyroscope; picture-in-picture; web-share\" referrerpolicy=\"strict-origin-when-cross-origin\" allowfullscreen><\/iframe><\/p>\n<p><img loading=\"lazy\" decoding=\"async\" class=\"size-full wp-image-17174 alignleft\" src=\"https:\/\/miliciapro.com\/wp-content\/uploads\/2020\/03\/141000-10.png\" alt=\"\" width=\"207\" height=\"144\" \/><\/p>\n<p>&nbsp;<\/p>\n<p><strong>CLIP DE BOLSO GRANDE E REVERS\u00cdVEL<\/strong><\/p>\n<p>Versatilidade m\u00e1xima com op\u00e7\u00f5es de montagem para frente e para tr\u00e1s. Prenda a lanterna com seguran\u00e7a.<\/p>\n<p>&nbsp;<\/p>\n<p><img loading=\"lazy\" decoding=\"async\" class=\"size-medium wp-image-17175 alignleft\" src=\"https:\/\/miliciapro.com\/wp-content\/uploads\/2020\/03\/141000-11.png\" alt=\"\" width=\"206\" height=\"145\" \/><\/p>\n<p>&nbsp;<\/p>\n<p><strong>EL\u00c1STICA PARA O DEDO AJUST\u00c1VEL<\/strong><\/p>\n<p>A al\u00e7a em el\u00e1stico para o dedo permite ao utilizador manter a lanterna segura na m\u00e3o.<\/p>\n<p>&nbsp;<\/p>\n<p>&nbsp;<\/p>\n<p><img loading=\"lazy\" decoding=\"async\" class=\"wp-image-17176 alignleft\" src=\"https:\/\/miliciapro.com\/wp-content\/uploads\/2020\/03\/141000-12.png\" alt=\"\" width=\"210\" height=\"145\" \/><\/p>\n<p>&nbsp;<\/p>\n<p><strong>ILUMINA\u00c7\u00c3O DO LOCAL<\/strong><\/p>\n<p>Apresenta uma dist\u00e2ncia de ilumina\u00e7\u00e3o alta de 130m, dist\u00e2ncia de ilumina\u00e7\u00e3o baixa 31m, posi\u00e7\u00e3o de intermitente com uma transi\u00e7\u00e3o suave.<\/p>\n","protected":false},"excerpt":{"rendered":"<p>Esta lanterna de bolso encaixa facilmente no seu bolso ou no bon\u00e9 para obter uma luz r\u00e1pida. Inclui uma pilha AAA. Lumen High 55. Tempo de execu\u00e7\u00e3o alto (h) 2,5. Alum\u00ednio anodizado de classe aeroespacial. Comprimento de 91mm. Di\u00e2metro do corpo de 19mm. Di\u00e2metro da moldura de 19mm. Peso do produto de 43g, Peso do [&#8230;]\n","protected":false},"featured_media":31770,"comment_status":"open","ping_status":"closed","template":"","meta":{"_monsterinsights_skip_tracking":false,"_monsterinsights_sitenote_active":false,"_monsterinsights_sitenote_note":"","_monsterinsights_sitenote_category":0},"product_brand":[],"product_cat":[1064,830,1090,829],"product_tag":[193,711],"class_list":{"0":"post-31754","1":"product","2":"type-product","3":"status-publish","4":"has-post-thumbnail","6":"product_cat-equipamentotatico","7":"product_cat-firsttactical","8":"product_cat-lanterna","9":"product_cat-marcas","10":"product_tag-lanterna","11":"product_tag-pequena","13":"first","14":"instock","15":"shipping-taxable","16":"purchasable","17":"product-type-variable"},"aioseo_notices":[],"jetpack_sharing_enabled":true,"_links":{"self":[{"href":"https:\/\/milicia-pro.com\/index.php\/wp-json\/wp\/v2\/product\/31754","targetHints":{"allow":["GET"]}}],"collection":[{"href":"https:\/\/milicia-pro.com\/index.php\/wp-json\/wp\/v2\/product"}],"about":[{"href":"https:\/\/milicia-pro.com\/index.php\/wp-json\/wp\/v2\/types\/product"}],"replies":[{"embeddable":true,"href":"https:\/\/milicia-pro.com\/index.php\/wp-json\/wp\/v2\/comments?post=31754"}],"wp:featuredmedia":[{"embeddable":true,"href":"https:\/\/milicia-pro.com\/index.php\/wp-json\/wp\/v2\/media\/31770"}],"wp:attachment":[{"href":"https:\/\/milicia-pro.com\/index.php\/wp-json\/wp\/v2\/media?parent=31754"}],"wp:term":[{"taxonomy":"product_brand","embeddable":true,"href":"https:\/\/milicia-pro.com\/index.php\/wp-json\/wp\/v2\/product_brand?post=31754"},{"taxonomy":"product_cat","embeddable":true,"href":"https:\/\/milicia-pro.com\/index.php\/wp-json\/wp\/v2\/product_cat?post=31754"},{"taxonomy":"product_tag","embeddable":true,"href":"https:\/\/milicia-pro.com\/index.php\/wp-json\/wp\/v2\/product_tag?post=31754"}],"curies":[{"name":"wp","href":"https:\/\/api.w.org\/{rel}","templated":true}]}}