{"id":31671,"date":"2022-09-01T17:19:00","date_gmt":"2022-09-01T17:19:00","guid":{"rendered":"https:\/\/milicia-pro.com\/?post_type=product&#038;p=31671"},"modified":"2026-01-06T14:44:36","modified_gmt":"2026-01-06T14:44:36","slug":"casaco-tactix-mulher","status":"publish","type":"product","link":"https:\/\/milicia-pro.com\/index.php\/product\/casaco-tactix-mulher\/","title":{"rendered":"CASACO TACTIX &#8211; MULHER"},"content":{"rendered":"<p>&nbsp;<\/p>\n<p>O casaco SoftShell t\u00e1ctico \u00e9 uma pe\u00e7a fundamental no seu roupeiro.<\/p>\n<p>Resistente \u00e0 \u00e1gua e ao vento com um interior polar, com fechos interiores para f\u00e1cil acesso a algum equipamento adaptado ao seu cinto.<\/p>\n<p>O seu tamanho \u00e9 equivalente a uma parka.<\/p>\n<p>85% nylon, 15% spandex, resistente \u00e0 \u00e1gua e ao vento.<\/p>\n<p>Design de mulher<\/p>\n<p><iframe loading=\"lazy\" title=\"First Tactical&#039;s Softshell Jacket\" width=\"1020\" height=\"574\" src=\"https:\/\/www.youtube.com\/embed\/RMUjfhMFnCc?feature=oembed\" frameborder=\"0\" allow=\"accelerometer; autoplay; clipboard-write; encrypted-media; gyroscope; picture-in-picture; web-share\" referrerpolicy=\"strict-origin-when-cross-origin\" allowfullscreen><\/iframe><\/p>\n<p>&nbsp;<\/p>\n<p>&nbsp;<\/p>\n","protected":false},"excerpt":{"rendered":"<p>&nbsp; O casaco SoftShell t\u00e1ctico \u00e9 uma pe\u00e7a fundamental no seu roupeiro. Resistente \u00e0 \u00e1gua e ao vento com um interior polar, com fechos interiores para f\u00e1cil acesso a algum equipamento adaptado ao seu cinto. O seu tamanho \u00e9 equivalente a uma parka. 85% nylon, 15% spandex, resistente \u00e0 \u00e1gua e ao vento. Design de [&#8230;]\n","protected":false},"featured_media":31731,"comment_status":"open","ping_status":"closed","template":"","meta":{"_monsterinsights_skip_tracking":false,"_monsterinsights_sitenote_active":false,"_monsterinsights_sitenote_note":"","_monsterinsights_sitenote_category":0},"product_brand":[],"product_cat":[1080,830,829,1063],"product_tag":[110,706,694,708],"class_list":{"0":"post-31671","1":"product","2":"type-product","3":"status-publish","4":"has-post-thumbnail","6":"product_cat-casaco","7":"product_cat-firsttactical","8":"product_cat-marcas","9":"product_cat-vestuario","10":"product_tag-casaco","11":"product_tag-chuva","12":"product_tag-frio","13":"product_tag-vento","15":"first","16":"instock","17":"shipping-taxable","18":"purchasable","19":"product-type-variable"},"aioseo_notices":[],"jetpack_sharing_enabled":true,"_links":{"self":[{"href":"https:\/\/milicia-pro.com\/index.php\/wp-json\/wp\/v2\/product\/31671","targetHints":{"allow":["GET"]}}],"collection":[{"href":"https:\/\/milicia-pro.com\/index.php\/wp-json\/wp\/v2\/product"}],"about":[{"href":"https:\/\/milicia-pro.com\/index.php\/wp-json\/wp\/v2\/types\/product"}],"replies":[{"embeddable":true,"href":"https:\/\/milicia-pro.com\/index.php\/wp-json\/wp\/v2\/comments?post=31671"}],"wp:featuredmedia":[{"embeddable":true,"href":"https:\/\/milicia-pro.com\/index.php\/wp-json\/wp\/v2\/media\/31731"}],"wp:attachment":[{"href":"https:\/\/milicia-pro.com\/index.php\/wp-json\/wp\/v2\/media?parent=31671"}],"wp:term":[{"taxonomy":"product_brand","embeddable":true,"href":"https:\/\/milicia-pro.com\/index.php\/wp-json\/wp\/v2\/product_brand?post=31671"},{"taxonomy":"product_cat","embeddable":true,"href":"https:\/\/milicia-pro.com\/index.php\/wp-json\/wp\/v2\/product_cat?post=31671"},{"taxonomy":"product_tag","embeddable":true,"href":"https:\/\/milicia-pro.com\/index.php\/wp-json\/wp\/v2\/product_tag?post=31671"}],"curies":[{"name":"wp","href":"https:\/\/api.w.org\/{rel}","templated":true}]}}