{"id":31603,"date":"2022-09-01T17:17:57","date_gmt":"2022-09-01T17:17:57","guid":{"rendered":"https:\/\/milicia-pro.com\/?post_type=product&#038;p=31603"},"modified":"2025-07-27T13:10:54","modified_gmt":"2025-07-27T13:10:54","slug":"arnes-jump-pack","status":"publish","type":"product","link":"https:\/\/milicia-pro.com\/index.php\/product\/arnes-jump-pack\/","title":{"rendered":"ARN\u00caS JUMP PACK"},"content":{"rendered":"<p>O sistema de arn\u00eas Jump Pack adequado para as bolsas de salto t\u00e1ctico, permitindo ao utilizador mudar de saco de ombro para uma mochila alongada, perfeita para fazer transporte a longa dist\u00e2ncia.<\/p>\n<p>Estufado em espuma de c\u00e9lula fechada Hardware Duraflex.<\/p>\n<p>Funciona com todos os sacos de salto t\u00e1ctico.<\/p>\n<p><img loading=\"lazy\" decoding=\"async\" class=\"size-medium wp-image-17114 alignleft\" src=\"https:\/\/miliciapro.com\/wp-content\/uploads\/2020\/03\/180047-10.png\" alt=\"\" width=\"208\" height=\"148\" \/><\/p>\n<p>&nbsp;<\/p>\n<p><strong>COMPAT\u00cdVEL COM MOCHILAS<\/strong><\/p>\n<p>O arn\u00eas Jump Pack compat\u00edvel com todos os sacos Jump.<\/p>\n<p>&nbsp;<\/p>\n<p>&nbsp;<\/p>\n<p><img loading=\"lazy\" decoding=\"async\" class=\"size-medium wp-image-17115 alignleft\" src=\"https:\/\/miliciapro.com\/wp-content\/uploads\/2020\/03\/180047-11.png\" alt=\"\" width=\"209\" height=\"146\" \/><\/p>\n<p>&nbsp;<\/p>\n<p><strong>EQUALIZADOR<\/strong><\/p>\n<p>Ganchos estrategicamente posicionados e uma cinta de externo, permitem que o operacional distribua uniformemente o peso do saco Jump.<\/p>\n<p>&nbsp;<\/p>\n<p><img loading=\"lazy\" decoding=\"async\" class=\"size-medium wp-image-17116 alignleft\" src=\"https:\/\/miliciapro.com\/wp-content\/uploads\/2020\/03\/180047-12.png\" alt=\"\" width=\"208\" height=\"145\" \/><\/p>\n<p>&nbsp;<\/p>\n<p><strong>ACOLCHOAMENTO EVA<\/strong><\/p>\n<p>As tiras de ombro apresentam acolchoamento EVA que absorve a humidade e \u00e9 confort\u00e1vel.<\/p>\n","protected":false},"excerpt":{"rendered":"<p>O sistema de arn\u00eas Jump Pack adequado para as bolsas de salto t\u00e1ctico, permitindo ao utilizador mudar de saco de ombro para uma mochila alongada, perfeita para fazer transporte a longa dist\u00e2ncia. Estufado em espuma de c\u00e9lula fechada Hardware Duraflex. Funciona com todos os sacos de salto t\u00e1ctico. &nbsp; COMPAT\u00cdVEL COM MOCHILAS O arn\u00eas Jump [&#8230;]\n","protected":false},"featured_media":31707,"comment_status":"open","ping_status":"closed","template":"","meta":{"_monsterinsights_skip_tracking":false,"_monsterinsights_sitenote_active":false,"_monsterinsights_sitenote_note":"","_monsterinsights_sitenote_category":0},"product_brand":[],"product_cat":[830,829,1068,1074],"product_tag":[55,701,215],"class_list":{"0":"post-31603","1":"product","2":"type-product","3":"status-publish","4":"has-post-thumbnail","6":"product_cat-firsttactical","7":"product_cat-marcas","8":"product_cat-outdoor","9":"product_cat-sobrevivencia","10":"product_tag-acessorio","11":"product_tag-arnes","12":"product_tag-mochila","14":"first","15":"instock","16":"shipping-taxable","17":"purchasable","18":"product-type-variable"},"aioseo_notices":[],"jetpack_sharing_enabled":true,"_links":{"self":[{"href":"https:\/\/milicia-pro.com\/index.php\/wp-json\/wp\/v2\/product\/31603","targetHints":{"allow":["GET"]}}],"collection":[{"href":"https:\/\/milicia-pro.com\/index.php\/wp-json\/wp\/v2\/product"}],"about":[{"href":"https:\/\/milicia-pro.com\/index.php\/wp-json\/wp\/v2\/types\/product"}],"replies":[{"embeddable":true,"href":"https:\/\/milicia-pro.com\/index.php\/wp-json\/wp\/v2\/comments?post=31603"}],"wp:featuredmedia":[{"embeddable":true,"href":"https:\/\/milicia-pro.com\/index.php\/wp-json\/wp\/v2\/media\/31707"}],"wp:attachment":[{"href":"https:\/\/milicia-pro.com\/index.php\/wp-json\/wp\/v2\/media?parent=31603"}],"wp:term":[{"taxonomy":"product_brand","embeddable":true,"href":"https:\/\/milicia-pro.com\/index.php\/wp-json\/wp\/v2\/product_brand?post=31603"},{"taxonomy":"product_cat","embeddable":true,"href":"https:\/\/milicia-pro.com\/index.php\/wp-json\/wp\/v2\/product_cat?post=31603"},{"taxonomy":"product_tag","embeddable":true,"href":"https:\/\/milicia-pro.com\/index.php\/wp-json\/wp\/v2\/product_tag?post=31603"}],"curies":[{"name":"wp","href":"https:\/\/api.w.org\/{rel}","templated":true}]}}