{"id":31601,"date":"2022-09-01T17:17:57","date_gmt":"2022-09-01T17:17:57","guid":{"rendered":"https:\/\/milicia-pro.com\/?post_type=product&#038;p=31601"},"modified":"2025-07-03T10:28:13","modified_gmt":"2025-07-03T10:28:13","slug":"bolsa-kit-medicamentos","status":"publish","type":"product","link":"https:\/\/milicia-pro.com\/index.php\/product\/bolsa-kit-medicamentos\/","title":{"rendered":"BOLSA KIT MEDICAMENTOS"},"content":{"rendered":"<div style=\"width: 1020px;\" class=\"wp-video\"><video class=\"wp-video-shortcode\" id=\"video-31601-1\" width=\"1020\" height=\"574\" preload=\"metadata\" controls=\"controls\"><source type=\"video\/mp4\" src=\"https:\/\/miliciapro.com\/wp-content\/uploads\/2020\/03\/The-Large-Jump-Bag-180043-Medication-Kit.mp4?_=1\" \/><a href=\"https:\/\/miliciapro.com\/wp-content\/uploads\/2020\/03\/The-Large-Jump-Bag-180043-Medication-Kit.mp4\">https:\/\/miliciapro.com\/wp-content\/uploads\/2020\/03\/The-Large-Jump-Bag-180043-Medication-Kit.mp4<\/a><\/video><\/div>\n<p>Este kit apresenta uma espuma Pick n\u00b4Pluck inovadora, que disp\u00f5e os medicamentos, nomeadamente os mais fr\u00e1geis, protegidos e em seguran\u00e7a.<\/p>\n<p>O interior tem uma disposi\u00e7\u00e3o clara para poder visualizar com mais facilidade todo o conte\u00fado.<\/p>\n<p>No exterior a cor amarela brilhante e a fita de nome DotTac permitem que o kit seja f\u00e1cil de localizar.<\/p>\n<p>Dimens\u00f5es 15,2cm x 29,2cm x 7,6cm; fita da \u00e1rea do nome de 15,2cm x 2,5cm; puxadores do fecho em grandes dimens\u00f5es.<\/p>\n<p><img loading=\"lazy\" decoding=\"async\" class=\"size-full wp-image-17096 alignleft\" src=\"https:\/\/miliciapro.com\/wp-content\/uploads\/2020\/03\/180043-10.png\" alt=\"\" width=\"206\" height=\"145\" \/><\/p>\n<p>&nbsp;<\/p>\n<p><strong>JANELA ORGANIZADA<\/strong><\/p>\n<p>Tampa de press\u00e3o para manter a medica\u00e7\u00e3o segura.<\/p>\n<p>&nbsp;<\/p>\n<p>&nbsp;<\/p>\n<p><img loading=\"lazy\" decoding=\"async\" class=\"size-medium wp-image-17097 alignleft\" src=\"https:\/\/miliciapro.com\/wp-content\/uploads\/2020\/03\/180043-11.png\" alt=\"\" width=\"206\" height=\"144\" \/><\/p>\n<p>&nbsp;<\/p>\n<p><strong>ESPUMA PICK N\u00b4PLUCK<\/strong><\/p>\n<p>Interior em espuma permite dispor os frasco e ampolas protegidas.<\/p>\n<p>&nbsp;<\/p>\n<p>&nbsp;<\/p>\n<p><img loading=\"lazy\" decoding=\"async\" class=\"size-medium wp-image-17098 alignleft\" src=\"https:\/\/miliciapro.com\/wp-content\/uploads\/2020\/03\/180043-12.png\" alt=\"\" width=\"184\" height=\"145\" \/><\/p>\n<p>&nbsp;<\/p>\n<p><strong>F\u00c1CIL IDENTIFICA\u00c7\u00c3O<\/strong><\/p>\n<p>Este kit de cor amarela brilhante permite aos operacionais facilmente identificar o seu conte\u00fado. A fita de nome DotTac permite uma personaliza\u00e7\u00e3o adicional.<\/p>\n","protected":false},"excerpt":{"rendered":"<p>Este kit apresenta uma espuma Pick n\u00b4Pluck inovadora, que disp\u00f5e os medicamentos, nomeadamente os mais fr\u00e1geis, protegidos e em seguran\u00e7a. O interior tem uma disposi\u00e7\u00e3o clara para poder visualizar com mais facilidade todo o conte\u00fado. No exterior a cor amarela brilhante e a fita de nome DotTac permitem que o kit seja f\u00e1cil de localizar. [&#8230;]\n","protected":false},"featured_media":31698,"comment_status":"open","ping_status":"closed","template":"","meta":{"_monsterinsights_skip_tracking":false,"_monsterinsights_sitenote_active":false,"_monsterinsights_sitenote_note":"","_monsterinsights_sitenote_category":0},"product_brand":[],"product_cat":[1066,830,829,1113],"product_tag":[525,185,205,296],"class_list":{"0":"post-31601","1":"product","2":"type-product","3":"status-publish","4":"has-post-thumbnail","6":"product_cat-medical","7":"product_cat-firsttactical","8":"product_cat-marcas","9":"product_cat-transporte-e-organizacao","10":"product_tag-inem","11":"product_tag-kit","12":"product_tag-mala","13":"product_tag-saco","15":"first","16":"instock","17":"shipping-taxable","18":"purchasable","19":"product-type-variable"},"aioseo_notices":[],"jetpack_sharing_enabled":true,"_links":{"self":[{"href":"https:\/\/milicia-pro.com\/index.php\/wp-json\/wp\/v2\/product\/31601","targetHints":{"allow":["GET"]}}],"collection":[{"href":"https:\/\/milicia-pro.com\/index.php\/wp-json\/wp\/v2\/product"}],"about":[{"href":"https:\/\/milicia-pro.com\/index.php\/wp-json\/wp\/v2\/types\/product"}],"replies":[{"embeddable":true,"href":"https:\/\/milicia-pro.com\/index.php\/wp-json\/wp\/v2\/comments?post=31601"}],"wp:featuredmedia":[{"embeddable":true,"href":"https:\/\/milicia-pro.com\/index.php\/wp-json\/wp\/v2\/media\/31698"}],"wp:attachment":[{"href":"https:\/\/milicia-pro.com\/index.php\/wp-json\/wp\/v2\/media?parent=31601"}],"wp:term":[{"taxonomy":"product_brand","embeddable":true,"href":"https:\/\/milicia-pro.com\/index.php\/wp-json\/wp\/v2\/product_brand?post=31601"},{"taxonomy":"product_cat","embeddable":true,"href":"https:\/\/milicia-pro.com\/index.php\/wp-json\/wp\/v2\/product_cat?post=31601"},{"taxonomy":"product_tag","embeddable":true,"href":"https:\/\/milicia-pro.com\/index.php\/wp-json\/wp\/v2\/product_tag?post=31601"}],"curies":[{"name":"wp","href":"https:\/\/api.w.org\/{rel}","templated":true}]}}