{"id":31600,"date":"2022-09-01T17:17:57","date_gmt":"2022-09-01T17:17:57","guid":{"rendered":"https:\/\/milicia-pro.com\/?post_type=product&#038;p=31600"},"modified":"2025-06-04T13:45:12","modified_gmt":"2025-06-04T13:45:12","slug":"bolsa-kit-rapido","status":"publish","type":"product","link":"https:\/\/milicia-pro.com\/index.php\/product\/bolsa-kit-rapido\/","title":{"rendered":"BOLSA KIT R\u00c1PIDO"},"content":{"rendered":"<div style=\"width: 1020px;\" class=\"wp-video\"><video class=\"wp-video-shortcode\" id=\"video-31600-1\" width=\"1020\" height=\"574\" preload=\"metadata\" controls=\"controls\"><source type=\"video\/mp4\" src=\"https:\/\/miliciapro.com\/wp-content\/uploads\/2020\/03\/The-Large-Jump-Bag-180042-I.V.-Kit.mp4?_=1\" \/><a href=\"https:\/\/miliciapro.com\/wp-content\/uploads\/2020\/03\/The-Large-Jump-Bag-180042-I.V.-Kit.mp4\">https:\/\/miliciapro.com\/wp-content\/uploads\/2020\/03\/The-Large-Jump-Bag-180042-I.V.-Kit.mp4<\/a><\/video><\/div>\n<p>Esta bolsa t\u00e1tica para um kit r\u00e1pido apresenta uma boa organiza\u00e7\u00e3o interna avan\u00e7ada, fornecendo ao profissional um armazenamento do material necess\u00e1rio nomeadamente a coloca\u00e7\u00e3o de agulhas em separado.<\/p>\n<p>Com dimens\u00f5es de 15,2cm x 29,2cm x 7,6cm; fita para o nome com \u00e1rea de 15,2cm x 2,5cm; puxadores do fecho em grandes dimens\u00f5es; pega superior.<\/p>\n<p><img loading=\"lazy\" decoding=\"async\" class=\" wp-image-17086 alignleft\" src=\"https:\/\/miliciapro.com\/wp-content\/uploads\/2020\/03\/180042-10.png\" alt=\"\" width=\"208\" height=\"151\" \/><\/p>\n<p>&nbsp;<\/p>\n<p><strong>BOLSOS TRANSPARENTES<\/strong><\/p>\n<p>A organiza\u00e7\u00e3o interna do seu kit permite que o profissional identifique de imediato o seu conte\u00fado.<\/p>\n<p>&nbsp;<\/p>\n<p>&nbsp;<\/p>\n<p><img loading=\"lazy\" decoding=\"async\" class=\"size-medium wp-image-17087 alignleft\" src=\"https:\/\/miliciapro.com\/wp-content\/uploads\/2020\/03\/180042-11.png\" alt=\"\" width=\"204\" height=\"144\" \/><\/p>\n<p>&nbsp;<\/p>\n<p><strong>COLOCA\u00c7\u00c3O AVAN\u00c7ADA<\/strong><\/p>\n<p>Oferece ao profissional espa\u00e7o suficiente para armazenar o material pretendido.<\/p>\n<p>&nbsp;<\/p>\n<p>&nbsp;<\/p>\n<p><img loading=\"lazy\" decoding=\"async\" class=\"size-medium wp-image-17088 alignleft\" src=\"https:\/\/miliciapro.com\/wp-content\/uploads\/2020\/03\/180042-12.png\" alt=\"\" width=\"204\" height=\"142\" \/><\/p>\n<p>&nbsp;<\/p>\n<p><strong>F\u00c1CIL DE IDENTIFICAR<\/strong><\/p>\n<p>Este kit apresenta-se em cor vermelho, permitindo que os utilizadores encontrem rapidamente o seu kit ou o possam descrever a outra pessoa. Tem um a fita DotTac que permite a sua personaliza\u00e7\u00e3o.<\/p>\n","protected":false},"excerpt":{"rendered":"<p>Esta bolsa t\u00e1tica para um kit r\u00e1pido apresenta uma boa organiza\u00e7\u00e3o interna avan\u00e7ada, fornecendo ao profissional um armazenamento do material necess\u00e1rio nomeadamente a coloca\u00e7\u00e3o de agulhas em separado. Com dimens\u00f5es de 15,2cm x 29,2cm x 7,6cm; fita para o nome com \u00e1rea de 15,2cm x 2,5cm; puxadores do fecho em grandes dimens\u00f5es; pega superior. &nbsp; [&#8230;]\n","protected":false},"featured_media":31693,"comment_status":"open","ping_status":"closed","template":"","meta":{"_monsterinsights_skip_tracking":false,"_monsterinsights_sitenote_active":false,"_monsterinsights_sitenote_note":"","_monsterinsights_sitenote_category":0},"product_brand":[],"product_cat":[1066,830,829,1113],"product_tag":[80,525,185,205,326],"class_list":{"0":"post-31600","1":"product","2":"type-product","3":"status-publish","4":"has-post-thumbnail","6":"product_cat-medical","7":"product_cat-firsttactical","8":"product_cat-marcas","9":"product_cat-transporte-e-organizacao","10":"product_tag-bolsa","11":"product_tag-inem","12":"product_tag-kit","13":"product_tag-mala","14":"product_tag-tatico","16":"first","17":"instock","18":"shipping-taxable","19":"purchasable","20":"product-type-variable"},"aioseo_notices":[],"jetpack_sharing_enabled":true,"_links":{"self":[{"href":"https:\/\/milicia-pro.com\/index.php\/wp-json\/wp\/v2\/product\/31600","targetHints":{"allow":["GET"]}}],"collection":[{"href":"https:\/\/milicia-pro.com\/index.php\/wp-json\/wp\/v2\/product"}],"about":[{"href":"https:\/\/milicia-pro.com\/index.php\/wp-json\/wp\/v2\/types\/product"}],"replies":[{"embeddable":true,"href":"https:\/\/milicia-pro.com\/index.php\/wp-json\/wp\/v2\/comments?post=31600"}],"wp:featuredmedia":[{"embeddable":true,"href":"https:\/\/milicia-pro.com\/index.php\/wp-json\/wp\/v2\/media\/31693"}],"wp:attachment":[{"href":"https:\/\/milicia-pro.com\/index.php\/wp-json\/wp\/v2\/media?parent=31600"}],"wp:term":[{"taxonomy":"product_brand","embeddable":true,"href":"https:\/\/milicia-pro.com\/index.php\/wp-json\/wp\/v2\/product_brand?post=31600"},{"taxonomy":"product_cat","embeddable":true,"href":"https:\/\/milicia-pro.com\/index.php\/wp-json\/wp\/v2\/product_cat?post=31600"},{"taxonomy":"product_tag","embeddable":true,"href":"https:\/\/milicia-pro.com\/index.php\/wp-json\/wp\/v2\/product_tag?post=31600"}],"curies":[{"name":"wp","href":"https:\/\/api.w.org\/{rel}","templated":true}]}}