{"id":31598,"date":"2022-09-01T17:17:56","date_gmt":"2022-09-01T17:17:56","guid":{"rendered":"https:\/\/milicia-pro.com\/?post_type=product&#038;p=31598"},"modified":"2025-07-27T13:09:46","modified_gmt":"2025-07-27T13:09:46","slug":"bolsa-kit-de-trauma","status":"publish","type":"product","link":"https:\/\/milicia-pro.com\/index.php\/product\/bolsa-kit-de-trauma\/","title":{"rendered":"BOLSA KIT DE TRAUMA"},"content":{"rendered":"<div style=\"width: 1020px;\" class=\"wp-video\"><video class=\"wp-video-shortcode\" id=\"video-31598-1\" width=\"1020\" height=\"574\" preload=\"metadata\" controls=\"controls\"><source type=\"video\/mp4\" src=\"https:\/\/miliciapro.com\/wp-content\/uploads\/2020\/03\/The-Large-Jump-Bag-180045-Trauma-Kit.mp4?_=1\" \/><a href=\"https:\/\/miliciapro.com\/wp-content\/uploads\/2020\/03\/The-Large-Jump-Bag-180045-Trauma-Kit.mp4\">https:\/\/miliciapro.com\/wp-content\/uploads\/2020\/03\/The-Large-Jump-Bag-180045-Trauma-Kit.mp4<\/a><\/video><\/div>\n<p>A bolsa Kit trauma foi refinado, permitindo que todos o material m\u00e9dico para o efeito esteja devidamente arrumado neste kit.<\/p>\n<p>Apresenta uma cor laranja brilhante e a fita de nome DotTac para f\u00e1cil localiza\u00e7\u00e3o.<\/p>\n<p>Dimens\u00f5es: 22,8cm x 29,2cm x \u00a07,6cm; \u00e1rea de fita para nome de 15,2cm x 2,5cm; puxador dos fechos com grande dimens\u00e3o; pega superior.<\/p>\n<p><img loading=\"lazy\" decoding=\"async\" class=\"size-full wp-image-17074 alignleft\" src=\"https:\/\/miliciapro.com\/wp-content\/uploads\/2020\/03\/180045-10.png\" alt=\"\" width=\"208\" height=\"145\" \/><\/p>\n<p>&nbsp;<\/p>\n<p><strong>UMA ORDEM<\/strong><\/p>\n<p>A organiza\u00e7\u00e3o interna do kit de Trauma mant\u00e9m todo o material devidamente acondicionado.<\/p>\n<p>&nbsp;<\/p>\n<p>&nbsp;<\/p>\n<p><img loading=\"lazy\" decoding=\"async\" class=\"size-full wp-image-17075 alignleft\" src=\"https:\/\/miliciapro.com\/wp-content\/uploads\/2020\/03\/180045-11.png\" alt=\"\" width=\"209\" height=\"145\" \/><\/p>\n<p>&nbsp;<\/p>\n<p><strong>PRONTO PARA TUDO<\/strong><\/p>\n<p>O Kit de Trauma est\u00e1 preparado para socorrer v\u00e1rios tipos de ferimentos.<\/p>\n<p>&nbsp;<\/p>\n<p>&nbsp;<\/p>\n<p><img loading=\"lazy\" decoding=\"async\" class=\"size-medium wp-image-17076 alignleft\" src=\"https:\/\/miliciapro.com\/wp-content\/uploads\/2020\/03\/180045-12.png\" alt=\"\" width=\"207\" height=\"144\" \/><\/p>\n<p><strong>F\u00c1CIL DE IDENTIFICAR<\/strong><\/p>\n<p>Este kit \u00e9 de cor laranja, permitindo que os utilizadores encontrem rapidamente o seu kit ou o possam descrever a outra pessoa. Tem uma fita DotTac que permite a sua personaliza\u00e7\u00e3o.<\/p>\n","protected":false},"excerpt":{"rendered":"<p>Brevemente Dispon\u00edvel<\/p>\n","protected":false},"featured_media":31681,"comment_status":"open","ping_status":"closed","template":"","meta":{"_monsterinsights_skip_tracking":false,"_monsterinsights_sitenote_active":false,"_monsterinsights_sitenote_note":"","_monsterinsights_sitenote_category":0},"product_brand":[],"product_cat":[1066,830,829,1113],"product_tag":[525,185,205,574,296,326],"class_list":{"0":"post-31598","1":"product","2":"type-product","3":"status-publish","4":"has-post-thumbnail","6":"product_cat-medical","7":"product_cat-firsttactical","8":"product_cat-marcas","9":"product_cat-transporte-e-organizacao","10":"product_tag-inem","11":"product_tag-kit","12":"product_tag-mala","13":"product_tag-medico","14":"product_tag-saco","15":"product_tag-tatico","17":"first","18":"instock","19":"shipping-taxable","20":"purchasable","21":"product-type-variable"},"aioseo_notices":[],"jetpack_sharing_enabled":true,"_links":{"self":[{"href":"https:\/\/milicia-pro.com\/index.php\/wp-json\/wp\/v2\/product\/31598","targetHints":{"allow":["GET"]}}],"collection":[{"href":"https:\/\/milicia-pro.com\/index.php\/wp-json\/wp\/v2\/product"}],"about":[{"href":"https:\/\/milicia-pro.com\/index.php\/wp-json\/wp\/v2\/types\/product"}],"replies":[{"embeddable":true,"href":"https:\/\/milicia-pro.com\/index.php\/wp-json\/wp\/v2\/comments?post=31598"}],"wp:featuredmedia":[{"embeddable":true,"href":"https:\/\/milicia-pro.com\/index.php\/wp-json\/wp\/v2\/media\/31681"}],"wp:attachment":[{"href":"https:\/\/milicia-pro.com\/index.php\/wp-json\/wp\/v2\/media?parent=31598"}],"wp:term":[{"taxonomy":"product_brand","embeddable":true,"href":"https:\/\/milicia-pro.com\/index.php\/wp-json\/wp\/v2\/product_brand?post=31598"},{"taxonomy":"product_cat","embeddable":true,"href":"https:\/\/milicia-pro.com\/index.php\/wp-json\/wp\/v2\/product_cat?post=31598"},{"taxonomy":"product_tag","embeddable":true,"href":"https:\/\/milicia-pro.com\/index.php\/wp-json\/wp\/v2\/product_tag?post=31598"}],"curies":[{"name":"wp","href":"https:\/\/api.w.org\/{rel}","templated":true}]}}