{"id":31593,"date":"2022-09-01T17:17:56","date_gmt":"2022-09-01T17:17:56","guid":{"rendered":"https:\/\/milicia-pro.com\/?post_type=product&#038;p=31593"},"modified":"2025-03-11T12:06:11","modified_gmt":"2025-03-11T12:06:11","slug":"saco-inem-bls-jump-md","status":"publish","type":"product","link":"https:\/\/milicia-pro.com\/index.php\/product\/saco-inem-bls-jump-md\/","title":{"rendered":"SACO INEM BLS JUMP (MD)"},"content":{"rendered":"<p>O saco BLS JUMP de tamanho m\u00e9dio \u00e9 resistente e permite que os socorristas concluam as suas emerg\u00eancias com efici\u00eancia.<\/p>\n<p>Ideal para uma configura\u00e7\u00e3o BLS, o saco da First Tactical foi constru\u00eddo atrav\u00e9s de informa\u00e7\u00f5es dadas pelos operacionais e socorristas para criar um saco que revolucionar\u00e1 a ind\u00fastria destes sacos para o INEM.<\/p>\n<p>Moldagem interior em TPU HD de 5cm, abertura do saco e no seu interior com sistema de velcro.<\/p>\n<p>Tamanho de 55,8cm x 25,4cm x 25,4cm. Capacidade de 31,8Litros.<\/p>\n<p><iframe loading=\"lazy\" title=\"The Large Jump Bag\" width=\"1020\" height=\"574\" src=\"https:\/\/www.youtube.com\/embed\/PwiyeyMmsRo?feature=oembed\" frameborder=\"0\" allow=\"accelerometer; autoplay; clipboard-write; encrypted-media; gyroscope; picture-in-picture\" allowfullscreen><\/iframe><\/p>\n<p><img loading=\"lazy\" decoding=\"async\" class=\"size-full wp-image-17042 alignleft\" src=\"https:\/\/miliciapro.com\/wp-content\/uploads\/2020\/03\/180039-10.png\" alt=\"\" width=\"202\" height=\"143\" \/><\/p>\n<p>&nbsp;<\/p>\n<p><strong>PARTE INFERIOR MOLDADA EM BORRACHA<\/strong><\/p>\n<p>O saco JUMP apresenta um fundo em borracha moldado por injec\u00e7\u00e3o, permitindo ao utilizador, numa situa\u00e7\u00e3o de emerg\u00eancia, poder colocar o saco no ch\u00e3o sem ter de se preocupar com o estado do pavimento. O fundo \u00e9 imperme\u00e1vel e f\u00e1cil de limpar, permitindo assim proceder de imediato \u00e0 descontamina\u00e7\u00e3o.<\/p>\n<p><img loading=\"lazy\" decoding=\"async\" class=\"size-full wp-image-17043 alignleft\" src=\"https:\/\/miliciapro.com\/wp-content\/uploads\/2020\/03\/180039-11.png\" alt=\"\" width=\"199\" height=\"147\" \/><\/p>\n<p>&nbsp;<\/p>\n<p><strong>EXTERIOR F\u00c1CIL DE LIMPEZA<\/strong><\/p>\n<p>Durante todo o processo de design, a First Tactical garantiu que tudo, desde o tecido at\u00e9 as correias, fosse f\u00e1cil de limpar e manter descontaminado eficazmente.<\/p>\n<p>&nbsp;<\/p>\n<p><img loading=\"lazy\" decoding=\"async\" class=\"size-medium wp-image-17044 alignleft\" src=\"https:\/\/miliciapro.com\/wp-content\/uploads\/2020\/03\/180039-12.png\" alt=\"\" width=\"199\" height=\"148\" \/><\/p>\n<p><strong>SILHUETA SIMPLES<\/strong><\/p>\n<p>A maioria dos sacos do INEM sofrem rasgos nos bolsos e danos nos fechos. Este saco t\u00e1ctico apresenta uma forma simples, pretendendo assim eliminar esses poss\u00edveis problemas que inevitavelmente acontecem devido ao uso frequente e di\u00e1rio.<\/p>\n","protected":false},"excerpt":{"rendered":"<p>O saco BLS JUMP de tamanho m\u00e9dio \u00e9 resistente e permite que os socorristas concluam as suas emerg\u00eancias com efici\u00eancia. Ideal para uma configura\u00e7\u00e3o BLS, o saco da First Tactical foi constru\u00eddo atrav\u00e9s de informa\u00e7\u00f5es dadas pelos operacionais e socorristas para criar um saco que revolucionar\u00e1 a ind\u00fastria destes sacos para o INEM. Moldagem interior [&#8230;]\n","protected":false},"featured_media":31653,"comment_status":"open","ping_status":"closed","template":"","meta":{"_monsterinsights_skip_tracking":false,"_monsterinsights_sitenote_active":false,"_monsterinsights_sitenote_note":"","_monsterinsights_sitenote_category":0},"product_brand":[],"product_cat":[1066,830,829,1113],"product_tag":[525,205,296,326],"class_list":{"0":"post-31593","1":"product","2":"type-product","3":"status-publish","4":"has-post-thumbnail","6":"product_cat-medical","7":"product_cat-firsttactical","8":"product_cat-marcas","9":"product_cat-transporte-e-organizacao","10":"product_tag-inem","11":"product_tag-mala","12":"product_tag-saco","13":"product_tag-tatico","15":"first","16":"instock","17":"shipping-taxable","18":"purchasable","19":"product-type-variable"},"aioseo_notices":[],"jetpack_sharing_enabled":true,"_links":{"self":[{"href":"https:\/\/milicia-pro.com\/index.php\/wp-json\/wp\/v2\/product\/31593","targetHints":{"allow":["GET"]}}],"collection":[{"href":"https:\/\/milicia-pro.com\/index.php\/wp-json\/wp\/v2\/product"}],"about":[{"href":"https:\/\/milicia-pro.com\/index.php\/wp-json\/wp\/v2\/types\/product"}],"replies":[{"embeddable":true,"href":"https:\/\/milicia-pro.com\/index.php\/wp-json\/wp\/v2\/comments?post=31593"}],"wp:featuredmedia":[{"embeddable":true,"href":"https:\/\/milicia-pro.com\/index.php\/wp-json\/wp\/v2\/media\/31653"}],"wp:attachment":[{"href":"https:\/\/milicia-pro.com\/index.php\/wp-json\/wp\/v2\/media?parent=31593"}],"wp:term":[{"taxonomy":"product_brand","embeddable":true,"href":"https:\/\/milicia-pro.com\/index.php\/wp-json\/wp\/v2\/product_brand?post=31593"},{"taxonomy":"product_cat","embeddable":true,"href":"https:\/\/milicia-pro.com\/index.php\/wp-json\/wp\/v2\/product_cat?post=31593"},{"taxonomy":"product_tag","embeddable":true,"href":"https:\/\/milicia-pro.com\/index.php\/wp-json\/wp\/v2\/product_tag?post=31593"}],"curies":[{"name":"wp","href":"https:\/\/api.w.org\/{rel}","templated":true}]}}