{"id":31588,"date":"2022-09-01T17:17:55","date_gmt":"2022-09-01T17:17:55","guid":{"rendered":"https:\/\/milicia-pro.com\/?post_type=product&#038;p=31588"},"modified":"2025-07-03T10:29:36","modified_gmt":"2025-07-03T10:29:36","slug":"bolsa-para-kit-respiratorio","status":"publish","type":"product","link":"https:\/\/milicia-pro.com\/index.php\/product\/bolsa-para-kit-respiratorio\/","title":{"rendered":"BOLSA PARA KIT RESPIRAT\u00d3RIO"},"content":{"rendered":"<div style=\"width: 1020px;\" class=\"wp-video\"><video class=\"wp-video-shortcode\" id=\"video-31588-1\" width=\"1020\" height=\"574\" preload=\"metadata\" controls=\"controls\"><source type=\"video\/mp4\" src=\"https:\/\/miliciapro.com\/wp-content\/uploads\/2020\/03\/The-Large-Jump-Bag-180041-Airway-Kit.mp4?_=1\" \/><a href=\"https:\/\/miliciapro.com\/wp-content\/uploads\/2020\/03\/The-Large-Jump-Bag-180041-Airway-Kit.mp4\">https:\/\/miliciapro.com\/wp-content\/uploads\/2020\/03\/The-Large-Jump-Bag-180041-Airway-Kit.mp4<\/a><\/video><\/div>\n<p>A bolsa para acondicionar um kit m\u00e9dico para material respirat\u00f3rio possui bolsas de malha individuais.<\/p>\n<p>Esta bolsa em estilo de livro, permite acondicionar todo o material necess\u00e1rio inclusive uma maneira de prender os 2 f\u00f3rceps.<\/p>\n<p>Apresentado com a cor azul brilhante para f\u00e1cil e r\u00e1pida identifica\u00e7\u00e3o.<\/p>\n<p><strong>Dimens\u00f5es:<\/strong> 22,8cm x 29,2cm x 7,6cm.<\/p>\n<p>\u00c1rea de fita com velcro no exterior para identificar com 15,2cm x 2,5cm. Abertura em fecho e de grande amplitude.<\/p>\n<p><img loading=\"lazy\" decoding=\"async\" class=\"size-medium wp-image-17009 alignleft\" src=\"https:\/\/miliciapro.com\/wp-content\/uploads\/2020\/03\/180041-10.png\" alt=\"\" width=\"210\" height=\"141\" \/><\/p>\n<p>&nbsp;<\/p>\n<p><strong>COLOCA\u00c7\u00c3O AVAN\u00c7ADA DA BOLSA<\/strong><\/p>\n<p>O kit respirat\u00f3rio apresenta bolsas de malha individuais que fornecem espa\u00e7o ideal para 5 l\u00e2minas Miller e Mac<\/p>\n<p>&nbsp;<\/p>\n<p>&nbsp;<\/p>\n<p><img loading=\"lazy\" decoding=\"async\" class=\"wp-image-17010 alignleft\" style=\"font-size: 14.4px\" src=\"https:\/\/miliciapro.com\/wp-content\/uploads\/2020\/03\/180041-11.png\" alt=\"\" width=\"206\" height=\"139\" \/><strong>RESERVA DE ESTILO DE LIVRO<\/strong><\/p>\n<p>Os kits tradicionais de vias a\u00e9reas s\u00e3o projetados como pacotes e tendem a ser volumosos, for\u00e7ando os utilizadores a atol\u00e1-los a um canto da bolsa. Este kit da First Tactical apresenta-se em estilo de livro, tornando a bolsa compacta e eficaz.<\/p>\n<p>&nbsp;<\/p>\n<p>&nbsp;<\/p>\n<p><img loading=\"lazy\" decoding=\"async\" class=\"size-medium wp-image-17011 alignleft\" src=\"https:\/\/miliciapro.com\/wp-content\/uploads\/2020\/03\/180041-12.png\" alt=\"\" width=\"202\" height=\"141\" \/><\/p>\n<p><strong>F\u00c1CIL DE IDENTIFICAR<\/strong><\/p>\n<p>Este kit \u00e9 de cor azul, permitindo os operadores encontrarem facilmente esta bolsa dentro do saco principal. Tamb\u00e9m pode ser facilmente identificado atrav\u00e9s da fita de nome DocTac<\/p>\n<p>&nbsp;<\/p>\n<p>&nbsp;<\/p>\n","protected":false},"excerpt":{"rendered":"<p>A bolsa para acondicionar um kit m\u00e9dico para material respirat\u00f3rio possui bolsas de malha individuais. Esta bolsa em estilo de livro, permite acondicionar todo o material necess\u00e1rio inclusive uma maneira de prender os 2 f\u00f3rceps. Apresentado com a cor azul brilhante para f\u00e1cil e r\u00e1pida identifica\u00e7\u00e3o. Dimens\u00f5es: 22,8cm x 29,2cm x 7,6cm. \u00c1rea de fita [&#8230;]\n","protected":false},"featured_media":31611,"comment_status":"open","ping_status":"closed","template":"","meta":{"_monsterinsights_skip_tracking":false,"_monsterinsights_sitenote_active":false,"_monsterinsights_sitenote_note":"","_monsterinsights_sitenote_category":0},"product_brand":[],"product_cat":[1066,830,829,1113],"product_tag":[80,525,296,306,326],"class_list":{"0":"post-31588","1":"product","2":"type-product","3":"status-publish","4":"has-post-thumbnail","6":"product_cat-medical","7":"product_cat-firsttactical","8":"product_cat-marcas","9":"product_cat-transporte-e-organizacao","10":"product_tag-bolsa","11":"product_tag-inem","12":"product_tag-saco","13":"product_tag-sobrevivencia","14":"product_tag-tatico","16":"first","17":"instock","18":"shipping-taxable","19":"purchasable","20":"product-type-variable"},"aioseo_notices":[],"jetpack_sharing_enabled":true,"_links":{"self":[{"href":"https:\/\/milicia-pro.com\/index.php\/wp-json\/wp\/v2\/product\/31588","targetHints":{"allow":["GET"]}}],"collection":[{"href":"https:\/\/milicia-pro.com\/index.php\/wp-json\/wp\/v2\/product"}],"about":[{"href":"https:\/\/milicia-pro.com\/index.php\/wp-json\/wp\/v2\/types\/product"}],"replies":[{"embeddable":true,"href":"https:\/\/milicia-pro.com\/index.php\/wp-json\/wp\/v2\/comments?post=31588"}],"wp:featuredmedia":[{"embeddable":true,"href":"https:\/\/milicia-pro.com\/index.php\/wp-json\/wp\/v2\/media\/31611"}],"wp:attachment":[{"href":"https:\/\/milicia-pro.com\/index.php\/wp-json\/wp\/v2\/media?parent=31588"}],"wp:term":[{"taxonomy":"product_brand","embeddable":true,"href":"https:\/\/milicia-pro.com\/index.php\/wp-json\/wp\/v2\/product_brand?post=31588"},{"taxonomy":"product_cat","embeddable":true,"href":"https:\/\/milicia-pro.com\/index.php\/wp-json\/wp\/v2\/product_cat?post=31588"},{"taxonomy":"product_tag","embeddable":true,"href":"https:\/\/milicia-pro.com\/index.php\/wp-json\/wp\/v2\/product_tag?post=31588"}],"curies":[{"name":"wp","href":"https:\/\/api.w.org\/{rel}","templated":true}]}}