{"id":31586,"date":"2022-09-01T17:17:55","date_gmt":"2022-09-01T17:17:55","guid":{"rendered":"https:\/\/milicia-pro.com\/?post_type=product&#038;p=31586"},"modified":"2025-07-27T12:55:58","modified_gmt":"2025-07-27T12:55:58","slug":"pasta-executive","status":"publish","type":"product","link":"https:\/\/milicia-pro.com\/index.php\/product\/pasta-executive\/","title":{"rendered":"PASTA EXECUTIVE"},"content":{"rendered":"<p>Esta pasta foi projeta com robustez e ideal para transportar assuntos de escrit\u00f3rio e foi projetada. O tecido em nylon de dupla resist\u00eancia e os fechos YKK\/Hardware Duraflex premium oferecem um exterior robusto confi\u00e1vel. Os compartimentos principais nomeadamente para a coloca\u00e7\u00e3o de um port\u00e1til, s\u00e3o acolchoados e separados para manterem o material que transporta, protegido. Projetada com 3 bolsos internos, um bolso pr\u00f3prio para transportar uma garrafa de \u00e1gua. Dimens\u00f5es do compartimento principal: 41,9cm x 26,7cm x 13,3cm. Dimens\u00f5es do compartimento para o computador: 41,9cm x 26,7cm x 3,2cm, bolsos frontais de 21cm x 22,9cm x 4,4cm. Com capacidade aproximada para 26 litros e de peso 1,2Kg. Apresenta 8 bolsos externos e 8 internos. Constru\u00eddo em Nylon 1000D e fechos YKK Hardeware Duraflex.<\/p>\n<p><iframe loading=\"lazy\" title=\"First Tactical&#039;s Executive Briefcase\" width=\"1020\" height=\"574\" src=\"https:\/\/www.youtube.com\/embed\/PkoykKFfEGc?feature=oembed\" frameborder=\"0\" allow=\"accelerometer; autoplay; clipboard-write; encrypted-media; gyroscope; picture-in-picture; web-share\" referrerpolicy=\"strict-origin-when-cross-origin\" allowfullscreen><\/iframe><\/p>\n<p><img loading=\"lazy\" decoding=\"async\" class=\"alignnone size-medium wp-image-16992\" src=\"https:\/\/miliciapro.com\/wp-content\/uploads\/2020\/03\/UNADJUSTEDNONRAW_thumb_129-599x400.jpg\" alt=\"\" width=\"599\" height=\"400\" \/><\/p>\n<p><img loading=\"lazy\" decoding=\"async\" class=\"size-full wp-image-16988 alignleft\" src=\"https:\/\/miliciapro.com\/wp-content\/uploads\/2020\/03\/180002-10.png\" alt=\"\" width=\"204\" height=\"141\" \/><\/p>\n<p>&nbsp;<\/p>\n<p><strong>BOLSOS CCW OCULTO<\/strong><\/p>\n<p>Bolso oculto na parte traseira da pasta<\/p>\n<p>&nbsp;<\/p>\n<p>&nbsp;<\/p>\n<p><img loading=\"lazy\" decoding=\"async\" class=\"size-full wp-image-16989 alignleft\" src=\"https:\/\/miliciapro.com\/wp-content\/uploads\/2020\/03\/180002-11.png\" alt=\"\" width=\"209\" height=\"151\" \/><\/p>\n<p><strong>COMPARTIMENTO PARA O PORT\u00c1TIL ACOLCHOADO<\/strong><\/p>\n<p>Transporte o seu port\u00e1til no interior deste compartimento especialmente projetado para o proteger.<\/p>\n<p>&nbsp;<\/p>\n<p>&nbsp;<\/p>\n<p>&nbsp;<\/p>\n<p><img loading=\"lazy\" decoding=\"async\" class=\"size-full wp-image-16990 alignleft\" src=\"https:\/\/miliciapro.com\/wp-content\/uploads\/2020\/03\/180002-12.png\" alt=\"\" width=\"208\" height=\"140\" \/><\/p>\n<p>&nbsp;<\/p>\n<p><strong>ABERTURA PRINCIPAL COM FECHO<\/strong><\/p>\n<p>Fechos\u00a0duplos para que possa ter uma abertura maior para poder ver melhor o seu interior<\/p>\n","protected":false},"excerpt":{"rendered":"<p>Esta pasta foi projeta com robustez e ideal para transportar assuntos de escrit\u00f3rio e foi projetada. O tecido em nylon de dupla resist\u00eancia e os fechos YKK\/Hardware Duraflex premium oferecem um exterior robusto confi\u00e1vel. Os compartimentos principais nomeadamente para a coloca\u00e7\u00e3o de um port\u00e1til, s\u00e3o acolchoados e separados para manterem o material que transporta, protegido. [&#8230;]\n","protected":false},"featured_media":31606,"comment_status":"open","ping_status":"closed","template":"","meta":{"_monsterinsights_skip_tracking":false,"_monsterinsights_sitenote_active":false,"_monsterinsights_sitenote_note":"","_monsterinsights_sitenote_category":0},"product_brand":[],"product_cat":[1107,830,829,1467],"product_tag":[80,692,699,205,236],"class_list":{"0":"post-31586","1":"product","2":"type-product","3":"status-publish","4":"has-post-thumbnail","6":"product_cat-bolsas","7":"product_cat-firsttactical","8":"product_cat-marcas","9":"product_cat-mochilas-bolsas","10":"product_tag-bolsa","11":"product_tag-computador","12":"product_tag-escritorio","13":"product_tag-mala","14":"product_tag-pasta","16":"first","17":"instock","18":"shipping-taxable","19":"purchasable","20":"product-type-variable"},"aioseo_notices":[],"jetpack_sharing_enabled":true,"_links":{"self":[{"href":"https:\/\/milicia-pro.com\/index.php\/wp-json\/wp\/v2\/product\/31586","targetHints":{"allow":["GET"]}}],"collection":[{"href":"https:\/\/milicia-pro.com\/index.php\/wp-json\/wp\/v2\/product"}],"about":[{"href":"https:\/\/milicia-pro.com\/index.php\/wp-json\/wp\/v2\/types\/product"}],"replies":[{"embeddable":true,"href":"https:\/\/milicia-pro.com\/index.php\/wp-json\/wp\/v2\/comments?post=31586"}],"wp:featuredmedia":[{"embeddable":true,"href":"https:\/\/milicia-pro.com\/index.php\/wp-json\/wp\/v2\/media\/31606"}],"wp:attachment":[{"href":"https:\/\/milicia-pro.com\/index.php\/wp-json\/wp\/v2\/media?parent=31586"}],"wp:term":[{"taxonomy":"product_brand","embeddable":true,"href":"https:\/\/milicia-pro.com\/index.php\/wp-json\/wp\/v2\/product_brand?post=31586"},{"taxonomy":"product_cat","embeddable":true,"href":"https:\/\/milicia-pro.com\/index.php\/wp-json\/wp\/v2\/product_cat?post=31586"},{"taxonomy":"product_tag","embeddable":true,"href":"https:\/\/milicia-pro.com\/index.php\/wp-json\/wp\/v2\/product_tag?post=31586"}],"curies":[{"name":"wp","href":"https:\/\/api.w.org\/{rel}","templated":true}]}}