{"id":31531,"date":"2022-09-01T17:17:14","date_gmt":"2022-09-01T17:17:14","guid":{"rendered":"https:\/\/milicia-pro.com\/?post_type=product&#038;p=31531"},"modified":"2025-07-23T15:04:19","modified_gmt":"2025-07-23T15:04:19","slug":"calcas-ems-v2-mulher","status":"publish","type":"product","link":"https:\/\/milicia-pro.com\/index.php\/product\/calcas-ems-v2-mulher\/","title":{"rendered":"CAL\u00c7AS EMS V2 MULHER"},"content":{"rendered":"<p><img loading=\"lazy\" decoding=\"async\" class=\"alignnone size-medium wp-image-22200\" src=\"https:\/\/miliciapro.com\/wp-content\/uploads\/2020\/03\/Capturar-1-263x400.png\" alt=\"\" width=\"263\" height=\"400\" \/><\/p>\n<p>&nbsp;<\/p>\n<p>A cal\u00e7a V2 EMS tem o design e a fun\u00e7\u00e3o da cal\u00e7a Velocity EMS, mas muito mais leve.<\/p>\n<p>As cal\u00e7as EMS possuem um tecido com a composi\u00e7\u00e3o micro poli\u00e9ster ripstop e algod\u00e3o, com um acabamento Teflon\u00ae Shield + costura com triplas nas zonas de maior press\u00e3o, n\u00e3o dificultando os seus movimentos.<\/p>\n<p>Com este tecido leve e camadas m\u00ednimas tornam essas cal\u00e7as t\u00e1ticas ideais para climas mais quentes.<\/p>\n<p>&nbsp;<\/p>\n<p><strong>CINTURA EL\u00c1STICA<\/strong><\/p>\n<p>&nbsp;<\/p>\n<p><img loading=\"lazy\" decoding=\"async\" class=\"alignnone size-full wp-image-16831\" src=\"https:\/\/miliciapro.com\/wp-content\/uploads\/2020\/03\/114013.2.png\" alt=\"\" width=\"211\" height=\"154\" \/><\/p>\n<div style=\"width: 1020px;\" class=\"wp-video\"><video class=\"wp-video-shortcode\" id=\"video-31531-1\" width=\"1020\" height=\"574\" preload=\"metadata\" controls=\"controls\"><source type=\"video\/mp4\" src=\"https:\/\/miliciapro.com\/wp-content\/uploads\/2020\/03\/114013-V2-EMS-PANT.mp4?_=1\" \/><a href=\"https:\/\/miliciapro.com\/wp-content\/uploads\/2020\/03\/114013-V2-EMS-PANT.mp4\">https:\/\/miliciapro.com\/wp-content\/uploads\/2020\/03\/114013-V2-EMS-PANT.mp4<\/a><\/video><\/div>\n<table width=\"768\">\n<tbody>\n<tr>\n<td colspan=\"5\" width=\"320\">Tabela de equival\u00eancia de Tamanhos Mulher<\/td>\n<td width=\"64\"><\/td>\n<td width=\"64\"><\/td>\n<td width=\"64\"><\/td>\n<td width=\"64\"><\/td>\n<td width=\"64\"><\/td>\n<td width=\"64\"><\/td>\n<td width=\"64\"><\/td>\n<\/tr>\n<tr>\n<td><\/td>\n<td><\/td>\n<td><\/td>\n<td><\/td>\n<td><\/td>\n<td><\/td>\n<td><\/td>\n<td><\/td>\n<td><\/td>\n<td><\/td>\n<td><\/td>\n<td><\/td>\n<\/tr>\n<tr>\n<td>Cintura<\/td>\n<td><\/td>\n<td><\/td>\n<td><\/td>\n<td><\/td>\n<td><\/td>\n<td><\/td>\n<td><\/td>\n<td><\/td>\n<td><\/td>\n<td><\/td>\n<td><\/td>\n<\/tr>\n<tr>\n<td><\/td>\n<td><\/td>\n<td><\/td>\n<td><\/td>\n<td><\/td>\n<td><\/td>\n<td><\/td>\n<td><\/td>\n<td><\/td>\n<td><\/td>\n<td><\/td>\n<td><\/td>\n<\/tr>\n<tr>\n<td>U.E<\/td>\n<td>30<\/td>\n<td>32<\/td>\n<td>34<\/td>\n<td>36<\/td>\n<td>38<\/td>\n<td>40<\/td>\n<td>42<\/td>\n<td>44<\/td>\n<td>46<\/td>\n<td>48<\/td>\n<td>50<\/td>\n<\/tr>\n<tr>\n<td>UK\/USA<\/td>\n<td>0<\/td>\n<td>2<\/td>\n<td>4<\/td>\n<td>6<\/td>\n<td>8<\/td>\n<td>10<\/td>\n<td>12<\/td>\n<td>14<\/td>\n<td>16<\/td>\n<td>18<\/td>\n<td>20<\/td>\n<\/tr>\n<tr>\n<td colspan=\"2\">Altura da perna<\/td>\n<td><\/td>\n<td><\/td>\n<td><\/td>\n<td><\/td>\n<td><\/td>\n<td><\/td>\n<td><\/td>\n<td><\/td>\n<td><\/td>\n<td><\/td>\n<\/tr>\n<tr>\n<td><\/td>\n<td><\/td>\n<td><\/td>\n<td><\/td>\n<td><\/td>\n<td><\/td>\n<td><\/td>\n<td><\/td>\n<td><\/td>\n<td><\/td>\n<td><\/td>\n<td><\/td>\n<\/tr>\n<tr>\n<td>Regular<\/td>\n<td>1,80m<\/td>\n<td><\/td>\n<td><\/td>\n<td><\/td>\n<td><\/td>\n<td><\/td>\n<td><\/td>\n<td><\/td>\n<td><\/td>\n<td><\/td>\n<td><\/td>\n<\/tr>\n<tr>\n<td>Long<\/td>\n<td>1,90m<\/td>\n<td><\/td>\n<td><\/td>\n<td><\/td>\n<td><\/td>\n<td><\/td>\n<td><\/td>\n<td><\/td>\n<td><\/td>\n<td><\/td>\n<td><\/td>\n<\/tr>\n<\/tbody>\n<\/table>\n","protected":false},"excerpt":{"rendered":"<p>&nbsp; A cal\u00e7a V2 EMS tem o design e a fun\u00e7\u00e3o da cal\u00e7a Velocity EMS, mas muito mais leve. As cal\u00e7as EMS possuem um tecido com a composi\u00e7\u00e3o micro poli\u00e9ster ripstop e algod\u00e3o, com um acabamento Teflon\u00ae Shield + costura com triplas nas zonas de maior press\u00e3o, n\u00e3o dificultando os seus movimentos. Com este tecido [&#8230;]\n","protected":false},"featured_media":31548,"comment_status":"open","ping_status":"closed","template":"","meta":{"_monsterinsights_skip_tracking":false,"_monsterinsights_sitenote_active":false,"_monsterinsights_sitenote_note":"","_monsterinsights_sitenote_category":0},"product_brand":[],"product_cat":[1078,830,829,1063],"product_tag":[90,145,697,525,220],"class_list":{"0":"post-31531","1":"product","2":"type-product","3":"status-publish","4":"has-post-thumbnail","6":"product_cat-calcas","7":"product_cat-firsttactical","8":"product_cat-marcas","9":"product_cat-vestuario","10":"product_tag-calca","11":"product_tag-emergencia","12":"product_tag-ems","13":"product_tag-inem","14":"product_tag-mulher","16":"first","17":"instock","18":"shipping-taxable","19":"purchasable","20":"product-type-variable"},"aioseo_notices":[],"jetpack_sharing_enabled":true,"_links":{"self":[{"href":"https:\/\/milicia-pro.com\/index.php\/wp-json\/wp\/v2\/product\/31531","targetHints":{"allow":["GET"]}}],"collection":[{"href":"https:\/\/milicia-pro.com\/index.php\/wp-json\/wp\/v2\/product"}],"about":[{"href":"https:\/\/milicia-pro.com\/index.php\/wp-json\/wp\/v2\/types\/product"}],"replies":[{"embeddable":true,"href":"https:\/\/milicia-pro.com\/index.php\/wp-json\/wp\/v2\/comments?post=31531"}],"wp:featuredmedia":[{"embeddable":true,"href":"https:\/\/milicia-pro.com\/index.php\/wp-json\/wp\/v2\/media\/31548"}],"wp:attachment":[{"href":"https:\/\/milicia-pro.com\/index.php\/wp-json\/wp\/v2\/media?parent=31531"}],"wp:term":[{"taxonomy":"product_brand","embeddable":true,"href":"https:\/\/milicia-pro.com\/index.php\/wp-json\/wp\/v2\/product_brand?post=31531"},{"taxonomy":"product_cat","embeddable":true,"href":"https:\/\/milicia-pro.com\/index.php\/wp-json\/wp\/v2\/product_cat?post=31531"},{"taxonomy":"product_tag","embeddable":true,"href":"https:\/\/milicia-pro.com\/index.php\/wp-json\/wp\/v2\/product_tag?post=31531"}],"curies":[{"name":"wp","href":"https:\/\/api.w.org\/{rel}","templated":true}]}}