{"id":31407,"date":"2022-09-01T17:15:16","date_gmt":"2022-09-01T17:15:16","guid":{"rendered":"https:\/\/milicia-pro.com\/?post_type=product&#038;p=31407"},"modified":"2025-11-06T17:57:18","modified_gmt":"2025-11-06T17:57:18","slug":"calcas-ems-v2-homem","status":"publish","type":"product","link":"https:\/\/milicia-pro.com\/index.php\/product\/calcas-ems-v2-homem\/","title":{"rendered":"CAL\u00c7AS EMS V2 HOMEM"},"content":{"rendered":"<p><img loading=\"lazy\" decoding=\"async\" class=\"alignnone size-medium wp-image-22261\" src=\"https:\/\/miliciapro.com\/wp-content\/uploads\/2020\/03\/114013.1_Black-297x400.png\" alt=\"\" width=\"297\" height=\"400\" \/><\/p>\n<p>&nbsp;<\/p>\n<p>A cal\u00e7a V2 EMS tem o design e a fun\u00e7\u00e3o da cal\u00e7a Velocity EMS, mas muito mais leve.<\/p>\n<p>As cal\u00e7as EMS possuem um tecido com a composi\u00e7\u00e3o micro poli\u00e9ster ripstop e algod\u00e3o, com um acabamento Teflon\u00ae Shield + costura com triplas nas zonas de maior press\u00e3o, n\u00e3o dificultando os seus movimentos.<\/p>\n<p>Com este tecido leve e camadas m\u00ednimas tornam essas cal\u00e7as t\u00e1ticas ideais para climas mais quentes.<\/p>\n<p>&nbsp;<\/p>\n<p><strong>CINTURA EL\u00c1STICA<\/strong><\/p>\n<p>&nbsp;<\/p>\n<p><img loading=\"lazy\" decoding=\"async\" class=\"alignnone size-full wp-image-16831\" src=\"https:\/\/miliciapro.com\/wp-content\/uploads\/2020\/03\/114013.2.png\" alt=\"\" width=\"211\" height=\"154\" \/><\/p>\n<p>https:\/\/youtu.be\/Kf7flZYfiA8<\/p>\n<ul class=\"expand mobile-collapse\">\n<li style=\"list-style-type: none\" data-open-accessibility-text-original=\"14px\">\n<table style=\"border-collapse: collapse;width: 624pt\" border=\"0\" width=\"832\" cellspacing=\"0\" cellpadding=\"0\">\n<tbody>\n<tr style=\"height: 15.0pt\">\n<td style=\"height: 15.0pt;width: 48pt\" width=\"64\" height=\"20\">US<\/td>\n<td class=\"xl65\" style=\"width: 48pt\" align=\"right\" width=\"64\">28<\/td>\n<td class=\"xl65\" style=\"border-left: none;width: 48pt\" align=\"right\" width=\"64\">30<\/td>\n<td class=\"xl65\" style=\"border-left: none;width: 48pt\" align=\"right\" width=\"64\">32<\/td>\n<td class=\"xl65\" style=\"border-left: none;width: 48pt\" align=\"right\" width=\"64\">34<\/td>\n<td class=\"xl65\" style=\"border-left: none;width: 48pt\" align=\"right\" width=\"64\">36<\/td>\n<td class=\"xl65\" style=\"border-left: none;width: 48pt\" align=\"right\" width=\"64\">38<\/td>\n<td class=\"xl65\" style=\"border-left: none;width: 48pt\" align=\"right\" width=\"64\">40<\/td>\n<td class=\"xl65\" style=\"border-left: none;width: 48pt\" align=\"right\" width=\"64\">42<\/td>\n<td class=\"xl65\" style=\"border-left: none;width: 48pt\" align=\"right\" width=\"64\">44<\/td>\n<td class=\"xl65\" style=\"border-left: none;width: 48pt\" align=\"right\" width=\"64\">46<\/td>\n<td class=\"xl65\" style=\"border-left: none;width: 48pt\" align=\"right\" width=\"64\">48<\/td>\n<td class=\"xl65\" style=\"border-left: none;width: 48pt\" align=\"right\" width=\"64\">50<\/td>\n<\/tr>\n<tr style=\"height: 15.0pt\">\n<td style=\"height: 15.0pt\" height=\"20\">EU<\/td>\n<td class=\"xl65\" style=\"border-top: none\" align=\"right\">38<\/td>\n<td class=\"xl65\" style=\"border-top: none;border-left: none\" align=\"right\">40<\/td>\n<td class=\"xl65\" style=\"border-top: none;border-left: none\" align=\"right\">42<\/td>\n<td class=\"xl65\" style=\"border-top: none;border-left: none\" align=\"right\">44<\/td>\n<td class=\"xl65\" style=\"border-top: none;border-left: none\" align=\"right\">46<\/td>\n<td class=\"xl65\" style=\"border-top: none;border-left: none\" align=\"right\">48<\/td>\n<td class=\"xl65\" style=\"border-top: none;border-left: none\" align=\"right\">50<\/td>\n<td class=\"xl65\" style=\"border-top: none;border-left: none\" align=\"right\">52<\/td>\n<td class=\"xl65\" style=\"border-top: none;border-left: none\" align=\"right\">54<\/td>\n<td class=\"xl65\" style=\"border-top: none;border-left: none\" align=\"right\">56<\/td>\n<td class=\"xl65\" style=\"border-top: none;border-left: none\" align=\"right\">58<\/td>\n<td class=\"xl65\" style=\"border-top: none;border-left: none\" align=\"right\">60<\/td>\n<\/tr>\n<tr style=\"height: 15.0pt\">\n<td style=\"height: 15.0pt\" height=\"20\"><\/td>\n<td><\/td>\n<td><\/td>\n<td><\/td>\n<td><\/td>\n<td><\/td>\n<td><\/td>\n<td><\/td>\n<td><\/td>\n<td><\/td>\n<td><\/td>\n<td><\/td>\n<td><\/td>\n<\/tr>\n<tr style=\"height: 15.0pt\">\n<td style=\"height: 15.0pt\" height=\"20\"><\/td>\n<td class=\"xl67\" style=\"border-right: .5pt solid black\" colspan=\"2\">S<\/td>\n<td class=\"xl66\" style=\"border-left: none\" colspan=\"2\">M<\/td>\n<td class=\"xl67\" style=\"border-right: .5pt solid black;border-left: none\" colspan=\"2\">L<\/td>\n<td class=\"xl67\" style=\"border-right: .5pt solid black;border-left: none\" colspan=\"2\">XL<\/td>\n<td class=\"xl66\" style=\"border-left: none\" colspan=\"2\">2XL<\/td>\n<td class=\"xl66\" style=\"border-left: none\" colspan=\"2\">3XL<\/td>\n<\/tr>\n<\/tbody>\n<\/table>\n<table width=\"192\">\n<tbody>\n<tr>\n<td colspan=\"2\" width=\"128\"><strong>Altura Perna<\/strong><\/td>\n<td width=\"64\"><\/td>\n<\/tr>\n<tr>\n<td><\/td>\n<td><\/td>\n<td><\/td>\n<\/tr>\n<tr>\n<td>1,60m<\/td>\n<td>30<\/td>\n<td>Short<\/td>\n<\/tr>\n<tr>\n<td>1,70m<\/td>\n<td>32<\/td>\n<td>Short<\/td>\n<\/tr>\n<tr>\n<td>1,80m<\/td>\n<td>34<\/td>\n<td>Regular<\/td>\n<\/tr>\n<tr>\n<td>1,90m<\/td>\n<td>36<\/td>\n<td>Long<\/td>\n<\/tr>\n<\/tbody>\n<\/table>\n<\/li>\n<\/ul>\n","protected":false},"excerpt":{"rendered":"<p>&nbsp; A cal\u00e7a V2 EMS tem o design e a fun\u00e7\u00e3o da cal\u00e7a Velocity EMS, mas muito mais leve. As cal\u00e7as EMS possuem um tecido com a composi\u00e7\u00e3o micro poli\u00e9ster ripstop e algod\u00e3o, com um acabamento Teflon\u00ae Shield + costura com triplas nas zonas de maior press\u00e3o, n\u00e3o dificultando os seus movimentos. Com este tecido [&#8230;]\n","protected":false},"featured_media":31468,"comment_status":"open","ping_status":"closed","template":"","meta":{"_monsterinsights_skip_tracking":false,"_monsterinsights_sitenote_active":false,"_monsterinsights_sitenote_note":"","_monsterinsights_sitenote_category":0},"product_brand":[],"product_cat":[1078,830,829,1063],"product_tag":[90,145,697,169,525,209,523],"class_list":{"0":"post-31407","1":"product","2":"type-product","3":"status-publish","4":"has-post-thumbnail","6":"product_cat-calcas","7":"product_cat-firsttactical","8":"product_cat-marcas","9":"product_cat-vestuario","10":"product_tag-calca","11":"product_tag-emergencia","12":"product_tag-ems","13":"product_tag-homem","14":"product_tag-inem","15":"product_tag-medica","16":"product_tag-uniforme","18":"first","19":"instock","20":"shipping-taxable","21":"purchasable","22":"product-type-variable"},"aioseo_notices":[],"jetpack_sharing_enabled":true,"_links":{"self":[{"href":"https:\/\/milicia-pro.com\/index.php\/wp-json\/wp\/v2\/product\/31407","targetHints":{"allow":["GET"]}}],"collection":[{"href":"https:\/\/milicia-pro.com\/index.php\/wp-json\/wp\/v2\/product"}],"about":[{"href":"https:\/\/milicia-pro.com\/index.php\/wp-json\/wp\/v2\/types\/product"}],"replies":[{"embeddable":true,"href":"https:\/\/milicia-pro.com\/index.php\/wp-json\/wp\/v2\/comments?post=31407"}],"wp:featuredmedia":[{"embeddable":true,"href":"https:\/\/milicia-pro.com\/index.php\/wp-json\/wp\/v2\/media\/31468"}],"wp:attachment":[{"href":"https:\/\/milicia-pro.com\/index.php\/wp-json\/wp\/v2\/media?parent=31407"}],"wp:term":[{"taxonomy":"product_brand","embeddable":true,"href":"https:\/\/milicia-pro.com\/index.php\/wp-json\/wp\/v2\/product_brand?post=31407"},{"taxonomy":"product_cat","embeddable":true,"href":"https:\/\/milicia-pro.com\/index.php\/wp-json\/wp\/v2\/product_cat?post=31407"},{"taxonomy":"product_tag","embeddable":true,"href":"https:\/\/milicia-pro.com\/index.php\/wp-json\/wp\/v2\/product_tag?post=31407"}],"curies":[{"name":"wp","href":"https:\/\/api.w.org\/{rel}","templated":true}]}}