{"id":31401,"date":"2022-09-01T17:15:15","date_gmt":"2022-09-01T17:15:15","guid":{"rendered":"https:\/\/milicia-pro.com\/?post_type=product&#038;p=31401"},"modified":"2025-07-27T13:04:58","modified_gmt":"2025-07-27T13:04:58","slug":"mala-tactica-trolley-90lts","status":"publish","type":"product","link":"https:\/\/milicia-pro.com\/index.php\/product\/mala-tactica-trolley-90lts\/","title":{"rendered":"MALA T\u00c1CTICA TROLLEY 90LTS"},"content":{"rendered":"<p>A SPECIALIST ROLLING DUFFFLE \u00e9 uma mochila t\u00e1tica ideal para miss\u00f5es mais longas.<\/p>\n<p>Esta mala apresenta uma constru\u00e7\u00e3o de nylon 1000D\/1680D, com rodas de grandes dimens\u00f5es HD, placas de skid de canto, fundo e laterais refor\u00e7adas.<\/p>\n<p><strong>Dimens\u00f5es do compartimento principal:<\/strong> 73cm x 38cm x 26cm.<\/p>\n<p><strong>Bolso lateral direito:<\/strong> 18cm x 26cm x 2cm.<\/p>\n<p><strong>Bolso lateral esquerdo:<\/strong> 28,5cm x 26cm x 2cm.<\/p>\n<p><strong>Bolso plano lateral esquerdo:<\/strong> 73cm x 26cm.<\/p>\n<p><strong>Bolso plano lateral direito:<\/strong> 32cm x 25cm.<\/p>\n<p>Com capacidade para 90litros, 2 bolsos externos, 3 al\u00e7as para transporte, externo e 1 bolso interno com fecho.<\/p>\n<p><img loading=\"lazy\" decoding=\"async\" class=\"alignnone size-medium wp-image-16827\" src=\"https:\/\/miliciapro.com\/wp-content\/uploads\/2020\/03\/UNADJUSTEDNONRAW_thumb_1c-267x400.jpg\" alt=\"\" width=\"267\" height=\"400\" \/><\/p>\n<p><img loading=\"lazy\" decoding=\"async\" class=\"size-medium wp-image-16808 alignleft\" src=\"https:\/\/miliciapro.com\/wp-content\/uploads\/2020\/03\/180022-10.png\" alt=\"\" width=\"205\" height=\"142\" \/><\/p>\n<p>&nbsp;<\/p>\n<p><strong>SISTEMA DE FECHO DOBR\u00c1VEL<\/strong><\/p>\n<p>O sistema de arma\u00e7\u00e3o dobr\u00e1vel da First Tactical permite que o Rolling Duffle n\u00e3o se danifique. \u00c9 um sistema robusto.<\/p>\n<p>&nbsp;<\/p>\n<p><img loading=\"lazy\" decoding=\"async\" class=\"size-medium wp-image-16809 alignleft\" src=\"https:\/\/miliciapro.com\/wp-content\/uploads\/2020\/03\/180022-11.png\" alt=\"\" width=\"206\" height=\"147\" \/><\/p>\n<p>&nbsp;<\/p>\n<p><strong>TRANSPORTE NO AEROPORTO<\/strong><\/p>\n<p>As mochilas tradicionais com rodas pesam entre 4,5Kg e 7Kg. O limite nas companhias a\u00e9reas \u00e9 de 18Kg, pelo que o utilizador deste tipo de mochilas n\u00e3o tem muita flexibilidade. A Specialist Rolling Duffle pesa menos de 4,5Kg, permitindo que os profissionais evitem sacrificar 25%\u00a0 do seu limite de transporte antes de embalar.<\/p>\n<p>&nbsp;<\/p>\n<p><img loading=\"lazy\" decoding=\"async\" class=\"size-full wp-image-16810 alignleft\" src=\"https:\/\/miliciapro.com\/wp-content\/uploads\/2020\/03\/180022-12.png\" alt=\"\" width=\"205\" height=\"135\" \/><\/p>\n<p>&nbsp;<\/p>\n<p><strong>HARDWARE ROBUSTO<\/strong><\/p>\n<p>A Specialist Rolling Duffle est\u00e1 entre as malas mais dur\u00e1veis no mercado. As rodas planas de grandes dimens\u00f5es s\u00e3o perfeitas para rolar em todo o tipo de pavimentos. Apresenta os cantos refor\u00e7ados para proteger quando circula em locais com pavimento mais acidentados. Tem al\u00e7as espessas, sendo fortes o suficiente para suportar cargas t\u00e1ticas mais pesadas.<\/p>\n","protected":false},"excerpt":{"rendered":"<p>Brevemente Dispon\u00edvel<\/p>\n","protected":false},"featured_media":31456,"comment_status":"open","ping_status":"closed","template":"","meta":{"_monsterinsights_skip_tracking":false,"_monsterinsights_sitenote_active":false,"_monsterinsights_sitenote_note":"","_monsterinsights_sitenote_category":0},"product_brand":[],"product_cat":[830,1341,829,1467],"product_tag":[205,364],"class_list":{"0":"post-31401","1":"product","2":"type-product","3":"status-publish","4":"has-post-thumbnail","6":"product_cat-firsttactical","7":"product_cat-mala","8":"product_cat-marcas","9":"product_cat-mochilas-bolsas","10":"product_tag-mala","11":"product_tag-viagem","13":"first","14":"instock","15":"shipping-taxable","16":"purchasable","17":"product-type-variable"},"aioseo_notices":[],"jetpack_sharing_enabled":true,"_links":{"self":[{"href":"https:\/\/milicia-pro.com\/index.php\/wp-json\/wp\/v2\/product\/31401","targetHints":{"allow":["GET"]}}],"collection":[{"href":"https:\/\/milicia-pro.com\/index.php\/wp-json\/wp\/v2\/product"}],"about":[{"href":"https:\/\/milicia-pro.com\/index.php\/wp-json\/wp\/v2\/types\/product"}],"replies":[{"embeddable":true,"href":"https:\/\/milicia-pro.com\/index.php\/wp-json\/wp\/v2\/comments?post=31401"}],"wp:featuredmedia":[{"embeddable":true,"href":"https:\/\/milicia-pro.com\/index.php\/wp-json\/wp\/v2\/media\/31456"}],"wp:attachment":[{"href":"https:\/\/milicia-pro.com\/index.php\/wp-json\/wp\/v2\/media?parent=31401"}],"wp:term":[{"taxonomy":"product_brand","embeddable":true,"href":"https:\/\/milicia-pro.com\/index.php\/wp-json\/wp\/v2\/product_brand?post=31401"},{"taxonomy":"product_cat","embeddable":true,"href":"https:\/\/milicia-pro.com\/index.php\/wp-json\/wp\/v2\/product_cat?post=31401"},{"taxonomy":"product_tag","embeddable":true,"href":"https:\/\/milicia-pro.com\/index.php\/wp-json\/wp\/v2\/product_tag?post=31401"}],"curies":[{"name":"wp","href":"https:\/\/api.w.org\/{rel}","templated":true}]}}