{"id":31393,"date":"2022-09-01T17:15:15","date_gmt":"2022-09-01T17:15:15","guid":{"rendered":"https:\/\/milicia-pro.com\/?post_type=product&#038;p=31393"},"modified":"2025-06-04T17:31:57","modified_gmt":"2025-06-04T17:31:57","slug":"bone-uniforme","status":"publish","type":"product","link":"https:\/\/milicia-pro.com\/index.php\/product\/bone-uniforme\/","title":{"rendered":"BON\u00c9 UNIFORME"},"content":{"rendered":"<p><img loading=\"lazy\" decoding=\"async\" class=\"alignnone size-medium wp-image-16754\" src=\"https:\/\/miliciapro.com\/wp-content\/uploads\/2020\/03\/category_header_hats-800x233.png\" alt=\"\" width=\"800\" height=\"233\" \/><\/p>\n<p>&nbsp;<\/p>\n<p>&nbsp;<\/p>\n<ul>\n<li>Aba curva alta<\/li>\n<li>Tecido Rip Stop\u00ae<\/li>\n<li>Ilh\u00f3s bordados na coroa para ventila\u00e7\u00e3o<\/li>\n<li>Tamanho \u00fanico<\/li>\n<\/ul>\n<p>&nbsp;<\/p>\n<p>&nbsp;<\/p>\n<p><img loading=\"lazy\" decoding=\"async\" class=\"alignnone size-medium wp-image-16791\" src=\"https:\/\/miliciapro.com\/wp-content\/uploads\/2020\/03\/142012-800x317.jpg\" alt=\"\" width=\"800\" height=\"317\" \/><\/p>\n","protected":false},"excerpt":{"rendered":"<p>&nbsp; &nbsp; Aba curva alta Tecido Rip Stop\u00ae Ilh\u00f3s bordados na coroa para ventila\u00e7\u00e3o Tamanho \u00fanico &nbsp; &nbsp;<\/p>\n","protected":false},"featured_media":31446,"comment_status":"open","ping_status":"closed","template":"","meta":{"_monsterinsights_skip_tracking":false,"_monsterinsights_sitenote_active":false,"_monsterinsights_sitenote_note":"","_monsterinsights_sitenote_category":0},"product_brand":[],"product_cat":[1461,1458,830,829],"product_tag":[85],"class_list":{"0":"post-31393","1":"product","2":"type-product","3":"status-publish","4":"has-post-thumbnail","6":"product_cat-bone","7":"product_cat-chapeu-ca","8":"product_cat-firsttactical","9":"product_cat-marcas","10":"product_tag-bone","12":"first","13":"outofstock","14":"shipping-taxable","15":"purchasable","16":"product-type-variable"},"aioseo_notices":[],"jetpack_sharing_enabled":true,"_links":{"self":[{"href":"https:\/\/milicia-pro.com\/index.php\/wp-json\/wp\/v2\/product\/31393","targetHints":{"allow":["GET"]}}],"collection":[{"href":"https:\/\/milicia-pro.com\/index.php\/wp-json\/wp\/v2\/product"}],"about":[{"href":"https:\/\/milicia-pro.com\/index.php\/wp-json\/wp\/v2\/types\/product"}],"replies":[{"embeddable":true,"href":"https:\/\/milicia-pro.com\/index.php\/wp-json\/wp\/v2\/comments?post=31393"}],"wp:featuredmedia":[{"embeddable":true,"href":"https:\/\/milicia-pro.com\/index.php\/wp-json\/wp\/v2\/media\/31446"}],"wp:attachment":[{"href":"https:\/\/milicia-pro.com\/index.php\/wp-json\/wp\/v2\/media?parent=31393"}],"wp:term":[{"taxonomy":"product_brand","embeddable":true,"href":"https:\/\/milicia-pro.com\/index.php\/wp-json\/wp\/v2\/product_brand?post=31393"},{"taxonomy":"product_cat","embeddable":true,"href":"https:\/\/milicia-pro.com\/index.php\/wp-json\/wp\/v2\/product_cat?post=31393"},{"taxonomy":"product_tag","embeddable":true,"href":"https:\/\/milicia-pro.com\/index.php\/wp-json\/wp\/v2\/product_tag?post=31393"}],"curies":[{"name":"wp","href":"https:\/\/api.w.org\/{rel}","templated":true}]}}