{"id":31392,"date":"2022-09-01T17:15:14","date_gmt":"2022-09-01T17:15:14","guid":{"rendered":"https:\/\/milicia-pro.com\/?post_type=product&#038;p=31392"},"modified":"2025-07-27T13:02:52","modified_gmt":"2025-07-27T13:02:52","slug":"bolsa-summit-side-satchel","status":"publish","type":"product","link":"https:\/\/milicia-pro.com\/index.php\/product\/bolsa-summit-side-satchel\/","title":{"rendered":"BOLSA SUMMIT SIDE SATCHEL"},"content":{"rendered":"<p>Esta bolsa lateral da Summit fornece armazenamento extra para transportar o seu equipamento.<\/p>\n<p>Medidas do compartimento principal: 31,75cm x 25,4cm x x11,4cm.<\/p>\n<p>Com capacidade aproximada para 8 litros e de peso 0,8Kg.<\/p>\n<p>Possui ainda 5 bolsos internos e 10 internos. Fechos YKK Hardware Duraflex e feito em Nylon 1000D.<\/p>\n<p><iframe loading=\"lazy\" title=\"The Summit Side Satchel\" width=\"1020\" height=\"574\" src=\"https:\/\/www.youtube.com\/embed\/CEwUn4qGxtM?feature=oembed\" frameborder=\"0\" allow=\"accelerometer; autoplay; clipboard-write; encrypted-media; gyroscope; picture-in-picture; web-share\" referrerpolicy=\"strict-origin-when-cross-origin\" allowfullscreen><\/iframe><\/p>\n<p><img loading=\"lazy\" decoding=\"async\" class=\"size-full wp-image-16774 alignleft\" src=\"https:\/\/miliciapro.com\/wp-content\/uploads\/2020\/03\/180012-10.png\" alt=\"\" width=\"205\" height=\"145\" \/><\/p>\n<p><strong>ENCERRAMENTO DA MALA<\/strong><\/p>\n<p>Fa\u00e7a a abertura da bolsa atrav\u00e9s de fivela ou atrav\u00e9s de velcro, conforme quiser.<\/p>\n<p>&nbsp;<\/p>\n<p>&nbsp;<\/p>\n<p>&nbsp;<\/p>\n<p><img loading=\"lazy\" decoding=\"async\" class=\"size-medium wp-image-16775 alignleft\" src=\"https:\/\/miliciapro.com\/wp-content\/uploads\/2020\/03\/180012-11.png\" alt=\"\" width=\"204\" height=\"143\" \/><\/p>\n<p>&nbsp;<\/p>\n<p><strong>COMPARTIMENTO PARA O PORT\u00c1TIL ACOLCHOADO<\/strong><\/p>\n<p>Compartimento acolchoado projectado para poder transportar em seguran\u00e7a o seu port\u00e1til.<\/p>\n<p>&nbsp;<\/p>\n<p>&nbsp;<\/p>\n<p><img loading=\"lazy\" decoding=\"async\" class=\"size-medium wp-image-16776 alignleft\" src=\"https:\/\/miliciapro.com\/wp-content\/uploads\/2020\/03\/180012-12.png\" alt=\"\" width=\"204\" height=\"146\" \/><\/p>\n<p>&nbsp;<\/p>\n<p><strong>BOLSA CCW OCULTADO<\/strong><\/p>\n<p>Na parte traseira da mala pode encontrar um bolso onde pode guardar algo mais importante.<\/p>\n","protected":false},"excerpt":{"rendered":"<p>Esta bolsa lateral da Summit fornece armazenamento extra para transportar o seu equipamento. Medidas do compartimento principal: 31,75cm x 25,4cm x x11,4cm. Com capacidade aproximada para 8 litros e de peso 0,8Kg. Possui ainda 5 bolsos internos e 10 internos. Fechos YKK Hardware Duraflex e feito em Nylon 1000D. ENCERRAMENTO DA MALA Fa\u00e7a a abertura [&#8230;]\n","protected":false},"featured_media":31434,"comment_status":"open","ping_status":"closed","template":"","meta":{"_monsterinsights_skip_tracking":false,"_monsterinsights_sitenote_active":false,"_monsterinsights_sitenote_note":"","_monsterinsights_sitenote_category":0},"product_brand":[],"product_cat":[1107,830,829,1467],"product_tag":[80,141,205],"class_list":{"0":"post-31392","1":"product","2":"type-product","3":"status-publish","4":"has-post-thumbnail","6":"product_cat-bolsas","7":"product_cat-firsttactical","8":"product_cat-marcas","9":"product_cat-mochilas-bolsas","10":"product_tag-bolsa","11":"product_tag-documentos","12":"product_tag-mala","14":"first","15":"instock","16":"shipping-taxable","17":"purchasable","18":"product-type-variable"},"aioseo_notices":[],"jetpack_sharing_enabled":true,"_links":{"self":[{"href":"https:\/\/milicia-pro.com\/index.php\/wp-json\/wp\/v2\/product\/31392","targetHints":{"allow":["GET"]}}],"collection":[{"href":"https:\/\/milicia-pro.com\/index.php\/wp-json\/wp\/v2\/product"}],"about":[{"href":"https:\/\/milicia-pro.com\/index.php\/wp-json\/wp\/v2\/types\/product"}],"replies":[{"embeddable":true,"href":"https:\/\/milicia-pro.com\/index.php\/wp-json\/wp\/v2\/comments?post=31392"}],"wp:featuredmedia":[{"embeddable":true,"href":"https:\/\/milicia-pro.com\/index.php\/wp-json\/wp\/v2\/media\/31434"}],"wp:attachment":[{"href":"https:\/\/milicia-pro.com\/index.php\/wp-json\/wp\/v2\/media?parent=31392"}],"wp:term":[{"taxonomy":"product_brand","embeddable":true,"href":"https:\/\/milicia-pro.com\/index.php\/wp-json\/wp\/v2\/product_brand?post=31392"},{"taxonomy":"product_cat","embeddable":true,"href":"https:\/\/milicia-pro.com\/index.php\/wp-json\/wp\/v2\/product_cat?post=31392"},{"taxonomy":"product_tag","embeddable":true,"href":"https:\/\/milicia-pro.com\/index.php\/wp-json\/wp\/v2\/product_tag?post=31392"}],"curies":[{"name":"wp","href":"https:\/\/api.w.org\/{rel}","templated":true}]}}