{"id":31389,"date":"2022-09-01T17:15:14","date_gmt":"2022-09-01T17:15:14","guid":{"rendered":"https:\/\/milicia-pro.com\/?post_type=product&#038;p=31389"},"modified":"2025-06-05T11:27:47","modified_gmt":"2025-06-05T11:27:47","slug":"saco-ascend-messenger-de-25-litros","status":"publish","type":"product","link":"https:\/\/milicia-pro.com\/index.php\/product\/saco-ascend-messenger-de-25-litros\/","title":{"rendered":"SACO ASCEND MESSENGER DE 25 LITROS"},"content":{"rendered":"<p>Esta bolsa de escrit\u00f3rio, foi projetada para transportar o seu material, apresentado durabilidade e o desempenho para as suas tarefas.<\/p>\n<p>Tecido de nylon e o hardware YKK premium oferecem um exterior robusto. O compartimento principal e a bolsa para transportar um port\u00e1til, s\u00e3o acolchoados para manterem o que transporta protegidos.<\/p>\n<p>No interior tem 3 bolsos com fecho e um compartimento para transportar uma garrafa de \u00e1gua.<\/p>\n<p>Medidas do compartimento principal: 45,7cm x 31,8cm x 17,8cm.<\/p>\n<p>Compartimento para o port\u00e1til: 45,7cm x 31,8cm x 17,8cm. Com capacidade aproximada de 25 litros e peso de 1,4Kg. Possui ainda 6 bolsas no exterior e 12 no interior. Fechos YKK Hardware Duraflex e feito em Nylon 500D e 1000D.<\/p>\n<p><iframe loading=\"lazy\" title=\"First Tactical&#039;s Ascend Messenger Bag\" width=\"1020\" height=\"574\" src=\"https:\/\/www.youtube.com\/embed\/rEgnRs-ZWzU?feature=oembed\" frameborder=\"0\" allow=\"accelerometer; autoplay; clipboard-write; encrypted-media; gyroscope; picture-in-picture; web-share\" referrerpolicy=\"strict-origin-when-cross-origin\" allowfullscreen><\/iframe><\/p>\n<p><img loading=\"lazy\" decoding=\"async\" class=\"size-full wp-image-16758 alignleft\" src=\"https:\/\/miliciapro.com\/wp-content\/uploads\/2020\/03\/180003-10.png\" alt=\"\" width=\"205\" height=\"145\" \/><\/p>\n<p>&nbsp;<\/p>\n<p><strong>SISTEMA DE ABERTURA DA MALA<\/strong><\/p>\n<p>Fa\u00e7a a abertura da bolsa atrav\u00e9s de fivela ou atrav\u00e9s de velcro, conforme quiser.<\/p>\n<p>&nbsp;<\/p>\n<p>&nbsp;<\/p>\n<p><img loading=\"lazy\" decoding=\"async\" class=\"size-medium wp-image-16759 alignleft\" src=\"https:\/\/miliciapro.com\/wp-content\/uploads\/2020\/03\/180003-11.png\" alt=\"\" width=\"205\" height=\"140\" \/><\/p>\n<p>&nbsp;<\/p>\n<p><strong>COMPARTIMENTO PARA O PORT\u00c1TIL ACOLCHOADO<\/strong><\/p>\n<p>Compartimento acolchoado projetado para poder transportar em seguran\u00e7a o seu port\u00e1til.<\/p>\n<p>&nbsp;<\/p>\n<p>&nbsp;<\/p>\n<p><img loading=\"lazy\" decoding=\"async\" class=\"size-medium wp-image-16760 alignleft\" src=\"https:\/\/miliciapro.com\/wp-content\/uploads\/2020\/03\/180003-12.png\" alt=\"\" width=\"206\" height=\"147\" \/><\/p>\n<p>&nbsp;<\/p>\n<p><strong>BOLSA CCW OCULTADO<\/strong><\/p>\n<p>Na parte traseira da mala pode encontrar um bolso onde pode guardar algo mais importante.<\/p>\n","protected":false},"excerpt":{"rendered":"<p>Esta bolsa de escrit\u00f3rio, foi projetada para transportar o seu material, apresentado durabilidade e o desempenho para as suas tarefas. Tecido de nylon e o hardware YKK premium oferecem um exterior robusto. O compartimento principal e a bolsa para transportar um port\u00e1til, s\u00e3o acolchoados para manterem o que transporta protegidos. No interior tem 3 bolsos [&#8230;]\n","protected":false},"featured_media":31412,"comment_status":"open","ping_status":"closed","template":"","meta":{"_monsterinsights_skip_tracking":false,"_monsterinsights_sitenote_active":false,"_monsterinsights_sitenote_note":"","_monsterinsights_sitenote_category":0},"product_brand":[],"product_cat":[1107,830,829,1467],"product_tag":[80,692,205,693],"class_list":{"0":"post-31389","1":"product","2":"type-product","3":"status-publish","4":"has-post-thumbnail","6":"product_cat-bolsas","7":"product_cat-firsttactical","8":"product_cat-marcas","9":"product_cat-mochilas-bolsas","10":"product_tag-bolsa","11":"product_tag-computador","12":"product_tag-mala","13":"product_tag-portatil","15":"first","16":"instock","17":"shipping-taxable","18":"purchasable","19":"product-type-variable"},"aioseo_notices":[],"jetpack_sharing_enabled":true,"_links":{"self":[{"href":"https:\/\/milicia-pro.com\/index.php\/wp-json\/wp\/v2\/product\/31389","targetHints":{"allow":["GET"]}}],"collection":[{"href":"https:\/\/milicia-pro.com\/index.php\/wp-json\/wp\/v2\/product"}],"about":[{"href":"https:\/\/milicia-pro.com\/index.php\/wp-json\/wp\/v2\/types\/product"}],"replies":[{"embeddable":true,"href":"https:\/\/milicia-pro.com\/index.php\/wp-json\/wp\/v2\/comments?post=31389"}],"wp:featuredmedia":[{"embeddable":true,"href":"https:\/\/milicia-pro.com\/index.php\/wp-json\/wp\/v2\/media\/31412"}],"wp:attachment":[{"href":"https:\/\/milicia-pro.com\/index.php\/wp-json\/wp\/v2\/media?parent=31389"}],"wp:term":[{"taxonomy":"product_brand","embeddable":true,"href":"https:\/\/milicia-pro.com\/index.php\/wp-json\/wp\/v2\/product_brand?post=31389"},{"taxonomy":"product_cat","embeddable":true,"href":"https:\/\/milicia-pro.com\/index.php\/wp-json\/wp\/v2\/product_cat?post=31389"},{"taxonomy":"product_tag","embeddable":true,"href":"https:\/\/milicia-pro.com\/index.php\/wp-json\/wp\/v2\/product_tag?post=31389"}],"curies":[{"name":"wp","href":"https:\/\/api.w.org\/{rel}","templated":true}]}}