{"id":31331,"date":"2022-09-01T17:14:22","date_gmt":"2022-09-01T17:14:22","guid":{"rendered":"https:\/\/milicia-pro.com\/?post_type=product&#038;p=31331"},"modified":"2023-02-27T19:41:21","modified_gmt":"2023-02-27T19:41:21","slug":"coldre-gg-delta-wing-cbc-para-glock-19-esquerda","status":"publish","type":"product","link":"https:\/\/milicia-pro.com\/index.php\/product\/coldre-gg-delta-wing-cbc-para-glock-19-esquerda\/","title":{"rendered":"COLDRE G&amp;G DELTA WING CBC PARA GLOCK 19 ESQUERDA"},"content":{"rendered":"<p>Coldre de transporte da sua arma com bolsa oculta ou \u201ccoldre CBC\u201d \u00b4 \u00e9 um coldre de n\u00edvel 1 de pol\u00edmero, leve, de alto impacto e moldado termicamente, formado para encaixar de armas espec\u00edficas.<\/p>\n<p>\u00c9 um coldre de camuflagem forrado, com um encaixe para acoplar numa mochila ou num colete.<\/p>\n<p>O Pad permite ajustar a escala e os parafusos de tens\u00e3o. A constru\u00e7\u00e3o de frente e traseira aberta com patente pendente fornece um empate r\u00e1pido.<\/p>\n<p>A almofada \u00e9 constru\u00edda a partir de um revestimento macio, refor\u00e7ado, com um pol\u00edmero laminado a um material de encaixe Cant ajust\u00e1vel para acomodar a sua arma, a janela de ejec\u00e7\u00e3o e protec\u00e7\u00e3o do gatilho.<\/p>\n<p>O bloqueio autom\u00e1tico aud\u00edvel no estojo permite ao utilizador garantir que a arma esteja adequadamente protegida.<\/p>\n<p><iframe loading=\"lazy\" title=\"G&amp;G Delta Wing Concealed Bag Carry Holster\" width=\"1020\" height=\"574\" src=\"https:\/\/www.youtube.com\/embed\/eDKVviV3aw4?feature=oembed\" frameborder=\"0\" allow=\"accelerometer; autoplay; clipboard-write; encrypted-media; gyroscope; picture-in-picture\" allowfullscreen><\/iframe><\/p>\n<p><img loading=\"lazy\" decoding=\"async\" class=\"size-full wp-image-16624 alignleft\" src=\"https:\/\/miliciapro.com\/wp-content\/uploads\/2020\/03\/141521-10.png\" alt=\"\" width=\"204\" height=\"142\" \/><\/p>\n<p>&nbsp;<\/p>\n<p><strong>TAPETE DO GANCHO PARA ACOPLAR<\/strong><\/p>\n<p>O encaixe oferece a flexibilidade de ajustar a escala em qualquer direc\u00e7\u00e3o.<\/p>\n<p>&nbsp;<\/p>\n<p>&nbsp;<\/p>\n<p><img loading=\"lazy\" decoding=\"async\" class=\"size-full wp-image-16625 alignleft\" src=\"https:\/\/miliciapro.com\/wp-content\/uploads\/2020\/03\/141521-11.png\" alt=\"\" width=\"204\" height=\"145\" \/><\/p>\n<p>&nbsp;<\/p>\n<p><strong>FORRO DE CAMUR\u00c7A DUR\u00c1VEL<\/strong><\/p>\n<p>O corpo \u00e9 revestido com camur\u00e7a de uretano que \u00e9 permanentemente ligada ao n\u00facleo para maior durabilidade.<\/p>\n<p>&nbsp;<\/p>\n<p><img loading=\"lazy\" decoding=\"async\" class=\"size-full wp-image-16626 alignleft\" src=\"https:\/\/miliciapro.com\/wp-content\/uploads\/2020\/03\/141521-12.png\" alt=\"\" width=\"203\" height=\"138\" \/><\/p>\n<p>&nbsp;<\/p>\n<p><strong>COMPAT\u00cdVEL COM AS MOCHILAS\/SACOS\u00a0<\/strong><span style=\"font-size: 14.4px\"><b>T\u00c1CTICOS<\/b><\/span><\/p>\n<p>O coldre CBC \u00e9 compat\u00edvel com a maioria dos nossos produtos t\u00e1cticos malas\/mochilas com bolso oculto do CCW, al\u00e9m de outros produtos pr\u00f3prios para o encaixe.<\/p>\n","protected":false},"excerpt":{"rendered":"<p>Brevemente Dipon\u00edvel<\/p>\n","protected":false},"featured_media":36820,"comment_status":"open","ping_status":"closed","template":"","meta":{"_monsterinsights_skip_tracking":false,"_monsterinsights_sitenote_active":false,"_monsterinsights_sitenote_note":"","_monsterinsights_sitenote_category":0},"product_brand":[],"product_cat":[1085,1064,830,829],"product_tag":[64,607,608],"class_list":{"0":"post-31331","1":"product","2":"type-product","3":"status-publish","4":"has-post-thumbnail","6":"product_cat-coldre","7":"product_cat-equipamentotatico","8":"product_cat-firsttactical","9":"product_cat-marcas","10":"product_tag-arma","11":"product_tag-coldre","12":"product_tag-glock","14":"first","15":"onbackorder","16":"shipping-taxable","17":"purchasable","18":"product-type-variable"},"aioseo_notices":[],"jetpack_sharing_enabled":true,"_links":{"self":[{"href":"https:\/\/milicia-pro.com\/index.php\/wp-json\/wp\/v2\/product\/31331","targetHints":{"allow":["GET"]}}],"collection":[{"href":"https:\/\/milicia-pro.com\/index.php\/wp-json\/wp\/v2\/product"}],"about":[{"href":"https:\/\/milicia-pro.com\/index.php\/wp-json\/wp\/v2\/types\/product"}],"replies":[{"embeddable":true,"href":"https:\/\/milicia-pro.com\/index.php\/wp-json\/wp\/v2\/comments?post=31331"}],"wp:featuredmedia":[{"embeddable":true,"href":"https:\/\/milicia-pro.com\/index.php\/wp-json\/wp\/v2\/media\/36820"}],"wp:attachment":[{"href":"https:\/\/milicia-pro.com\/index.php\/wp-json\/wp\/v2\/media?parent=31331"}],"wp:term":[{"taxonomy":"product_brand","embeddable":true,"href":"https:\/\/milicia-pro.com\/index.php\/wp-json\/wp\/v2\/product_brand?post=31331"},{"taxonomy":"product_cat","embeddable":true,"href":"https:\/\/milicia-pro.com\/index.php\/wp-json\/wp\/v2\/product_cat?post=31331"},{"taxonomy":"product_tag","embeddable":true,"href":"https:\/\/milicia-pro.com\/index.php\/wp-json\/wp\/v2\/product_tag?post=31331"}],"curies":[{"name":"wp","href":"https:\/\/api.w.org\/{rel}","templated":true}]}}