{"id":31179,"date":"2022-09-01T17:11:35","date_gmt":"2022-09-01T17:11:35","guid":{"rendered":"https:\/\/milicia-pro.com\/?post_type=product&#038;p=31179"},"modified":"2026-05-10T16:03:49","modified_gmt":"2026-05-10T16:03:49","slug":"correias-de-compressao","status":"publish","type":"product","link":"https:\/\/milicia-pro.com\/index.php\/product\/correias-de-compressao\/","title":{"rendered":"CORREIAS DE COMPRESS\u00c3O"},"content":{"rendered":"<p>Personalize a sua mochila FIRST TACTICAL com um par de tiras completamente reposicion\u00e1veis ou remov\u00edveis.<\/p>\n","protected":false},"excerpt":{"rendered":"<p>Personalize a sua mochila FIRST TACTICAL com um par de tiras completamente reposicion\u00e1veis ou remov\u00edveis.<\/p>\n","protected":false},"featured_media":31217,"comment_status":"open","ping_status":"closed","template":"","meta":{"_monsterinsights_skip_tracking":false,"_monsterinsights_sitenote_active":false,"_monsterinsights_sitenote_note":"","_monsterinsights_sitenote_category":0},"product_brand":[],"product_cat":[830,829,1467],"product_tag":[690,215,332],"class_list":{"0":"post-31179","1":"product","2":"type-product","3":"status-publish","4":"has-post-thumbnail","6":"product_cat-firsttactical","7":"product_cat-marcas","8":"product_cat-mochilas-bolsas","9":"product_tag-correias","10":"product_tag-mochila","11":"product_tag-tiras","13":"first","14":"instock","15":"shipping-taxable","16":"purchasable","17":"product-type-variable"},"aioseo_notices":[],"jetpack_sharing_enabled":true,"_links":{"self":[{"href":"https:\/\/milicia-pro.com\/index.php\/wp-json\/wp\/v2\/product\/31179","targetHints":{"allow":["GET"]}}],"collection":[{"href":"https:\/\/milicia-pro.com\/index.php\/wp-json\/wp\/v2\/product"}],"about":[{"href":"https:\/\/milicia-pro.com\/index.php\/wp-json\/wp\/v2\/types\/product"}],"replies":[{"embeddable":true,"href":"https:\/\/milicia-pro.com\/index.php\/wp-json\/wp\/v2\/comments?post=31179"}],"wp:featuredmedia":[{"embeddable":true,"href":"https:\/\/milicia-pro.com\/index.php\/wp-json\/wp\/v2\/media\/31217"}],"wp:attachment":[{"href":"https:\/\/milicia-pro.com\/index.php\/wp-json\/wp\/v2\/media?parent=31179"}],"wp:term":[{"taxonomy":"product_brand","embeddable":true,"href":"https:\/\/milicia-pro.com\/index.php\/wp-json\/wp\/v2\/product_brand?post=31179"},{"taxonomy":"product_cat","embeddable":true,"href":"https:\/\/milicia-pro.com\/index.php\/wp-json\/wp\/v2\/product_cat?post=31179"},{"taxonomy":"product_tag","embeddable":true,"href":"https:\/\/milicia-pro.com\/index.php\/wp-json\/wp\/v2\/product_tag?post=31179"}],"curies":[{"name":"wp","href":"https:\/\/api.w.org\/{rel}","templated":true}]}}