{"id":31057,"date":"2022-09-01T17:09:10","date_gmt":"2022-09-01T17:09:10","guid":{"rendered":"https:\/\/milicia-pro.com\/?post_type=product&#038;p=31057"},"modified":"2025-08-12T15:23:56","modified_gmt":"2025-08-12T15:23:56","slug":"bolsa-tactix-para-oculos","status":"publish","type":"product","link":"https:\/\/milicia-pro.com\/index.php\/product\/bolsa-tactix-para-oculos\/","title":{"rendered":"BOLSA TACTIX PARA \u00d3CULOS"},"content":{"rendered":"<p>Proteja os seus \u00f3culos no trabalho com esta bolsa, projectada para proteger a arma\u00e7\u00e3o e as lentes.<\/p>\n<p>Protec\u00e7\u00e3o interior acolchoado com respectivo pano pr\u00f3prio para limpeza.<\/p>\n<p>Medidas: 7,6cm x 17,8cm x 5,7cm. Capacidade para 0,8 litros e peso de 0.13Kg.<\/p>\n<p><iframe loading=\"lazy\" title=\"First Tactical&#039;s Tactix Eyewear Pouch\" width=\"1020\" height=\"574\" src=\"https:\/\/www.youtube.com\/embed\/p17UvWMo3A4?feature=oembed\" frameborder=\"0\" allow=\"accelerometer; autoplay; clipboard-write; encrypted-media; gyroscope; picture-in-picture; web-share\" referrerpolicy=\"strict-origin-when-cross-origin\" allowfullscreen><\/iframe><\/p>\n<p><img loading=\"lazy\" decoding=\"async\" class=\"size-full wp-image-16413 alignleft\" src=\"https:\/\/miliciapro.com\/wp-content\/uploads\/2020\/03\/180019-10.png\" alt=\"\" width=\"207\" height=\"145\" \/><\/p>\n<p>&nbsp;<\/p>\n<p><strong>INTERIOR ACOLCHOADO EXTRA RESISTENTE<\/strong><\/p>\n<p>Interior acolchoado amortecendo assim os seus \u00f3culos, evitando que estes sejam esmagados.<\/p>\n<p>&nbsp;<\/p>\n<p>&nbsp;<\/p>\n<p>&nbsp;<\/p>\n<p><img loading=\"lazy\" decoding=\"async\" class=\"size-medium wp-image-16414 alignleft\" src=\"https:\/\/miliciapro.com\/wp-content\/uploads\/2020\/03\/180019-11.png\" alt=\"\" width=\"206\" height=\"139\" \/><\/p>\n<p>&nbsp;<\/p>\n<p><strong>PANO PARA LENTES<\/strong><\/p>\n<p>Cont\u00e9m um pano pr\u00f3prio para a limpeza dos seus \u00f3culos.<\/p>\n<p>&nbsp;<\/p>\n<p>&nbsp;<\/p>\n<p>&nbsp;<\/p>\n<p><img loading=\"lazy\" decoding=\"async\" class=\"size-medium wp-image-16415 alignleft\" src=\"https:\/\/miliciapro.com\/wp-content\/uploads\/2020\/03\/180019-12.png\" alt=\"\" width=\"204\" height=\"146\" \/><\/p>\n<p>&nbsp;<\/p>\n<p><strong>ABERTURA PRINCIPAL COM FECHO<\/strong><\/p>\n<p>Abertura curta, o suficiente para colocar e tirar os \u00f3culos.<\/p>\n","protected":false},"excerpt":{"rendered":"<p>Proteja os seus \u00f3culos no trabalho com esta bolsa, projectada para proteger a arma\u00e7\u00e3o e as lentes. Protec\u00e7\u00e3o interior acolchoado com respectivo pano pr\u00f3prio para limpeza. Medidas: 7,6cm x 17,8cm x 5,7cm. Capacidade para 0,8 litros e peso de 0.13Kg. &nbsp; INTERIOR ACOLCHOADO EXTRA RESISTENTE Interior acolchoado amortecendo assim os seus \u00f3culos, evitando que estes [&#8230;]\n","protected":false},"featured_media":31101,"comment_status":"open","ping_status":"closed","template":"","meta":{"_monsterinsights_skip_tracking":false,"_monsterinsights_sitenote_active":false,"_monsterinsights_sitenote_note":"","_monsterinsights_sitenote_category":0},"product_brand":[],"product_cat":[1107,830,829,1467],"product_tag":[80,215,688,326],"class_list":{"0":"post-31057","1":"product","2":"type-product","3":"status-publish","4":"has-post-thumbnail","6":"product_cat-bolsas","7":"product_cat-firsttactical","8":"product_cat-marcas","9":"product_cat-mochilas-bolsas","10":"product_tag-bolsa","11":"product_tag-mochila","12":"product_tag-oculos","13":"product_tag-tatico","15":"first","16":"instock","17":"shipping-taxable","18":"purchasable","19":"product-type-variable"},"aioseo_notices":[],"jetpack_sharing_enabled":true,"_links":{"self":[{"href":"https:\/\/milicia-pro.com\/index.php\/wp-json\/wp\/v2\/product\/31057","targetHints":{"allow":["GET"]}}],"collection":[{"href":"https:\/\/milicia-pro.com\/index.php\/wp-json\/wp\/v2\/product"}],"about":[{"href":"https:\/\/milicia-pro.com\/index.php\/wp-json\/wp\/v2\/types\/product"}],"replies":[{"embeddable":true,"href":"https:\/\/milicia-pro.com\/index.php\/wp-json\/wp\/v2\/comments?post=31057"}],"wp:featuredmedia":[{"embeddable":true,"href":"https:\/\/milicia-pro.com\/index.php\/wp-json\/wp\/v2\/media\/31101"}],"wp:attachment":[{"href":"https:\/\/milicia-pro.com\/index.php\/wp-json\/wp\/v2\/media?parent=31057"}],"wp:term":[{"taxonomy":"product_brand","embeddable":true,"href":"https:\/\/milicia-pro.com\/index.php\/wp-json\/wp\/v2\/product_brand?post=31057"},{"taxonomy":"product_cat","embeddable":true,"href":"https:\/\/milicia-pro.com\/index.php\/wp-json\/wp\/v2\/product_cat?post=31057"},{"taxonomy":"product_tag","embeddable":true,"href":"https:\/\/milicia-pro.com\/index.php\/wp-json\/wp\/v2\/product_tag?post=31057"}],"curies":[{"name":"wp","href":"https:\/\/api.w.org\/{rel}","templated":true}]}}