{"id":30999,"date":"2022-09-01T17:08:09","date_gmt":"2022-09-01T17:08:09","guid":{"rendered":"https:\/\/milicia-pro.com\/?post_type=product&#038;p=30999"},"modified":"2026-03-16T18:08:28","modified_gmt":"2026-03-16T18:08:28","slug":"polo-performance","status":"publish","type":"product","link":"https:\/\/milicia-pro.com\/index.php\/product\/polo-performance\/","title":{"rendered":"POLO PERFORMANCE"},"content":{"rendered":"<p><img loading=\"lazy\" decoding=\"async\" class=\"alignnone size-medium wp-image-15702\" src=\"https:\/\/miliciapro.com\/wp-content\/uploads\/2020\/03\/UNADJUSTEDNONRAW_thumb_44-600x400.jpg\" alt=\"\" width=\"600\" height=\"400\" \/><\/p>\n<ul class=\"disc\">\n<li data-open-accessibility-text-original=\"14px\">Polo 100% poli\u00e9ster, resistente ao desgaste, n\u00e3o desbota, n\u00e3o encolhe e d\u00e1-lhe um aspecto sempre limpo mesmo em situa\u00e7\u00f5es de grande desgaste\u00a0f\u00edsico.<\/li>\n<li data-open-accessibility-text-original=\"14px\">Tecido absorvente com acabamento\u00a0anti-microbiano<\/li>\n<li data-open-accessibility-text-original=\"14px\">Bot\u00f5es de melamina.<\/li>\n<\/ul>\n<p>&nbsp;<\/p>\n<p>&nbsp;<\/p>\n<h4 data-open-accessibility-text-original=\"16px\">Bolso para caneta na manga<\/h4>\n<p data-open-accessibility-text-original=\"13px\"><img decoding=\"async\" src=\"https:\/\/cdn.shopify.com\/s\/files\/1\/1125\/0762\/files\/polos-new-pen-pocket.jpg?11857611264090885160\" \/><\/p>\n<div style=\"width: 1020px;\" class=\"wp-video\"><video class=\"wp-video-shortcode\" id=\"video-30999-1\" width=\"1020\" height=\"574\" preload=\"metadata\" controls=\"controls\"><source type=\"video\/mp4\" src=\"https:\/\/miliciapro.com\/wp-content\/uploads\/2020\/03\/112509-performance-polo-SS-black.mp4?_=1\" \/><a href=\"https:\/\/miliciapro.com\/wp-content\/uploads\/2020\/03\/112509-performance-polo-SS-black.mp4\">https:\/\/miliciapro.com\/wp-content\/uploads\/2020\/03\/112509-performance-polo-SS-black.mp4<\/a><\/video><\/div>\n<p data-open-accessibility-text-original=\"13px\"><img decoding=\"async\" src=\"https:\/\/cdn.shopify.com\/s\/files\/1\/1125\/0762\/files\/mens-performance-short-sleeve-polo_components.png?16652101964625708102\" \/><\/p>\n","protected":false},"excerpt":{"rendered":"<p>Polo 100% poli\u00e9ster, resistente ao desgaste, n\u00e3o desbota, n\u00e3o encolhe e d\u00e1-lhe um aspecto sempre limpo mesmo em situa\u00e7\u00f5es de grande desgaste\u00a0f\u00edsico. Tecido absorvente com acabamento\u00a0anti-microbiano Bot\u00f5es de melamina. &nbsp; &nbsp; Bolso para caneta na manga<\/p>\n","protected":false},"featured_media":29522,"comment_status":"open","ping_status":"closed","template":"","meta":{"_monsterinsights_skip_tracking":false,"_monsterinsights_sitenote_active":false,"_monsterinsights_sitenote_note":"","_monsterinsights_sitenote_category":0},"product_brand":[],"product_cat":[830,829,1077,1063],"product_tag":[527,530,326,523],"class_list":{"0":"post-30999","1":"product","2":"type-product","3":"status-publish","4":"has-post-thumbnail","6":"product_cat-firsttactical","7":"product_cat-marcas","8":"product_cat-polo","9":"product_cat-vestuario","10":"product_tag-bombeiros","11":"product_tag-polo","12":"product_tag-tatico","13":"product_tag-uniforme","15":"first","16":"instock","17":"shipping-taxable","18":"purchasable","19":"product-type-variable"},"aioseo_notices":[],"jetpack_sharing_enabled":true,"_links":{"self":[{"href":"https:\/\/milicia-pro.com\/index.php\/wp-json\/wp\/v2\/product\/30999","targetHints":{"allow":["GET"]}}],"collection":[{"href":"https:\/\/milicia-pro.com\/index.php\/wp-json\/wp\/v2\/product"}],"about":[{"href":"https:\/\/milicia-pro.com\/index.php\/wp-json\/wp\/v2\/types\/product"}],"replies":[{"embeddable":true,"href":"https:\/\/milicia-pro.com\/index.php\/wp-json\/wp\/v2\/comments?post=30999"}],"wp:featuredmedia":[{"embeddable":true,"href":"https:\/\/milicia-pro.com\/index.php\/wp-json\/wp\/v2\/media\/29522"}],"wp:attachment":[{"href":"https:\/\/milicia-pro.com\/index.php\/wp-json\/wp\/v2\/media?parent=30999"}],"wp:term":[{"taxonomy":"product_brand","embeddable":true,"href":"https:\/\/milicia-pro.com\/index.php\/wp-json\/wp\/v2\/product_brand?post=30999"},{"taxonomy":"product_cat","embeddable":true,"href":"https:\/\/milicia-pro.com\/index.php\/wp-json\/wp\/v2\/product_cat?post=30999"},{"taxonomy":"product_tag","embeddable":true,"href":"https:\/\/milicia-pro.com\/index.php\/wp-json\/wp\/v2\/product_tag?post=30999"}],"curies":[{"name":"wp","href":"https:\/\/api.w.org\/{rel}","templated":true}]}}