{"id":30996,"date":"2022-09-01T17:08:06","date_gmt":"2022-09-01T17:08:06","guid":{"rendered":"https:\/\/milicia-pro.com\/?post_type=product&#038;p=30996"},"modified":"2025-07-27T13:41:21","modified_gmt":"2025-07-27T13:41:21","slug":"joelheira-defender","status":"publish","type":"product","link":"https:\/\/milicia-pro.com\/index.php\/product\/joelheira-defender\/","title":{"rendered":"JOELHEIRA DEFENDER"},"content":{"rendered":"<p>&nbsp;<\/p>\n<h3 data-open-accessibility-text-original=\"25px\">ESPECIFICA\u00c7\u00d5ES<\/h3>\n<ul>\n<li style=\"list-style-type: none\">\n<ul class=\"disc\">\n<li data-open-accessibility-text-original=\"14px\">Espuma moldada por compress\u00e3o SBR \/ EVA<\/li>\n<li data-open-accessibility-text-original=\"14px\">Constru\u00e7\u00e3o de dupla densidade<\/li>\n<li data-open-accessibility-text-original=\"14px\">Tecido de malha exterior texturizado<\/li>\n<li data-open-accessibility-text-original=\"14px\">Conjunto de 2<\/li>\n<\/ul>\n<\/li>\n<\/ul>\n<p><img decoding=\"async\" src=\"https:\/\/cdn.shopify.com\/s\/files\/1\/1125\/0762\/files\/Defender-knee-pads_component.png?12929135882364144712\" \/><\/p>\n","protected":false},"excerpt":{"rendered":"<p>&nbsp; ESPECIFICA\u00c7\u00d5ES Espuma moldada por compress\u00e3o SBR \/ EVA Constru\u00e7\u00e3o de dupla densidade Tecido de malha exterior texturizado Conjunto de 2<\/p>\n","protected":false},"featured_media":29466,"comment_status":"open","ping_status":"closed","template":"","meta":{"_monsterinsights_skip_tracking":false,"_monsterinsights_sitenote_active":false,"_monsterinsights_sitenote_note":"","_monsterinsights_sitenote_category":0},"product_brand":[],"product_cat":[1091,1064,830,829],"product_tag":[513],"class_list":{"0":"post-30996","1":"product","2":"type-product","3":"status-publish","4":"has-post-thumbnail","6":"product_cat-cotoveleirajoelheira","7":"product_cat-equipamentotatico","8":"product_cat-firsttactical","9":"product_cat-marcas","10":"product_tag-protecao","12":"first","13":"instock","14":"shipping-taxable","15":"purchasable","16":"product-type-variable"},"aioseo_notices":[],"jetpack_sharing_enabled":true,"_links":{"self":[{"href":"https:\/\/milicia-pro.com\/index.php\/wp-json\/wp\/v2\/product\/30996","targetHints":{"allow":["GET"]}}],"collection":[{"href":"https:\/\/milicia-pro.com\/index.php\/wp-json\/wp\/v2\/product"}],"about":[{"href":"https:\/\/milicia-pro.com\/index.php\/wp-json\/wp\/v2\/types\/product"}],"replies":[{"embeddable":true,"href":"https:\/\/milicia-pro.com\/index.php\/wp-json\/wp\/v2\/comments?post=30996"}],"wp:featuredmedia":[{"embeddable":true,"href":"https:\/\/milicia-pro.com\/index.php\/wp-json\/wp\/v2\/media\/29466"}],"wp:attachment":[{"href":"https:\/\/milicia-pro.com\/index.php\/wp-json\/wp\/v2\/media?parent=30996"}],"wp:term":[{"taxonomy":"product_brand","embeddable":true,"href":"https:\/\/milicia-pro.com\/index.php\/wp-json\/wp\/v2\/product_brand?post=30996"},{"taxonomy":"product_cat","embeddable":true,"href":"https:\/\/milicia-pro.com\/index.php\/wp-json\/wp\/v2\/product_cat?post=30996"},{"taxonomy":"product_tag","embeddable":true,"href":"https:\/\/milicia-pro.com\/index.php\/wp-json\/wp\/v2\/product_tag?post=30996"}],"curies":[{"name":"wp","href":"https:\/\/api.w.org\/{rel}","templated":true}]}}