{"id":30983,"date":"2022-09-01T17:07:46","date_gmt":"2022-09-01T17:07:46","guid":{"rendered":"https:\/\/milicia-pro.com\/?post_type=product&#038;p=30983"},"modified":"2026-01-06T11:03:05","modified_gmt":"2026-01-06T11:03:05","slug":"cotoveleira-interna-v2-tactical","status":"publish","type":"product","link":"https:\/\/milicia-pro.com\/index.php\/product\/cotoveleira-interna-v2-tactical\/","title":{"rendered":"COTOVELEIRA INTERNA V2 TACTICAL"},"content":{"rendered":"<p>&nbsp;<\/p>\n<h3 data-open-accessibility-text-original=\"25px\">ESPECIFICA\u00c7\u00d5ES<\/h3>\n<p>&nbsp;<\/p>\n<ul>\n<li data-open-accessibility-text-original=\"14px\">Constru\u00e7\u00e3o de dupla densidade<\/li>\n<li data-open-accessibility-text-original=\"14px\">Espuma moldade por compress\u00e3o EVA<\/li>\n<li data-open-accessibility-text-original=\"14px\">Vendidas aos pares<\/li>\n<li data-open-accessibility-text-original=\"14px\">Encaixa nas camisas First Tactical com bolsos nos cotovelos<\/li>\n<li data-open-accessibility-text-original=\"14px\">Forma 3D de impacto geom\u00e9trico<\/li>\n<li data-open-accessibility-text-original=\"14px\">Tecido de malha exterior texturizado<\/li>\n<li data-open-accessibility-text-original=\"14px\">Protec\u00e7\u00e3o contra a transpira\u00e7\u00e3o e o odores\u00a0indesejados<\/li>\n<\/ul>\n<p>&nbsp;<\/p>\n<h4 data-open-accessibility-text-original=\"16px\"><strong>DESIGN 3D ERGON\u00d4MICO<\/strong><\/h4>\n<p data-open-accessibility-text-original=\"13px\">Desenhado para permitir um maior conforto e seguran\u00e7a sem interferir nos seus movimentos<\/p>\n<p data-open-accessibility-text-original=\"13px\"><img decoding=\"async\" src=\"https:\/\/cdn.shopify.com\/s\/files\/1\/1125\/0762\/files\/internal-elbow-pad_feature1.jpg?6811719084590241233\" \/><\/p>\n<h4 data-open-accessibility-text-original=\"16px\"><strong>CONSTRU\u00c7\u00c3O DE DENSIDADE DUPLA<\/strong><\/h4>\n<p data-open-accessibility-text-original=\"13px\">A espuma de EVA moldada \u00e9 mais macia por dentro e mais dura por fora, oferecendo um maior conforto na altura do impacto.<\/p>\n<p data-open-accessibility-text-original=\"13px\"><img decoding=\"async\" src=\"https:\/\/cdn.shopify.com\/s\/files\/1\/1125\/0762\/files\/internal-elbow-pad_feature2.jpg?6811719084590241233\" \/><\/p>\n<h4 data-open-accessibility-text-original=\"16px\"><strong>VENTILA\u00c7\u00c3O SUPERIOR<\/strong><\/h4>\n<p data-open-accessibility-text-original=\"13px\">Espuma generosamente perfurada com tecido de malha texturizada externo e forro de malha interno que permite uma maior absor\u00e7\u00e3o da transpira\u00e7\u00e3o proporcionando um conforto extra.<\/p>\n<p data-open-accessibility-text-original=\"13px\"><img decoding=\"async\" src=\"https:\/\/cdn.shopify.com\/s\/files\/1\/1125\/0762\/files\/internal-elbow-pad_feature3.jpg?6811719084590241233\" \/><\/p>\n<p>&nbsp;<\/p>\n<p><iframe loading=\"lazy\" title=\"First Tactical&#039;s Joint Protection Collection\" width=\"1020\" height=\"574\" src=\"https:\/\/www.youtube.com\/embed\/Ci2Cg5TTlaI?feature=oembed\" frameborder=\"0\" allow=\"accelerometer; autoplay; clipboard-write; encrypted-media; gyroscope; picture-in-picture; web-share\" referrerpolicy=\"strict-origin-when-cross-origin\" allowfullscreen><\/iframe><\/p>\n","protected":false},"excerpt":{"rendered":"<p>&nbsp; ESPECIFICA\u00c7\u00d5ES &nbsp; Constru\u00e7\u00e3o de dupla densidade Espuma moldade por compress\u00e3o EVA Vendidas aos pares Encaixa nas camisas First Tactical com bolsos nos cotovelos Forma 3D de impacto geom\u00e9trico Tecido de malha exterior texturizado Protec\u00e7\u00e3o contra a transpira\u00e7\u00e3o e o odores\u00a0indesejados &nbsp; DESIGN 3D ERGON\u00d4MICO Desenhado para permitir um maior conforto e seguran\u00e7a sem interferir [&#8230;]\n","protected":false},"featured_media":30097,"comment_status":"open","ping_status":"closed","template":"","meta":{"_monsterinsights_skip_tracking":false,"_monsterinsights_sitenote_active":false,"_monsterinsights_sitenote_note":"","_monsterinsights_sitenote_category":0},"product_brand":[],"product_cat":[1091,1064,830,829],"product_tag":[129,513],"class_list":{"0":"post-30983","1":"product","2":"type-product","3":"status-publish","4":"has-post-thumbnail","6":"product_cat-cotoveleirajoelheira","7":"product_cat-equipamentotatico","8":"product_cat-firsttactical","9":"product_cat-marcas","10":"product_tag-cotoveleira","11":"product_tag-protecao","13":"first","14":"instock","15":"shipping-taxable","16":"purchasable","17":"product-type-variable"},"aioseo_notices":[],"jetpack_sharing_enabled":true,"_links":{"self":[{"href":"https:\/\/milicia-pro.com\/index.php\/wp-json\/wp\/v2\/product\/30983","targetHints":{"allow":["GET"]}}],"collection":[{"href":"https:\/\/milicia-pro.com\/index.php\/wp-json\/wp\/v2\/product"}],"about":[{"href":"https:\/\/milicia-pro.com\/index.php\/wp-json\/wp\/v2\/types\/product"}],"replies":[{"embeddable":true,"href":"https:\/\/milicia-pro.com\/index.php\/wp-json\/wp\/v2\/comments?post=30983"}],"wp:featuredmedia":[{"embeddable":true,"href":"https:\/\/milicia-pro.com\/index.php\/wp-json\/wp\/v2\/media\/30097"}],"wp:attachment":[{"href":"https:\/\/milicia-pro.com\/index.php\/wp-json\/wp\/v2\/media?parent=30983"}],"wp:term":[{"taxonomy":"product_brand","embeddable":true,"href":"https:\/\/milicia-pro.com\/index.php\/wp-json\/wp\/v2\/product_brand?post=30983"},{"taxonomy":"product_cat","embeddable":true,"href":"https:\/\/milicia-pro.com\/index.php\/wp-json\/wp\/v2\/product_cat?post=30983"},{"taxonomy":"product_tag","embeddable":true,"href":"https:\/\/milicia-pro.com\/index.php\/wp-json\/wp\/v2\/product_tag?post=30983"}],"curies":[{"name":"wp","href":"https:\/\/api.w.org\/{rel}","templated":true}]}}