{"id":30982,"date":"2022-09-01T17:07:45","date_gmt":"2022-09-01T17:07:45","guid":{"rendered":"https:\/\/milicia-pro.com\/?post_type=product&#038;p=30982"},"modified":"2025-07-27T12:57:43","modified_gmt":"2025-07-27T12:57:43","slug":"mochila-specialist-para-72-horas","status":"publish","type":"product","link":"https:\/\/milicia-pro.com\/index.php\/product\/mochila-specialist-para-72-horas\/","title":{"rendered":"MOCHILA SPECIALIST PARA 72 HORAS"},"content":{"rendered":"<p>As al\u00e7as da mochila s\u00e3o de dupla densidade, fundo de dupla camada, plataforma externa da Web compat\u00edvel com o sistema MOLLE\/PALS.<\/p>\n<p>Possui um amplo espa\u00e7o para guardar o equipamento essencial, com o novo sistema Hook and Hang Thru da First Tactical, a mochila Specialist para 72 horas \u00e9 a ideal para miss\u00f5es mais longas.<\/p>\n<p>Medidas: 33cm x 59,9cm x 21,6cm. Capacidade para 56 litros.<\/p>\n<p>Bolsos: 7 externos e 3 internos. Nylon 1000D imperme\u00e1vel. Fechos YKK Hardware Duraflex.<\/p>\n<p><iframe loading=\"lazy\" title=\"First Tactical&#039;s Specialist Three Day Backpack\" width=\"1020\" height=\"574\" src=\"https:\/\/www.youtube.com\/embed\/AZjvJRr0h3k?feature=oembed\" frameborder=\"0\" allow=\"accelerometer; autoplay; clipboard-write; encrypted-media; gyroscope; picture-in-picture; web-share\" referrerpolicy=\"strict-origin-when-cross-origin\" allowfullscreen><\/iframe><\/p>\n<p><img loading=\"lazy\" decoding=\"async\" class=\"size-full wp-image-15191 alignleft\" src=\"https:\/\/miliciapro.com\/wp-content\/uploads\/2020\/03\/180004-12.png\" alt=\"\" width=\"204\" height=\"142\" \/><\/p>\n<p><strong>TIRAS DE COMPRESS\u00c3O REPOSICION\u00c1VEIS\/<\/strong><b>SUBSTITU\u00cdVEIS<\/b><\/p>\n<p>A mochila para 72 horas possui correias de compress\u00e3o reposicion\u00e1veis ou remov\u00edveis, permitindo que ao utilizador uma personaliza\u00e7\u00e3o ideal na sua mochila.<\/p>\n<p>&nbsp;<\/p>\n<p>&nbsp;<\/p>\n<p><img loading=\"lazy\" decoding=\"async\" class=\"size-full wp-image-15192 alignleft\" src=\"https:\/\/miliciapro.com\/wp-content\/uploads\/2020\/03\/180004-13.png\" alt=\"\" width=\"212\" height=\"142\" \/><\/p>\n<p><strong>SISTEMA FIRST TACTICAL HOOK AND HANG THRU<\/strong><\/p>\n<p>Tem um inovador compartimento com sistema Hook and Hang Thru que abre com fechos na parte superior e inferior da mochila de capacidade de meio-dia, permitindo que itens especializados, como a bolsa para arma de cano longo da FIRST TACTICAL, ou at\u00e9 mesmo outro equipamento de grandes dimens\u00f5es, seja agregado e pendurado com seguran\u00e7a.<\/p>\n<p>&nbsp;<\/p>\n<p><img loading=\"lazy\" decoding=\"async\" class=\"size-full wp-image-15193 alignleft\" src=\"https:\/\/miliciapro.com\/wp-content\/uploads\/2020\/03\/180004-14.png\" alt=\"\" width=\"202\" height=\"138\" \/><\/p>\n<p><strong>MAIOR ORGANIZA\u00c7\u00c3O DO COMPARTIMENTO PRINCIPAL<\/strong><\/p>\n<p>O compartimento principal tem uma bolsa de malha \u00fanica e 2 bolsos internos com fecho de encaixe, proporcionando espa\u00e7o ideal para acondicionar tudo o que precisa para jornadas mais longas.<\/p>\n","protected":false},"excerpt":{"rendered":"<p>As al\u00e7as da mochila s\u00e3o de dupla densidade, fundo de dupla camada, plataforma externa da Web compat\u00edvel com o sistema MOLLE\/PALS. Possui um amplo espa\u00e7o para guardar o equipamento essencial, com o novo sistema Hook and Hang Thru da First Tactical, a mochila Specialist para 72 horas \u00e9 a ideal para miss\u00f5es mais longas. Medidas: [&#8230;]\n","protected":false},"featured_media":30081,"comment_status":"open","ping_status":"closed","template":"","meta":{"_monsterinsights_skip_tracking":false,"_monsterinsights_sitenote_active":false,"_monsterinsights_sitenote_note":"","_monsterinsights_sitenote_category":0},"product_brand":[],"product_cat":[830,829,1106,1467],"product_tag":[215],"class_list":{"0":"post-30982","1":"product","2":"type-product","3":"status-publish","4":"has-post-thumbnail","6":"product_cat-firsttactical","7":"product_cat-marcas","8":"product_cat-mochilas","9":"product_cat-mochilas-bolsas","10":"product_tag-mochila","12":"first","13":"instock","14":"shipping-taxable","15":"purchasable","16":"product-type-variable"},"aioseo_notices":[],"jetpack_sharing_enabled":true,"_links":{"self":[{"href":"https:\/\/milicia-pro.com\/index.php\/wp-json\/wp\/v2\/product\/30982","targetHints":{"allow":["GET"]}}],"collection":[{"href":"https:\/\/milicia-pro.com\/index.php\/wp-json\/wp\/v2\/product"}],"about":[{"href":"https:\/\/milicia-pro.com\/index.php\/wp-json\/wp\/v2\/types\/product"}],"replies":[{"embeddable":true,"href":"https:\/\/milicia-pro.com\/index.php\/wp-json\/wp\/v2\/comments?post=30982"}],"wp:featuredmedia":[{"embeddable":true,"href":"https:\/\/milicia-pro.com\/index.php\/wp-json\/wp\/v2\/media\/30081"}],"wp:attachment":[{"href":"https:\/\/milicia-pro.com\/index.php\/wp-json\/wp\/v2\/media?parent=30982"}],"wp:term":[{"taxonomy":"product_brand","embeddable":true,"href":"https:\/\/milicia-pro.com\/index.php\/wp-json\/wp\/v2\/product_brand?post=30982"},{"taxonomy":"product_cat","embeddable":true,"href":"https:\/\/milicia-pro.com\/index.php\/wp-json\/wp\/v2\/product_cat?post=30982"},{"taxonomy":"product_tag","embeddable":true,"href":"https:\/\/milicia-pro.com\/index.php\/wp-json\/wp\/v2\/product_tag?post=30982"}],"curies":[{"name":"wp","href":"https:\/\/api.w.org\/{rel}","templated":true}]}}