{"id":30944,"date":"2022-09-01T17:07:33","date_gmt":"2022-09-01T17:07:33","guid":{"rendered":"https:\/\/milicia-pro.com\/?post_type=product&#038;p=30944"},"modified":"2026-01-09T11:12:59","modified_gmt":"2026-01-09T11:12:59","slug":"bota-operator","status":"publish","type":"product","link":"https:\/\/milicia-pro.com\/index.php\/product\/bota-operator\/","title":{"rendered":"BOTA OPERATOR"},"content":{"rendered":"<h3 data-open-accessibility-text-original=\"25px\"><img loading=\"lazy\" decoding=\"async\" class=\"alignnone size-medium wp-image-15102\" src=\"https:\/\/miliciapro.com\/wp-content\/uploads\/2020\/03\/IR1A1504A-341x400.jpg\" alt=\"\" width=\"341\" height=\"400\" \/><\/h3>\n<p data-open-accessibility-text-original=\"13px\">As botas de operador da First Tactical s\u00e3o perfeitas para o dia-a-dia: leves e respir\u00e1veis, mantendo um n\u00edvel de durabilidade incompar\u00e1vel. Excelente para quem passa muitas horas de p\u00e9 e perfeita para climas quentes<\/p>\n<h3 data-open-accessibility-text-original=\"25px\">ESPECIFICA\u00c7\u00d5ES<\/h3>\n<ul>\n<li style=\"list-style-type: none\">\n<ul class=\"disc\">\n<li data-open-accessibility-text-original=\"14px\">Camur\u00e7a 100% sint\u00e9tica<\/li>\n<li data-open-accessibility-text-original=\"14px\">Respir\u00e1veis<\/li>\n<li data-open-accessibility-text-original=\"14px\">Cano 7 &#8221; polegadas<\/li>\n<li data-open-accessibility-text-original=\"14px\">Bolso para faca<\/li>\n<li data-open-accessibility-text-original=\"14px\">Secagem r\u00e1pida<\/li>\n<\/ul>\n<\/li>\n<\/ul>\n<h4 data-open-accessibility-text-original=\"16px\"><strong>LEVEZA<\/strong><\/h4>\n<p data-open-accessibility-text-original=\"13px\">Constru\u00edda para proporcionar conforto extra,\u00a0 parte superior sint\u00e9tica leve e resistente, proporcionando liberdade de movimentos<\/p>\n<p><img decoding=\"async\" src=\"https:\/\/cdn.shopify.com\/s\/files\/1\/1125\/0762\/files\/operator-boot-callout-001.jpg?4591315064019296452\" \/><\/p>\n<h4 data-open-accessibility-text-original=\"16px\"><strong>RESPIRABILIDADE<\/strong><\/h4>\n<p data-open-accessibility-text-original=\"13px\">Tecido perfurado garante entrada de ar, tornando-se respir\u00e1vel proporcionando um maior conforto nos dias mais quentes.<\/p>\n<p data-open-accessibility-text-original=\"13px\"><img decoding=\"async\" src=\"https:\/\/cdn.shopify.com\/s\/files\/1\/1125\/0762\/files\/operator-boot-callout-002.jpg?4591315064019296452\" \/><\/p>\n<p><iframe loading=\"lazy\" title=\"First Tactical&#039;s Operator Boot\" width=\"1020\" height=\"574\" src=\"https:\/\/www.youtube.com\/embed\/yYXbPtT_2Zc?feature=oembed\" frameborder=\"0\" allow=\"accelerometer; autoplay; clipboard-write; encrypted-media; gyroscope; picture-in-picture; web-share\" referrerpolicy=\"strict-origin-when-cross-origin\" allowfullscreen><\/iframe><\/p>\n","protected":false},"excerpt":{"rendered":"<p>Desconto para profissionais mediante identifica\u00e7\u00e3o<\/p>\n","protected":false},"featured_media":30030,"comment_status":"open","ping_status":"closed","template":"","meta":{"_monsterinsights_skip_tracking":false,"_monsterinsights_sitenote_active":false,"_monsterinsights_sitenote_note":"","_monsterinsights_sitenote_category":0},"product_brand":[1509],"product_cat":[1464,1463,830],"product_tag":[86,529,277,325],"class_list":{"0":"post-30944","1":"product","2":"type-product","3":"status-publish","4":"has-post-thumbnail","6":"product_brand-first-tactical","7":"product_cat-botas-calcado-2","8":"product_cat-calcado-2","9":"product_cat-firsttactical","10":"product_tag-bota","11":"product_tag-operacional","12":"product_tag-profissional","13":"product_tag-tatica","15":"first","16":"instock","17":"shipping-taxable","18":"purchasable","19":"product-type-variable"},"aioseo_notices":[],"jetpack_sharing_enabled":true,"_links":{"self":[{"href":"https:\/\/milicia-pro.com\/index.php\/wp-json\/wp\/v2\/product\/30944","targetHints":{"allow":["GET"]}}],"collection":[{"href":"https:\/\/milicia-pro.com\/index.php\/wp-json\/wp\/v2\/product"}],"about":[{"href":"https:\/\/milicia-pro.com\/index.php\/wp-json\/wp\/v2\/types\/product"}],"replies":[{"embeddable":true,"href":"https:\/\/milicia-pro.com\/index.php\/wp-json\/wp\/v2\/comments?post=30944"}],"wp:featuredmedia":[{"embeddable":true,"href":"https:\/\/milicia-pro.com\/index.php\/wp-json\/wp\/v2\/media\/30030"}],"wp:attachment":[{"href":"https:\/\/milicia-pro.com\/index.php\/wp-json\/wp\/v2\/media?parent=30944"}],"wp:term":[{"taxonomy":"product_brand","embeddable":true,"href":"https:\/\/milicia-pro.com\/index.php\/wp-json\/wp\/v2\/product_brand?post=30944"},{"taxonomy":"product_cat","embeddable":true,"href":"https:\/\/milicia-pro.com\/index.php\/wp-json\/wp\/v2\/product_cat?post=30944"},{"taxonomy":"product_tag","embeddable":true,"href":"https:\/\/milicia-pro.com\/index.php\/wp-json\/wp\/v2\/product_tag?post=30944"}],"curies":[{"name":"wp","href":"https:\/\/api.w.org\/{rel}","templated":true}]}}