{"id":30943,"date":"2022-09-01T17:07:33","date_gmt":"2022-09-01T17:07:33","guid":{"rendered":"https:\/\/milicia-pro.com\/?post_type=product&#038;p=30943"},"modified":"2025-07-27T13:01:08","modified_gmt":"2025-07-27T13:01:08","slug":"bolsa-para-arma-de-fogo","status":"publish","type":"product","link":"https:\/\/milicia-pro.com\/index.php\/product\/bolsa-para-arma-de-fogo\/","title":{"rendered":"BOLSA PARA ARMA DE FOGO"},"content":{"rendered":"<p>Transporte seguro e conveniente para uma arma de fogo. Esta bolsa tem no seu interior um compartimento acolchoado e uma plataforma el\u00e1stica com cinco espa\u00e7os onde podem ser acondicionados os respetivos carregadores da sua arma, bem como uma faca. Possui tamb\u00e9m no interior um local para colocar a sua identifica\u00e7\u00e3o e a identifica\u00e7\u00e3o do conte\u00fado. No exterior pode ainda personalizar com Patch. Acolchoada em c\u00e9lula fechada de 10mm com fechos YKK Hardware Duarflex<\/p>\n<p>Medidas 27,9cm x 20,3cm x 3,8cm<\/p>\n<p>Capacidade para 2,2 litros<\/p>\n<p><iframe loading=\"lazy\" title=\"First Tactical&#039;s Pistol Sleeve\" width=\"1020\" height=\"574\" src=\"https:\/\/www.youtube.com\/embed\/68LIq4b_ykw?feature=oembed\" frameborder=\"0\" allow=\"accelerometer; autoplay; clipboard-write; encrypted-media; gyroscope; picture-in-picture; web-share\" referrerpolicy=\"strict-origin-when-cross-origin\" allowfullscreen><\/iframe><\/p>\n<p><img loading=\"lazy\" decoding=\"async\" class=\"size-full wp-image-15077 alignleft\" src=\"https:\/\/miliciapro.com\/wp-content\/uploads\/2020\/03\/180010-10.png\" alt=\"\" width=\"202\" height=\"143\" \/><\/p>\n<p>&nbsp;<\/p>\n<p><strong>MOCHILA\u00a0<\/strong><b>COMPAT\u00cdVEL<\/b><\/p>\n<p>Idealizada para trabalhar em conjunto com as primeiras mochilas t\u00e1ticas.<\/p>\n<p>&nbsp;<\/p>\n<p>&nbsp;<\/p>\n<p>&nbsp;<\/p>\n<p><img loading=\"lazy\" decoding=\"async\" class=\"size-medium wp-image-15078 alignleft\" src=\"https:\/\/miliciapro.com\/wp-content\/uploads\/2020\/03\/180010-11.png\" alt=\"\" width=\"206\" height=\"145\" \/><\/p>\n<p><strong>BOLSA DE\u00a0<\/strong><b>PISTOLA<\/b><\/p>\n<p>Acondiciona com seguran\u00e7a uma arma de fogo num compartimento pr\u00f3prio, contendo um organizador em el\u00e1stico.<\/p>\n<p>&nbsp;<\/p>\n<p>&nbsp;<\/p>\n<p><img loading=\"lazy\" decoding=\"async\" class=\"size-medium wp-image-15079 alignleft\" src=\"https:\/\/miliciapro.com\/wp-content\/uploads\/2020\/03\/180010-12.png\" alt=\"\" width=\"210\" height=\"137\" \/><\/p>\n<p>&nbsp;<\/p>\n<p><strong>SISTEMA DE MONTAGEM<\/strong><\/p>\n<p>Mant\u00e9m a arma os respectivos componentes inerentes seguros.<\/p>\n","protected":false},"excerpt":{"rendered":"<p>Transporte seguro e conveniente para uma arma de fogo. Esta bolsa tem no seu interior um compartimento acolchoado e uma plataforma el\u00e1stica com cinco espa\u00e7os onde podem ser acondicionados os respetivos carregadores da sua arma, bem como uma faca. Possui tamb\u00e9m no interior um local para colocar a sua identifica\u00e7\u00e3o e a identifica\u00e7\u00e3o do conte\u00fado. [&#8230;]\n","protected":false},"featured_media":30017,"comment_status":"open","ping_status":"closed","template":"","meta":{"_monsterinsights_skip_tracking":false,"_monsterinsights_sitenote_active":false,"_monsterinsights_sitenote_note":"","_monsterinsights_sitenote_category":0},"product_brand":[],"product_cat":[830,1108,829,1467],"product_tag":[64,80,105,205],"class_list":{"0":"post-30943","1":"product","2":"type-product","3":"status-publish","4":"has-post-thumbnail","6":"product_cat-firsttactical","7":"product_cat-malas-p-arma","8":"product_cat-marcas","9":"product_cat-mochilas-bolsas","10":"product_tag-arma","11":"product_tag-bolsa","12":"product_tag-carregador","13":"product_tag-mala","15":"first","16":"instock","17":"shipping-taxable","18":"purchasable","19":"product-type-variable"},"aioseo_notices":[],"jetpack_sharing_enabled":true,"_links":{"self":[{"href":"https:\/\/milicia-pro.com\/index.php\/wp-json\/wp\/v2\/product\/30943","targetHints":{"allow":["GET"]}}],"collection":[{"href":"https:\/\/milicia-pro.com\/index.php\/wp-json\/wp\/v2\/product"}],"about":[{"href":"https:\/\/milicia-pro.com\/index.php\/wp-json\/wp\/v2\/types\/product"}],"replies":[{"embeddable":true,"href":"https:\/\/milicia-pro.com\/index.php\/wp-json\/wp\/v2\/comments?post=30943"}],"wp:featuredmedia":[{"embeddable":true,"href":"https:\/\/milicia-pro.com\/index.php\/wp-json\/wp\/v2\/media\/30017"}],"wp:attachment":[{"href":"https:\/\/milicia-pro.com\/index.php\/wp-json\/wp\/v2\/media?parent=30943"}],"wp:term":[{"taxonomy":"product_brand","embeddable":true,"href":"https:\/\/milicia-pro.com\/index.php\/wp-json\/wp\/v2\/product_brand?post=30943"},{"taxonomy":"product_cat","embeddable":true,"href":"https:\/\/milicia-pro.com\/index.php\/wp-json\/wp\/v2\/product_cat?post=30943"},{"taxonomy":"product_tag","embeddable":true,"href":"https:\/\/milicia-pro.com\/index.php\/wp-json\/wp\/v2\/product_tag?post=30943"}],"curies":[{"name":"wp","href":"https:\/\/api.w.org\/{rel}","templated":true}]}}