{"id":30921,"date":"2022-09-01T17:07:26","date_gmt":"2022-09-01T17:07:26","guid":{"rendered":"https:\/\/milicia-pro.com\/?post_type=product&#038;p=30921"},"modified":"2026-02-12T15:38:10","modified_gmt":"2026-02-12T15:38:10","slug":"cinto-tactical-1-5","status":"publish","type":"product","link":"https:\/\/milicia-pro.com\/index.php\/product\/cinto-tactical-1-5\/","title":{"rendered":"CINTO TACTICAL 1.5&#8243;"},"content":{"rendered":"<p>O cinto t\u00e1tico suporta os rigores do uso profissional di\u00e1rio, mantendo o conforto necess\u00e1rio durante o trabalho. A fivela de alum\u00ednio\/a\u00e7o \u00e9 fabricada e rebitada para a durabilidade e resist\u00eancia incompar\u00e1veis. Resist\u00eancia classificada em unidades de for\u00e7a direta de 8kN e indireta de 18kN. Cinto com 3,8cm de largura.<\/p>\n<p><iframe loading=\"lazy\" title=\"First Tactical&#039;s Tactical Belt\" width=\"1020\" height=\"574\" src=\"https:\/\/www.youtube.com\/embed\/d9NKXJxChvo?feature=oembed\" frameborder=\"0\" allow=\"accelerometer; autoplay; clipboard-write; encrypted-media; gyroscope; picture-in-picture; web-share\" referrerpolicy=\"strict-origin-when-cross-origin\" allowfullscreen><\/iframe><\/p>\n<p>&nbsp;<\/p>\n<p><img loading=\"lazy\" decoding=\"async\" class=\"size-full wp-image-15052 alignleft\" src=\"https:\/\/miliciapro.com\/wp-content\/uploads\/2020\/03\/143009-10.png\" alt=\"\" width=\"208\" height=\"139\" \/><\/p>\n<p><strong>CONSTRU\u00c7\u00c3O INOVADORA DE FIVELAS<\/strong><\/p>\n<p>Este cinto t\u00e1tico apresenta uma fivela de estilo \u201csanduiche\u201d com uma configura\u00e7\u00e3o de alum\u00ednio\/a\u00e7o, permitindo assim uma estabilidade excecional.<\/p>\n<p>&nbsp;<\/p>\n<p>&nbsp;<\/p>\n<p><img loading=\"lazy\" decoding=\"async\" class=\"size-full wp-image-15053 alignleft\" src=\"https:\/\/miliciapro.com\/wp-content\/uploads\/2020\/03\/143009-11.png\" alt=\"\" width=\"201\" height=\"135\" \/><\/p>\n<p><strong>WEBBING DE NYLON PR\u00c9-CURVADO<\/strong><\/p>\n<p>A correia \u00e9 resistente e de alta densidade, forte, projetada com uma borda de tecido de sarja para uma composi\u00e7\u00e3o mais suave e com curva ergon\u00f3mica para se poder moldar \u00e0 cintura.<\/p>\n<p>&nbsp;<\/p>\n<p>&nbsp;<\/p>\n<p><img loading=\"lazy\" decoding=\"async\" class=\"size-full wp-image-15054 alignleft\" src=\"https:\/\/miliciapro.com\/wp-content\/uploads\/2020\/03\/143009-12.png\" alt=\"\" width=\"211\" height=\"153\" \/><\/p>\n<p><strong>D-RING<\/strong><\/p>\n<p>A barra lateral interna do cinto \u00e9 dentada possibilitando assim uma melhor ader\u00eancia quando colocado.<\/p>\n<p>&nbsp;<\/p>\n<p>&nbsp;<\/p>\n<p>&nbsp;<\/p>\n<p>&nbsp;<\/p>\n<p>&nbsp;<\/p>\n","protected":false},"excerpt":{"rendered":"<p>O cinto t\u00e1tico suporta os rigores do uso profissional di\u00e1rio, mantendo o conforto necess\u00e1rio durante o trabalho. A fivela de alum\u00ednio\/a\u00e7o \u00e9 fabricada e rebitada para a durabilidade e resist\u00eancia incompar\u00e1veis. Resist\u00eancia classificada em unidades de for\u00e7a direta de 8kN e indireta de 18kN. Cinto com 3,8cm de largura. &nbsp; CONSTRU\u00c7\u00c3O INOVADORA DE FIVELAS Este [&#8230;]\n","protected":false},"featured_media":30004,"comment_status":"open","ping_status":"closed","template":"","meta":{"_monsterinsights_skip_tracking":false,"_monsterinsights_sitenote_active":false,"_monsterinsights_sitenote_note":"","_monsterinsights_sitenote_category":0},"product_brand":[1509],"product_cat":[1153,830,1063],"product_tag":[116,326],"class_list":{"0":"post-30921","1":"product","2":"type-product","3":"status-publish","4":"has-post-thumbnail","6":"product_brand-first-tactical","7":"product_cat-cinto","8":"product_cat-firsttactical","9":"product_cat-vestuario","10":"product_tag-cinto","11":"product_tag-tatico","13":"first","14":"instock","15":"shipping-taxable","16":"purchasable","17":"product-type-variable"},"aioseo_notices":[],"jetpack_sharing_enabled":true,"_links":{"self":[{"href":"https:\/\/milicia-pro.com\/index.php\/wp-json\/wp\/v2\/product\/30921","targetHints":{"allow":["GET"]}}],"collection":[{"href":"https:\/\/milicia-pro.com\/index.php\/wp-json\/wp\/v2\/product"}],"about":[{"href":"https:\/\/milicia-pro.com\/index.php\/wp-json\/wp\/v2\/types\/product"}],"replies":[{"embeddable":true,"href":"https:\/\/milicia-pro.com\/index.php\/wp-json\/wp\/v2\/comments?post=30921"}],"wp:featuredmedia":[{"embeddable":true,"href":"https:\/\/milicia-pro.com\/index.php\/wp-json\/wp\/v2\/media\/30004"}],"wp:attachment":[{"href":"https:\/\/milicia-pro.com\/index.php\/wp-json\/wp\/v2\/media?parent=30921"}],"wp:term":[{"taxonomy":"product_brand","embeddable":true,"href":"https:\/\/milicia-pro.com\/index.php\/wp-json\/wp\/v2\/product_brand?post=30921"},{"taxonomy":"product_cat","embeddable":true,"href":"https:\/\/milicia-pro.com\/index.php\/wp-json\/wp\/v2\/product_cat?post=30921"},{"taxonomy":"product_tag","embeddable":true,"href":"https:\/\/milicia-pro.com\/index.php\/wp-json\/wp\/v2\/product_tag?post=30921"}],"curies":[{"name":"wp","href":"https:\/\/api.w.org\/{rel}","templated":true}]}}