{"id":30920,"date":"2022-09-01T17:07:25","date_gmt":"2022-09-01T17:07:25","guid":{"rendered":"https:\/\/milicia-pro.com\/?post_type=product&#038;p=30920"},"modified":"2025-07-23T16:25:17","modified_gmt":"2025-07-23T16:25:17","slug":"camisa-tactical-mulher-manga-comprida","status":"publish","type":"product","link":"https:\/\/milicia-pro.com\/index.php\/product\/camisa-tactical-mulher-manga-comprida\/","title":{"rendered":"CAMISA TACTICAL MULHER &#8211; MANGA COMPRIDA"},"content":{"rendered":"<p><img loading=\"lazy\" decoding=\"async\" class=\"alignnone size-medium wp-image-14873\" src=\"https:\/\/miliciapro.com\/wp-content\/uploads\/2020\/03\/DSC_2296-599x400.jpg\" alt=\"\" width=\"599\" height=\"400\" \/><\/p>\n<p>As camisas Tactical V2 representam anos de pesquisa, desenvolvimento e contribui\u00e7\u00e3o dos utilizadores para fornecer a melhor camisa\u00a0 orientada para o desempenho, para lidar em qualquer situa\u00e7\u00e3o.<\/p>\n<p>Bolsos embutidos com abas refor\u00e7adas proporcionando uma apar\u00eancia elegante, limpa e profissional.<\/p>\n<p>Costuras refor\u00e7adas nos pontos de maior press\u00e3o fornecendo uma flexibilidade m\u00e1xima n\u00e3o interferindo nos movimentos, m\u00e1ximo em conforto, profissionalismo e durabilidade.<\/p>\n<p>Protec\u00e7\u00e3o da cor at\u00e9 50 lavagens<\/p>\n<p>Design Mulher<\/p>\n<h4 data-open-accessibility-text-original=\"16px\"><strong>LIBERDADE DE MOVIMENTO<\/strong><\/h4>\n<p data-open-accessibility-text-original=\"13px\">Refor\u00e7o lateral<\/p>\n<p><img decoding=\"async\" src=\"https:\/\/cdn.shopify.com\/s\/files\/1\/1125\/0762\/files\/121006_Freedom_of_movement_pic.png?v=14137105094799899811\" \/>\u00a0 \u00a0 \u00a0 \u00a0 \u00a0 \u00a0 \u00a0 \u00a0 \u00a0 \u00a0 \u00a0 \u00a0 \u00a0 \u00a0 \u00a0<img decoding=\"async\" src=\"https:\/\/cdn.shopify.com\/s\/files\/1\/1125\/0762\/files\/121006_Women_V2_Enhanced_Pockets_image.png?v=673679055642645208\" \/><\/p>\n<p>&nbsp;<\/p>\n","protected":false},"excerpt":{"rendered":"<p>As camisas Tactical V2 representam anos de pesquisa, desenvolvimento e contribui\u00e7\u00e3o dos utilizadores para fornecer a melhor camisa\u00a0 orientada para o desempenho, para lidar em qualquer situa\u00e7\u00e3o. Bolsos embutidos com abas refor\u00e7adas proporcionando uma apar\u00eancia elegante, limpa e profissional. Costuras refor\u00e7adas nos pontos de maior press\u00e3o fornecendo uma flexibilidade m\u00e1xima n\u00e3o interferindo nos movimentos, m\u00e1ximo [&#8230;]\n","protected":false},"featured_media":29973,"comment_status":"open","ping_status":"closed","template":"","meta":{"_monsterinsights_skip_tracking":false,"_monsterinsights_sitenote_active":false,"_monsterinsights_sitenote_note":"","_monsterinsights_sitenote_category":0},"product_brand":[],"product_cat":[1081,830,829,1063],"product_tag":[93,301,325],"class_list":{"0":"post-30920","1":"product","2":"type-product","3":"status-publish","4":"has-post-thumbnail","6":"product_cat-camisa","7":"product_cat-firsttactical","8":"product_cat-marcas","9":"product_cat-vestuario","10":"product_tag-camisa","11":"product_tag-senhora","12":"product_tag-tatica","14":"first","15":"instock","16":"shipping-taxable","17":"purchasable","18":"product-type-variable"},"aioseo_notices":[],"jetpack_sharing_enabled":true,"_links":{"self":[{"href":"https:\/\/milicia-pro.com\/index.php\/wp-json\/wp\/v2\/product\/30920","targetHints":{"allow":["GET"]}}],"collection":[{"href":"https:\/\/milicia-pro.com\/index.php\/wp-json\/wp\/v2\/product"}],"about":[{"href":"https:\/\/milicia-pro.com\/index.php\/wp-json\/wp\/v2\/types\/product"}],"replies":[{"embeddable":true,"href":"https:\/\/milicia-pro.com\/index.php\/wp-json\/wp\/v2\/comments?post=30920"}],"wp:featuredmedia":[{"embeddable":true,"href":"https:\/\/milicia-pro.com\/index.php\/wp-json\/wp\/v2\/media\/29973"}],"wp:attachment":[{"href":"https:\/\/milicia-pro.com\/index.php\/wp-json\/wp\/v2\/media?parent=30920"}],"wp:term":[{"taxonomy":"product_brand","embeddable":true,"href":"https:\/\/milicia-pro.com\/index.php\/wp-json\/wp\/v2\/product_brand?post=30920"},{"taxonomy":"product_cat","embeddable":true,"href":"https:\/\/milicia-pro.com\/index.php\/wp-json\/wp\/v2\/product_cat?post=30920"},{"taxonomy":"product_tag","embeddable":true,"href":"https:\/\/milicia-pro.com\/index.php\/wp-json\/wp\/v2\/product_tag?post=30920"}],"curies":[{"name":"wp","href":"https:\/\/api.w.org\/{rel}","templated":true}]}}