{"id":30918,"date":"2022-09-01T17:07:25","date_gmt":"2022-09-01T17:07:25","guid":{"rendered":"https:\/\/milicia-pro.com\/?post_type=product&#038;p=30918"},"modified":"2025-09-29T11:00:43","modified_gmt":"2025-09-29T11:00:43","slug":"camisa-tactical-homem-manga-comprida","status":"publish","type":"product","link":"https:\/\/milicia-pro.com\/index.php\/product\/camisa-tactical-homem-manga-comprida\/","title":{"rendered":"CAMISA TACTICAL HOMEM &#8211; MANGA COMPRIDA"},"content":{"rendered":"<p><img loading=\"lazy\" decoding=\"async\" class=\"alignnone size-medium wp-image-14820\" src=\"https:\/\/miliciapro.com\/wp-content\/uploads\/2020\/03\/UNADJUSTEDNONRAW_thumb_c5-600x400.jpg\" alt=\"\" width=\"600\" height=\"400\" \/><\/p>\n<p>As camisas Tactical V2 representam anos de pesquisa, desenvolvimento e contribui\u00e7\u00e3o dos utilizadores para fornecer a melhor camisa\u00a0 orientada para o desempenho, para lidar em qualquer situa\u00e7\u00e3o.<\/p>\n<p>Bolsos embutidos com abas refor\u00e7adas proporcionando uma apar\u00eancia elegante, limpa e profissional<\/p>\n<p>Costuras refor\u00e7adas nos pontos de maior press\u00e3o fornecendo uma flexibilidade m\u00e1xima n\u00e3o interferindo nos movimentos, m\u00e1ximo em conforto, profissionalismo e durabilidade<\/p>\n<p>Protec\u00e7\u00e3o da cor at\u00e9 50 lavagens<\/p>\n<p><iframe loading=\"lazy\" title=\"First Tactical&#039;s V2 Shirt\" width=\"1020\" height=\"574\" src=\"https:\/\/www.youtube.com\/embed\/0DnRsKiQ48Q?feature=oembed\" frameborder=\"0\" allow=\"accelerometer; autoplay; clipboard-write; encrypted-media; gyroscope; picture-in-picture; web-share\" referrerpolicy=\"strict-origin-when-cross-origin\" allowfullscreen><\/iframe><\/p>\n","protected":false},"excerpt":{"rendered":"<p>As camisas Tactical V2 representam anos de pesquisa, desenvolvimento e contribui\u00e7\u00e3o dos utilizadores para fornecer a melhor camisa\u00a0 orientada para o desempenho, para lidar em qualquer situa\u00e7\u00e3o. Bolsos embutidos com abas refor\u00e7adas proporcionando uma apar\u00eancia elegante, limpa e profissional Costuras refor\u00e7adas nos pontos de maior press\u00e3o fornecendo uma flexibilidade m\u00e1xima n\u00e3o interferindo nos movimentos, m\u00e1ximo [&#8230;]\n","protected":false},"featured_media":29930,"comment_status":"open","ping_status":"closed","template":"","meta":{"_monsterinsights_skip_tracking":false,"_monsterinsights_sitenote_active":false,"_monsterinsights_sitenote_note":"","_monsterinsights_sitenote_category":0},"product_brand":[],"product_cat":[1081,830,829,1063],"product_tag":[93,576,505],"class_list":{"0":"post-30918","1":"product","2":"type-product","3":"status-publish","4":"has-post-thumbnail","6":"product_cat-camisa","7":"product_cat-firsttactical","8":"product_cat-marcas","9":"product_cat-vestuario","10":"product_tag-camisa","11":"product_tag-casual","12":"product_tag-seguranca","14":"first","15":"instock","16":"shipping-taxable","17":"purchasable","18":"product-type-variable"},"aioseo_notices":[],"jetpack_sharing_enabled":true,"_links":{"self":[{"href":"https:\/\/milicia-pro.com\/index.php\/wp-json\/wp\/v2\/product\/30918","targetHints":{"allow":["GET"]}}],"collection":[{"href":"https:\/\/milicia-pro.com\/index.php\/wp-json\/wp\/v2\/product"}],"about":[{"href":"https:\/\/milicia-pro.com\/index.php\/wp-json\/wp\/v2\/types\/product"}],"replies":[{"embeddable":true,"href":"https:\/\/milicia-pro.com\/index.php\/wp-json\/wp\/v2\/comments?post=30918"}],"wp:featuredmedia":[{"embeddable":true,"href":"https:\/\/milicia-pro.com\/index.php\/wp-json\/wp\/v2\/media\/29930"}],"wp:attachment":[{"href":"https:\/\/milicia-pro.com\/index.php\/wp-json\/wp\/v2\/media?parent=30918"}],"wp:term":[{"taxonomy":"product_brand","embeddable":true,"href":"https:\/\/milicia-pro.com\/index.php\/wp-json\/wp\/v2\/product_brand?post=30918"},{"taxonomy":"product_cat","embeddable":true,"href":"https:\/\/milicia-pro.com\/index.php\/wp-json\/wp\/v2\/product_cat?post=30918"},{"taxonomy":"product_tag","embeddable":true,"href":"https:\/\/milicia-pro.com\/index.php\/wp-json\/wp\/v2\/product_tag?post=30918"}],"curies":[{"name":"wp","href":"https:\/\/api.w.org\/{rel}","templated":true}]}}