{"id":30917,"date":"2022-09-01T17:07:25","date_gmt":"2022-09-01T17:07:25","guid":{"rendered":"https:\/\/milicia-pro.com\/?post_type=product&#038;p=30917"},"modified":"2026-01-06T10:40:40","modified_gmt":"2026-01-06T10:40:40","slug":"joelheira-interna-v2-tactical","status":"publish","type":"product","link":"https:\/\/milicia-pro.com\/index.php\/product\/joelheira-interna-v2-tactical\/","title":{"rendered":"JOELHEIRA INTERNA V2 TACTICAL"},"content":{"rendered":"<p><img loading=\"lazy\" decoding=\"async\" class=\"alignnone size-medium wp-image-14642\" src=\"https:\/\/miliciapro.com\/wp-content\/uploads\/2020\/03\/FT-Police-IMG_0059-600x400.jpg\" alt=\"\" width=\"600\" height=\"400\" \/><\/p>\n<h3 data-open-accessibility-text-original=\"25px\">ESPECIFICA\u00c7\u00d5ES<\/h3>\n<ul>\n<li style=\"list-style-type: none\">\n<ul class=\"disc\">\n<li data-open-accessibility-text-original=\"14px\">Espuma moldada por compress\u00e3o EVA<\/li>\n<li data-open-accessibility-text-original=\"14px\">Constru\u00e7\u00e3o de dupla densidade<\/li>\n<li data-open-accessibility-text-original=\"14px\">Vendidas aos pares<\/li>\n<li data-open-accessibility-text-original=\"14px\">Encaixa nas cal\u00e7as First Tactical com bolsos no joelho<\/li>\n<li data-open-accessibility-text-original=\"14px\">Forma 3D de impacto geom\u00e9trico<\/li>\n<li data-open-accessibility-text-original=\"14px\">Tecido de malha exterior texturizado<\/li>\n<li data-open-accessibility-text-original=\"14px\">Protec\u00e7\u00e3o contra a transpira\u00e7\u00e3o e o odores\u00a0indesejados<\/li>\n<\/ul>\n<\/li>\n<\/ul>\n<p><iframe loading=\"lazy\" title=\"First Tactical&#039;s Joint Protection Collection\" width=\"1020\" height=\"574\" src=\"https:\/\/www.youtube.com\/embed\/Ci2Cg5TTlaI?feature=oembed\" frameborder=\"0\" allow=\"accelerometer; autoplay; clipboard-write; encrypted-media; gyroscope; picture-in-picture; web-share\" referrerpolicy=\"strict-origin-when-cross-origin\" allowfullscreen><\/iframe><\/p>\n","protected":false},"excerpt":{"rendered":"<p>ESPECIFICA\u00c7\u00d5ES Espuma moldada por compress\u00e3o EVA Constru\u00e7\u00e3o de dupla densidade Vendidas aos pares Encaixa nas cal\u00e7as First Tactical com bolsos no joelho Forma 3D de impacto geom\u00e9trico Tecido de malha exterior texturizado Protec\u00e7\u00e3o contra a transpira\u00e7\u00e3o e o odores\u00a0indesejados<\/p>\n","protected":false},"featured_media":29927,"comment_status":"open","ping_status":"closed","template":"","meta":{"_monsterinsights_skip_tracking":false,"_monsterinsights_sitenote_active":false,"_monsterinsights_sitenote_note":"","_monsterinsights_sitenote_category":0},"product_brand":[],"product_cat":[1091,1064,830,829],"product_tag":[177,513],"class_list":{"0":"post-30917","1":"product","2":"type-product","3":"status-publish","4":"has-post-thumbnail","6":"product_cat-cotoveleirajoelheira","7":"product_cat-equipamentotatico","8":"product_cat-firsttactical","9":"product_cat-marcas","10":"product_tag-joelheira","11":"product_tag-protecao","13":"first","14":"instock","15":"shipping-taxable","16":"purchasable","17":"product-type-variable"},"aioseo_notices":[],"jetpack_sharing_enabled":true,"_links":{"self":[{"href":"https:\/\/milicia-pro.com\/index.php\/wp-json\/wp\/v2\/product\/30917","targetHints":{"allow":["GET"]}}],"collection":[{"href":"https:\/\/milicia-pro.com\/index.php\/wp-json\/wp\/v2\/product"}],"about":[{"href":"https:\/\/milicia-pro.com\/index.php\/wp-json\/wp\/v2\/types\/product"}],"replies":[{"embeddable":true,"href":"https:\/\/milicia-pro.com\/index.php\/wp-json\/wp\/v2\/comments?post=30917"}],"wp:featuredmedia":[{"embeddable":true,"href":"https:\/\/milicia-pro.com\/index.php\/wp-json\/wp\/v2\/media\/29927"}],"wp:attachment":[{"href":"https:\/\/milicia-pro.com\/index.php\/wp-json\/wp\/v2\/media?parent=30917"}],"wp:term":[{"taxonomy":"product_brand","embeddable":true,"href":"https:\/\/milicia-pro.com\/index.php\/wp-json\/wp\/v2\/product_brand?post=30917"},{"taxonomy":"product_cat","embeddable":true,"href":"https:\/\/milicia-pro.com\/index.php\/wp-json\/wp\/v2\/product_cat?post=30917"},{"taxonomy":"product_tag","embeddable":true,"href":"https:\/\/milicia-pro.com\/index.php\/wp-json\/wp\/v2\/product_tag?post=30917"}],"curies":[{"name":"wp","href":"https:\/\/api.w.org\/{rel}","templated":true}]}}