{"id":30879,"date":"2022-09-01T17:07:07","date_gmt":"2022-09-01T17:07:07","guid":{"rendered":"https:\/\/milicia-pro.com\/?post_type=product&#038;p=30879"},"modified":"2025-11-12T10:29:06","modified_gmt":"2025-11-12T10:29:06","slug":"calca-defender-multicam","status":"publish","type":"product","link":"https:\/\/milicia-pro.com\/index.php\/product\/calca-defender-multicam\/","title":{"rendered":"CAL\u00c7A DEFENDER MULTICAM\u00ae"},"content":{"rendered":"<p><img loading=\"lazy\" decoding=\"async\" class=\"alignnone size-medium wp-image-14447\" src=\"https:\/\/miliciapro.com\/wp-content\/uploads\/2020\/03\/IR1A2218A-600x400.jpg\" alt=\"\" width=\"600\" height=\"400\" \/><\/p>\n<p>As cal\u00e7as Defender Series da First Tactical s\u00e3o as melhores.<\/p>\n<p>Constru\u00eddas para lidar com qualquer miss\u00e3o, mantendo a apar\u00eancia profissional necess\u00e1ria.<\/p>\n<p>Bolsos especializados, em tecido ventilado,\u00a0 possuem amplo espa\u00e7o para equipamentos de grandes dimens\u00f5es, revistas e todos os outros equipamentos, s\u00e3o 28 bolsos no total.<\/p>\n<p>A ventila\u00e7\u00e3o em v\u00e1rias \u00e1reas importantes torna essas cal\u00e7as ideais para o clima quente.<\/p>\n<p>O seu tecido n\u00e3o impede os seus movimentos.<\/p>\n<p>&nbsp;<\/p>\n<h4 data-open-accessibility-text-original=\"16px\"><strong>TECIDO DEFENDER<\/strong><\/h4>\n<p data-open-accessibility-text-original=\"13px\">O tecido Defender possui uma mistura de algod\u00e3o respir\u00e1vel e Cordura\u00ae Nylon. O estirador mec\u00e2nico bidireccional Nyco \u00e9 um dos primeiros no mercado e possui tecido de ripstop duplo que absorve a humidade e \u00e9 perfeito para clima quente.<\/p>\n<p><img decoding=\"async\" src=\"https:\/\/cdn.shopify.com\/s\/files\/1\/1125\/0762\/files\/defender_multicam_pant_callout1.png?9164111460447918725\" \/><\/p>\n<h4 data-open-accessibility-text-original=\"16px\"><b>PROTEC\u00c7\u00c3O<\/b><strong>\u00a0DUPLA RESISTENTE AO JOELHO<\/strong><\/h4>\n<p data-open-accessibility-text-original=\"13px\">As Cal\u00e7as Defender apresentam um bolso de joelheira dur\u00e1vel, de camada dupla, projectado para sofrer abusos durante toda a vida \u00fatil.\u00a0Pares com joelheiras defensor do primeiro t\u00e1cito.<\/p>\n<p data-open-accessibility-text-original=\"13px\"><img decoding=\"async\" src=\"https:\/\/cdn.shopify.com\/s\/files\/1\/1125\/0762\/files\/defender_multicam_pant_callout2.png?9164111460447918725\" \/><\/p>\n<h4 data-open-accessibility-text-original=\"16px\"><strong>APAR\u00caNCIA PROFISSIONAL<\/strong><\/h4>\n<p data-open-accessibility-text-original=\"13px\">Apesar de terem sido projectadas\u00a0para equipes da SWAT e operadores de alto n\u00edvel, as Cal\u00e7as Defender mant\u00eam uma apar\u00eancia profissional sem parecer excessivamente agressivas.<\/p>\n<p data-open-accessibility-text-original=\"13px\"><img decoding=\"async\" src=\"https:\/\/cdn.shopify.com\/s\/files\/1\/1125\/0762\/files\/defender_multicam_pant_callout3.png?9164111460447918725\" \/><\/p>\n<table width=\"960\">\n<tbody>\n<tr>\n<td colspan=\"5\" width=\"320\">Tabela de equival\u00eancia de Tamanhos de Homem<\/td>\n<td width=\"64\"><\/td>\n<td width=\"64\"><\/td>\n<td width=\"64\"><\/td>\n<td width=\"64\"><\/td>\n<td width=\"64\"><\/td>\n<td width=\"64\"><\/td>\n<td width=\"64\"><\/td>\n<td width=\"64\"><\/td>\n<td width=\"64\"><\/td>\n<td width=\"64\"><\/td>\n<\/tr>\n<tr>\n<td><\/td>\n<td><\/td>\n<td><\/td>\n<td><\/td>\n<td><\/td>\n<td><\/td>\n<td><\/td>\n<td><\/td>\n<td><\/td>\n<td><\/td>\n<td><\/td>\n<td><\/td>\n<td><\/td>\n<td><\/td>\n<td><\/td>\n<\/tr>\n<tr>\n<td>Cintura<\/td>\n<td><\/td>\n<td><\/td>\n<td><\/td>\n<td><\/td>\n<td><\/td>\n<td><\/td>\n<td><\/td>\n<td><\/td>\n<td><\/td>\n<td><\/td>\n<td><\/td>\n<td><\/td>\n<td><\/td>\n<td><\/td>\n<\/tr>\n<tr>\n<td><\/td>\n<td><\/td>\n<td><\/td>\n<td><\/td>\n<td><\/td>\n<td><\/td>\n<td><\/td>\n<td><\/td>\n<td><\/td>\n<td><\/td>\n<td><\/td>\n<td><\/td>\n<td><\/td>\n<td><\/td>\n<td><\/td>\n<\/tr>\n<tr>\n<td>US<\/td>\n<td>24<\/td>\n<td>26<\/td>\n<td>28<\/td>\n<td>30<\/td>\n<td>32<\/td>\n<td>34<\/td>\n<td>36<\/td>\n<td>38<\/td>\n<td>40<\/td>\n<td>42<\/td>\n<td>44<\/td>\n<td>46<\/td>\n<td>48<\/td>\n<td>50<\/td>\n<\/tr>\n<tr>\n<td>EU<\/td>\n<td>34<\/td>\n<td>36<\/td>\n<td>38<\/td>\n<td>40<\/td>\n<td>42<\/td>\n<td>44<\/td>\n<td>46<\/td>\n<td>48<\/td>\n<td>50<\/td>\n<td>52<\/td>\n<td>54<\/td>\n<td>56<\/td>\n<td>58<\/td>\n<td>60<\/td>\n<\/tr>\n<tr>\n<td><\/td>\n<td><\/td>\n<td><\/td>\n<td><\/td>\n<td><\/td>\n<td><\/td>\n<td><\/td>\n<td><\/td>\n<td><\/td>\n<td><\/td>\n<td><\/td>\n<td><\/td>\n<td><\/td>\n<td><\/td>\n<td><\/td>\n<\/tr>\n<tr>\n<td><\/td>\n<td colspan=\"2\">XS<\/td>\n<td colspan=\"2\">S<\/td>\n<td colspan=\"2\">M<\/td>\n<td colspan=\"2\">L<\/td>\n<td colspan=\"2\">XL<\/td>\n<td colspan=\"2\">2XL<\/td>\n<td colspan=\"2\">3XL<\/td>\n<\/tr>\n<\/tbody>\n<\/table>\n","protected":false},"excerpt":{"rendered":"<p>As cal\u00e7as Defender Series da First Tactical s\u00e3o as melhores. Constru\u00eddas para lidar com qualquer miss\u00e3o, mantendo a apar\u00eancia profissional necess\u00e1ria. Bolsos especializados, em tecido ventilado,\u00a0 possuem amplo espa\u00e7o para equipamentos de grandes dimens\u00f5es, revistas e todos os outros equipamentos, s\u00e3o 28 bolsos no total. A ventila\u00e7\u00e3o em v\u00e1rias \u00e1reas importantes torna essas cal\u00e7as ideais [&#8230;]\n","protected":false},"featured_media":29906,"comment_status":"open","ping_status":"closed","template":"","meta":{"_monsterinsights_skip_tracking":false,"_monsterinsights_sitenote_active":false,"_monsterinsights_sitenote_note":"","_monsterinsights_sitenote_category":0},"product_brand":[],"product_cat":[1078,830,829,1063],"product_tag":[90,222,325],"class_list":{"0":"post-30879","1":"product","2":"type-product","3":"status-publish","4":"has-post-thumbnail","6":"product_cat-calcas","7":"product_cat-firsttactical","8":"product_cat-marcas","9":"product_cat-vestuario","10":"product_tag-calca","11":"product_tag-multicam","12":"product_tag-tatica","14":"first","15":"instock","16":"shipping-taxable","17":"purchasable","18":"product-type-variable"},"aioseo_notices":[],"jetpack_sharing_enabled":true,"_links":{"self":[{"href":"https:\/\/milicia-pro.com\/index.php\/wp-json\/wp\/v2\/product\/30879","targetHints":{"allow":["GET"]}}],"collection":[{"href":"https:\/\/milicia-pro.com\/index.php\/wp-json\/wp\/v2\/product"}],"about":[{"href":"https:\/\/milicia-pro.com\/index.php\/wp-json\/wp\/v2\/types\/product"}],"replies":[{"embeddable":true,"href":"https:\/\/milicia-pro.com\/index.php\/wp-json\/wp\/v2\/comments?post=30879"}],"wp:featuredmedia":[{"embeddable":true,"href":"https:\/\/milicia-pro.com\/index.php\/wp-json\/wp\/v2\/media\/29906"}],"wp:attachment":[{"href":"https:\/\/milicia-pro.com\/index.php\/wp-json\/wp\/v2\/media?parent=30879"}],"wp:term":[{"taxonomy":"product_brand","embeddable":true,"href":"https:\/\/milicia-pro.com\/index.php\/wp-json\/wp\/v2\/product_brand?post=30879"},{"taxonomy":"product_cat","embeddable":true,"href":"https:\/\/milicia-pro.com\/index.php\/wp-json\/wp\/v2\/product_cat?post=30879"},{"taxonomy":"product_tag","embeddable":true,"href":"https:\/\/milicia-pro.com\/index.php\/wp-json\/wp\/v2\/product_tag?post=30879"}],"curies":[{"name":"wp","href":"https:\/\/api.w.org\/{rel}","templated":true}]}}