{"id":30875,"date":"2022-09-01T17:07:07","date_gmt":"2022-09-01T17:07:07","guid":{"rendered":"https:\/\/milicia-pro.com\/?post_type=product&#038;p=30875"},"modified":"2026-02-11T18:26:18","modified_gmt":"2026-02-11T18:26:18","slug":"bolsa-para-arma-longa-105cm","status":"publish","type":"product","link":"https:\/\/milicia-pro.com\/index.php\/product\/bolsa-para-arma-longa-105cm\/","title":{"rendered":"BOLSA PARA ARMA LONGA 105CM"},"content":{"rendered":"<p>Projectada para transportar e proteger a sua arma de 112 cm. Com exterior em nylon 500D, dur\u00e1vel e espuma de c\u00e9lula fechada de 10 mm para acolchoamento.<\/p>\n<p>As fivelas s\u00e3o de bloqueio silencioso e as al\u00e7as de transporte acolchoadas e refor\u00e7adas.<\/p>\n<p>Os ganchos suspensos Thru System da First Tactical, a plataforma de montagem interior e a montagem em cano moldado por compress\u00e3o completam assim como uma luva a protec\u00e7\u00e3o e transporte adequado para a sua arma longa.<\/p>\n<p><iframe loading=\"lazy\" title=\"First Tactical&#039;s Rifle Sleeve Collection\" width=\"1020\" height=\"574\" src=\"https:\/\/www.youtube.com\/embed\/jpcElwzsOHY?feature=oembed\" frameborder=\"0\" allow=\"accelerometer; autoplay; clipboard-write; encrypted-media; gyroscope; picture-in-picture; web-share\" referrerpolicy=\"strict-origin-when-cross-origin\" allowfullscreen><\/iframe><\/p>\n<p><img loading=\"lazy\" decoding=\"async\" class=\"size-full wp-image-14638 alignleft\" src=\"https:\/\/miliciapro.com\/wp-content\/uploads\/2020\/03\/180007-10.png\" alt=\"\" width=\"206\" height=\"145\" \/><\/p>\n<p><strong>O PRIMEIRO SISTEMA DE ENCAIXE E SUSPENS\u00c3O T\u00c1TICO<\/strong><\/p>\n<p>Esta bolsa funciona como compartimentos Hook e Hang Thru, nas mochilas First tactical para transporte confi\u00e1vel de armas de fogo.<\/p>\n<p>&nbsp;<\/p>\n<p>&nbsp;<\/p>\n<p><img loading=\"lazy\" decoding=\"async\" class=\"size-full wp-image-14640 alignleft\" src=\"https:\/\/miliciapro.com\/wp-content\/uploads\/2020\/03\/180007-12.png\" alt=\"\" width=\"208\" height=\"145\" \/><\/p>\n<p><strong>MONTAGEM E MOLDAGEM POR COMPRESS\u00c3O<\/strong><\/p>\n<p>Suporte para o cano da arma, integrado, resistente, com ajuste preciso e estabilidade ideal.<\/p>\n<p>&nbsp;<\/p>\n<p>&nbsp;<\/p>\n<p>&nbsp;<\/p>\n<p><strong><img loading=\"lazy\" decoding=\"async\" class=\"size-full wp-image-14641 alignleft\" src=\"https:\/\/miliciapro.com\/wp-content\/uploads\/2020\/03\/180007-13.png\" alt=\"\" width=\"203\" height=\"138\" \/>AL\u00c7AS DE BAIXO PERFIL<\/strong><\/p>\n<p>Al\u00e7as de transporte acolchoadas e refor\u00e7adas que dobram facilmente quando n\u00e3o s\u00e3o necess\u00e1rias nas mochilas.<\/p>\n","protected":false},"excerpt":{"rendered":"<p>Projectada para transportar e proteger a sua arma de 112 cm. Com exterior em nylon 500D, dur\u00e1vel e espuma de c\u00e9lula fechada de 10 mm para acolchoamento. As fivelas s\u00e3o de bloqueio silencioso e as al\u00e7as de transporte acolchoadas e refor\u00e7adas. Os ganchos suspensos Thru System da First Tactical, a plataforma de montagem interior e [&#8230;]\n","protected":false},"featured_media":29896,"comment_status":"open","ping_status":"closed","template":"","meta":{"_monsterinsights_skip_tracking":false,"_monsterinsights_sitenote_active":false,"_monsterinsights_sitenote_note":"","_monsterinsights_sitenote_category":0},"product_brand":[1509],"product_cat":[830,1108,1467],"product_tag":[64,80,800,205],"class_list":{"0":"post-30875","1":"product","2":"type-product","3":"status-publish","4":"has-post-thumbnail","6":"product_brand-first-tactical","7":"product_cat-firsttactical","8":"product_cat-malas-p-arma","9":"product_cat-mochilas-bolsas","10":"product_tag-arma","11":"product_tag-bolsa","12":"product_tag-carabina","13":"product_tag-mala","15":"first","16":"instock","17":"shipping-taxable","18":"purchasable","19":"product-type-variable"},"aioseo_notices":[],"jetpack_sharing_enabled":true,"_links":{"self":[{"href":"https:\/\/milicia-pro.com\/index.php\/wp-json\/wp\/v2\/product\/30875","targetHints":{"allow":["GET"]}}],"collection":[{"href":"https:\/\/milicia-pro.com\/index.php\/wp-json\/wp\/v2\/product"}],"about":[{"href":"https:\/\/milicia-pro.com\/index.php\/wp-json\/wp\/v2\/types\/product"}],"replies":[{"embeddable":true,"href":"https:\/\/milicia-pro.com\/index.php\/wp-json\/wp\/v2\/comments?post=30875"}],"wp:featuredmedia":[{"embeddable":true,"href":"https:\/\/milicia-pro.com\/index.php\/wp-json\/wp\/v2\/media\/29896"}],"wp:attachment":[{"href":"https:\/\/milicia-pro.com\/index.php\/wp-json\/wp\/v2\/media?parent=30875"}],"wp:term":[{"taxonomy":"product_brand","embeddable":true,"href":"https:\/\/milicia-pro.com\/index.php\/wp-json\/wp\/v2\/product_brand?post=30875"},{"taxonomy":"product_cat","embeddable":true,"href":"https:\/\/milicia-pro.com\/index.php\/wp-json\/wp\/v2\/product_cat?post=30875"},{"taxonomy":"product_tag","embeddable":true,"href":"https:\/\/milicia-pro.com\/index.php\/wp-json\/wp\/v2\/product_tag?post=30875"}],"curies":[{"name":"wp","href":"https:\/\/api.w.org\/{rel}","templated":true}]}}