{"id":30871,"date":"2022-09-01T17:07:06","date_gmt":"2022-09-01T17:07:06","guid":{"rendered":"https:\/\/milicia-pro.com\/?post_type=product&#038;p=30871"},"modified":"2025-06-05T11:30:06","modified_gmt":"2025-06-05T11:30:06","slug":"bolsa-para-arma-longa-915-cm","status":"publish","type":"product","link":"https:\/\/milicia-pro.com\/index.php\/product\/bolsa-para-arma-longa-915-cm\/","title":{"rendered":"BOLSA PARA ARMA LONGA 91,5 CM"},"content":{"rendered":"<p>Projectado para transportar e proteger uma arma de fogo longa com 91,5cm de comprido.<\/p>\n<p>Com um exterior de nylon 500D dur\u00e1vel e espuma de c\u00e9lula fechada de 10 mm para acolchoamento.<\/p>\n<p>As tiras s\u00e3o de bloqueio silencioso e as al\u00e7as de transporte s\u00e3o acolchoadas e refor\u00e7adas.<\/p>\n<p>Os ganchos suspensos Thru System da First Tactical, a plataforma de montagem interior de gancho \/ la\u00e7o e a montagem em cano moldado por compress\u00e3o, protectora e inovadora.<\/p>\n<p>&nbsp;<\/p>\n<p><iframe loading=\"lazy\" title=\"First Tactical&#039;s Rifle Sleeve Collection\" width=\"1020\" height=\"574\" src=\"https:\/\/www.youtube.com\/embed\/jpcElwzsOHY?feature=oembed\" frameborder=\"0\" allow=\"accelerometer; autoplay; clipboard-write; encrypted-media; gyroscope; picture-in-picture; web-share\" allowfullscreen><\/iframe><\/p>\n<p><img loading=\"lazy\" decoding=\"async\" class=\"size-full wp-image-14638 alignleft\" src=\"https:\/\/miliciapro.com\/wp-content\/uploads\/2020\/03\/180007-10.png\" alt=\"\" width=\"206\" height=\"145\" \/><\/p>\n<p><strong>O PRIMEIRO SISTEMA DE ENCAIXE E SUSPENS\u00c3O T\u00c1TICO<\/strong><\/p>\n<p>Esta bolsa funciona como compartimentos Hook e Hang Thru, nas mochilas First tactical para transporte confi\u00e1vel de armas de fogo.<\/p>\n<p>&nbsp;<\/p>\n<p>&nbsp;<\/p>\n<p><img loading=\"lazy\" decoding=\"async\" class=\"size-full wp-image-14640 alignleft\" src=\"https:\/\/miliciapro.com\/wp-content\/uploads\/2020\/03\/180007-12.png\" alt=\"\" width=\"208\" height=\"145\" \/><\/p>\n<p><strong>MONTAGEM E MOLDAGEM POR COMPRESS\u00c3O<\/strong><\/p>\n<p>Suporte para o cano da arma, integrado, resistente, com ajuste preciso e estabilidade ideal.<\/p>\n<p>&nbsp;<\/p>\n<p>&nbsp;<\/p>\n<p>&nbsp;<\/p>\n<p><img loading=\"lazy\" decoding=\"async\" class=\"size-full wp-image-14641 alignleft\" src=\"https:\/\/miliciapro.com\/wp-content\/uploads\/2020\/03\/180007-13.png\" alt=\"\" width=\"203\" height=\"138\" \/><\/p>\n<p><strong>AL\u00c7AS DE BAIXO PERFIL<\/strong><\/p>\n<p>Al\u00e7as de transporte acolchoadas e refor\u00e7adas que dobram facilmente quando n\u00e3o s\u00e3o necess\u00e1rias nas mochilas.<\/p>\n","protected":false},"excerpt":{"rendered":"<p>Projectado para transportar e proteger uma arma de fogo longa com 91,5cm de comprido. Com um exterior de nylon 500D dur\u00e1vel e espuma de c\u00e9lula fechada de 10 mm para acolchoamento. As tiras s\u00e3o de bloqueio silencioso e as al\u00e7as de transporte s\u00e3o acolchoadas e refor\u00e7adas. Os ganchos suspensos Thru System da First Tactical, a [&#8230;]\n","protected":false},"featured_media":29886,"comment_status":"open","ping_status":"closed","template":"","meta":{"_monsterinsights_skip_tracking":false,"_monsterinsights_sitenote_active":false,"_monsterinsights_sitenote_note":"","_monsterinsights_sitenote_category":0},"product_brand":[],"product_cat":[830,1108,829,1467],"product_tag":[64,80,205,215],"class_list":{"0":"post-30871","1":"product","2":"type-product","3":"status-publish","4":"has-post-thumbnail","6":"product_cat-firsttactical","7":"product_cat-malas-p-arma","8":"product_cat-marcas","9":"product_cat-mochilas-bolsas","10":"product_tag-arma","11":"product_tag-bolsa","12":"product_tag-mala","13":"product_tag-mochila","15":"first","16":"instock","17":"shipping-taxable","18":"purchasable","19":"product-type-variable"},"aioseo_notices":[],"jetpack_sharing_enabled":true,"_links":{"self":[{"href":"https:\/\/milicia-pro.com\/index.php\/wp-json\/wp\/v2\/product\/30871","targetHints":{"allow":["GET"]}}],"collection":[{"href":"https:\/\/milicia-pro.com\/index.php\/wp-json\/wp\/v2\/product"}],"about":[{"href":"https:\/\/milicia-pro.com\/index.php\/wp-json\/wp\/v2\/types\/product"}],"replies":[{"embeddable":true,"href":"https:\/\/milicia-pro.com\/index.php\/wp-json\/wp\/v2\/comments?post=30871"}],"wp:featuredmedia":[{"embeddable":true,"href":"https:\/\/milicia-pro.com\/index.php\/wp-json\/wp\/v2\/media\/29886"}],"wp:attachment":[{"href":"https:\/\/milicia-pro.com\/index.php\/wp-json\/wp\/v2\/media?parent=30871"}],"wp:term":[{"taxonomy":"product_brand","embeddable":true,"href":"https:\/\/milicia-pro.com\/index.php\/wp-json\/wp\/v2\/product_brand?post=30871"},{"taxonomy":"product_cat","embeddable":true,"href":"https:\/\/milicia-pro.com\/index.php\/wp-json\/wp\/v2\/product_cat?post=30871"},{"taxonomy":"product_tag","embeddable":true,"href":"https:\/\/milicia-pro.com\/index.php\/wp-json\/wp\/v2\/product_tag?post=30871"}],"curies":[{"name":"wp","href":"https:\/\/api.w.org\/{rel}","templated":true}]}}