{"id":30784,"date":"2022-09-01T17:06:38","date_gmt":"2022-09-01T17:06:38","guid":{"rendered":"https:\/\/milicia-pro.com\/?post_type=product&#038;p=30784"},"modified":"2025-07-27T13:20:29","modified_gmt":"2025-07-27T13:20:29","slug":"bolsa-9x10-velcro","status":"publish","type":"product","link":"https:\/\/milicia-pro.com\/index.php\/product\/bolsa-9x10-velcro\/","title":{"rendered":"BOLSA 9X10 (VELCRO)"},"content":{"rendered":"<p>Bolsa em velcro t\u00e1tica resistente, dur\u00e1vel e perfeita para armazenar equipamentos menores. A bolsa 9 x 10 encaixa-se numa ampla variedade de ferramentas ou equipamentos m\u00e9dicos. Apresenta um fecho Quik Pull que permite uma abertura com uma m\u00e3o em situa\u00e7\u00f5es de emerg\u00eancia.<\/p>\n<div style=\"width: 1020px;\" class=\"wp-video\"><video class=\"wp-video-shortcode\" id=\"video-30784-1\" width=\"1020\" height=\"574\" preload=\"metadata\" controls=\"controls\"><source type=\"video\/mp4\" src=\"https:\/\/miliciapro.com\/wp-content\/uploads\/2020\/03\/The-Large-Jump-Bag-180030-Velcro-Pouch.mp4?_=1\" \/><a href=\"https:\/\/miliciapro.com\/wp-content\/uploads\/2020\/03\/The-Large-Jump-Bag-180030-Velcro-Pouch.mp4\">https:\/\/miliciapro.com\/wp-content\/uploads\/2020\/03\/The-Large-Jump-Bag-180030-Velcro-Pouch.mp4<\/a><\/video><\/div>\n","protected":false},"excerpt":{"rendered":"<p>Brevemente Dispon\u00edvel<\/p>\n","protected":false},"featured_media":29813,"comment_status":"open","ping_status":"closed","template":"","meta":{"_monsterinsights_skip_tracking":false,"_monsterinsights_sitenote_active":false,"_monsterinsights_sitenote_note":"","_monsterinsights_sitenote_category":0},"product_brand":[],"product_cat":[1107,830,829,1467],"product_tag":[80,215],"class_list":{"0":"post-30784","1":"product","2":"type-product","3":"status-publish","4":"has-post-thumbnail","6":"product_cat-bolsas","7":"product_cat-firsttactical","8":"product_cat-marcas","9":"product_cat-mochilas-bolsas","10":"product_tag-bolsa","11":"product_tag-mochila","13":"first","14":"instock","15":"shipping-taxable","16":"purchasable","17":"product-type-variable"},"aioseo_notices":[],"jetpack_sharing_enabled":true,"_links":{"self":[{"href":"https:\/\/milicia-pro.com\/index.php\/wp-json\/wp\/v2\/product\/30784","targetHints":{"allow":["GET"]}}],"collection":[{"href":"https:\/\/milicia-pro.com\/index.php\/wp-json\/wp\/v2\/product"}],"about":[{"href":"https:\/\/milicia-pro.com\/index.php\/wp-json\/wp\/v2\/types\/product"}],"replies":[{"embeddable":true,"href":"https:\/\/milicia-pro.com\/index.php\/wp-json\/wp\/v2\/comments?post=30784"}],"wp:featuredmedia":[{"embeddable":true,"href":"https:\/\/milicia-pro.com\/index.php\/wp-json\/wp\/v2\/media\/29813"}],"wp:attachment":[{"href":"https:\/\/milicia-pro.com\/index.php\/wp-json\/wp\/v2\/media?parent=30784"}],"wp:term":[{"taxonomy":"product_brand","embeddable":true,"href":"https:\/\/milicia-pro.com\/index.php\/wp-json\/wp\/v2\/product_brand?post=30784"},{"taxonomy":"product_cat","embeddable":true,"href":"https:\/\/milicia-pro.com\/index.php\/wp-json\/wp\/v2\/product_cat?post=30784"},{"taxonomy":"product_tag","embeddable":true,"href":"https:\/\/milicia-pro.com\/index.php\/wp-json\/wp\/v2\/product_tag?post=30784"}],"curies":[{"name":"wp","href":"https:\/\/api.w.org\/{rel}","templated":true}]}}