{"id":30779,"date":"2022-09-01T17:06:38","date_gmt":"2022-09-01T17:06:38","guid":{"rendered":"https:\/\/milicia-pro.com\/?post_type=product&#038;p=30779"},"modified":"2025-07-27T13:07:00","modified_gmt":"2025-07-27T13:07:00","slug":"mochila-tactix-para-72-horas-62-litros","status":"publish","type":"product","link":"https:\/\/milicia-pro.com\/index.php\/product\/mochila-tactix-para-72-horas-62-litros\/","title":{"rendered":"MOCHILA TACTIX PARA 72 HORAS 62  LITROS"},"content":{"rendered":"<p>&nbsp;<\/p>\n<p>A mochila resistente, Tactix de 62 litros, foi concebida para suportar 3 dias de treino. Inovadora, com \u00a0plataforma cortada a Laser Lynx, compat\u00edvel com o sistema MOLLE \/ PALS.<\/p>\n<p>Tem v\u00e1rios compartimentos\u00a0 com v\u00e1rias op\u00e7\u00f5es de organiza\u00e7\u00e3o.<\/p>\n<p><img loading=\"lazy\" decoding=\"async\" class=\"alignnone size-medium wp-image-14257\" src=\"https:\/\/miliciapro.com\/wp-content\/uploads\/2020\/03\/FT-Police-572A2399-539x400.jpg\" alt=\"\" width=\"539\" height=\"400\" \/><\/p>\n","protected":false},"excerpt":{"rendered":"<p>&nbsp; A mochila resistente, Tactix de 62 litros, foi concebida para suportar 3 dias de treino. Inovadora, com \u00a0plataforma cortada a Laser Lynx, compat\u00edvel com o sistema MOLLE \/ PALS. Tem v\u00e1rios compartimentos\u00a0 com v\u00e1rias op\u00e7\u00f5es de organiza\u00e7\u00e3o.<\/p>\n","protected":false},"featured_media":29748,"comment_status":"open","ping_status":"closed","template":"","meta":{"_monsterinsights_skip_tracking":false,"_monsterinsights_sitenote_active":false,"_monsterinsights_sitenote_note":"","_monsterinsights_sitenote_category":0},"product_brand":[],"product_cat":[830,829,1106,1467],"product_tag":[205,215,296,326],"class_list":{"0":"post-30779","1":"product","2":"type-product","3":"status-publish","4":"has-post-thumbnail","6":"product_cat-firsttactical","7":"product_cat-marcas","8":"product_cat-mochilas","9":"product_cat-mochilas-bolsas","10":"product_tag-mala","11":"product_tag-mochila","12":"product_tag-saco","13":"product_tag-tatico","15":"first","16":"instock","17":"shipping-taxable","18":"purchasable","19":"product-type-variable"},"aioseo_notices":[],"jetpack_sharing_enabled":true,"_links":{"self":[{"href":"https:\/\/milicia-pro.com\/index.php\/wp-json\/wp\/v2\/product\/30779","targetHints":{"allow":["GET"]}}],"collection":[{"href":"https:\/\/milicia-pro.com\/index.php\/wp-json\/wp\/v2\/product"}],"about":[{"href":"https:\/\/milicia-pro.com\/index.php\/wp-json\/wp\/v2\/types\/product"}],"replies":[{"embeddable":true,"href":"https:\/\/milicia-pro.com\/index.php\/wp-json\/wp\/v2\/comments?post=30779"}],"wp:featuredmedia":[{"embeddable":true,"href":"https:\/\/milicia-pro.com\/index.php\/wp-json\/wp\/v2\/media\/29748"}],"wp:attachment":[{"href":"https:\/\/milicia-pro.com\/index.php\/wp-json\/wp\/v2\/media?parent=30779"}],"wp:term":[{"taxonomy":"product_brand","embeddable":true,"href":"https:\/\/milicia-pro.com\/index.php\/wp-json\/wp\/v2\/product_brand?post=30779"},{"taxonomy":"product_cat","embeddable":true,"href":"https:\/\/milicia-pro.com\/index.php\/wp-json\/wp\/v2\/product_cat?post=30779"},{"taxonomy":"product_tag","embeddable":true,"href":"https:\/\/milicia-pro.com\/index.php\/wp-json\/wp\/v2\/product_tag?post=30779"}],"curies":[{"name":"wp","href":"https:\/\/api.w.org\/{rel}","templated":true}]}}