{"id":30772,"date":"2022-09-01T17:06:31","date_gmt":"2022-09-01T17:06:31","guid":{"rendered":"https:\/\/milicia-pro.com\/?post_type=product&#038;p=30772"},"modified":"2025-12-02T10:56:29","modified_gmt":"2025-12-02T10:56:29","slug":"mochila-tactix-para-24-horas-38-litros","status":"publish","type":"product","link":"https:\/\/milicia-pro.com\/index.php\/product\/mochila-tactix-para-24-horas-38-litros\/","title":{"rendered":"MOCHILA TACTIX PARA 24 HORAS 38 LITROS"},"content":{"rendered":"<p>Esta mochila resistente, Tactix de 38 litros, foi concebida para suportar um dia de treino. Inovadora, com \u00a0plataforma cortada a Laser Lynx e compat\u00edvel com o sistema MOLLE \/ PALS.<\/p>\n<p>Tem v\u00e1rios compartimentos\u00a0 com diversas op\u00e7\u00f5es de organiza\u00e7\u00e3o.<\/p>\n<p>&nbsp;<\/p>\n<p>&nbsp;<\/p>\n<p><iframe loading=\"lazy\" title=\"Leading the Pack: First Tactical&#039;s Tactix 1-Day Plus Backpack\" width=\"1020\" height=\"574\" src=\"https:\/\/www.youtube.com\/embed\/qONabaW_Se0?feature=oembed\" frameborder=\"0\" allow=\"accelerometer; autoplay; clipboard-write; encrypted-media; gyroscope; picture-in-picture; web-share\" allowfullscreen><\/iframe><\/p>\n","protected":false},"excerpt":{"rendered":"<p>Esta mochila resistente, Tactix de 38 litros, foi concebida para suportar um dia de treino. Inovadora, com \u00a0plataforma cortada a Laser Lynx e compat\u00edvel com o sistema MOLLE \/ PALS. Tem v\u00e1rios compartimentos\u00a0 com diversas op\u00e7\u00f5es de organiza\u00e7\u00e3o. &nbsp; &nbsp;<\/p>\n","protected":false},"featured_media":29732,"comment_status":"open","ping_status":"closed","template":"","meta":{"_monsterinsights_skip_tracking":false,"_monsterinsights_sitenote_active":false,"_monsterinsights_sitenote_note":"","_monsterinsights_sitenote_category":0},"product_brand":[],"product_cat":[830,829,1106,1467],"product_tag":[205,215,333],"class_list":{"0":"post-30772","1":"product","2":"type-product","3":"status-publish","4":"has-post-thumbnail","6":"product_cat-firsttactical","7":"product_cat-marcas","8":"product_cat-mochilas","9":"product_cat-mochilas-bolsas","10":"product_tag-mala","11":"product_tag-mochila","12":"product_tag-treino","14":"first","15":"instock","16":"shipping-taxable","17":"purchasable","18":"product-type-variable"},"aioseo_notices":[],"jetpack_sharing_enabled":true,"_links":{"self":[{"href":"https:\/\/milicia-pro.com\/index.php\/wp-json\/wp\/v2\/product\/30772","targetHints":{"allow":["GET"]}}],"collection":[{"href":"https:\/\/milicia-pro.com\/index.php\/wp-json\/wp\/v2\/product"}],"about":[{"href":"https:\/\/milicia-pro.com\/index.php\/wp-json\/wp\/v2\/types\/product"}],"replies":[{"embeddable":true,"href":"https:\/\/milicia-pro.com\/index.php\/wp-json\/wp\/v2\/comments?post=30772"}],"wp:featuredmedia":[{"embeddable":true,"href":"https:\/\/milicia-pro.com\/index.php\/wp-json\/wp\/v2\/media\/29732"}],"wp:attachment":[{"href":"https:\/\/milicia-pro.com\/index.php\/wp-json\/wp\/v2\/media?parent=30772"}],"wp:term":[{"taxonomy":"product_brand","embeddable":true,"href":"https:\/\/milicia-pro.com\/index.php\/wp-json\/wp\/v2\/product_brand?post=30772"},{"taxonomy":"product_cat","embeddable":true,"href":"https:\/\/milicia-pro.com\/index.php\/wp-json\/wp\/v2\/product_cat?post=30772"},{"taxonomy":"product_tag","embeddable":true,"href":"https:\/\/milicia-pro.com\/index.php\/wp-json\/wp\/v2\/product_tag?post=30772"}],"curies":[{"name":"wp","href":"https:\/\/api.w.org\/{rel}","templated":true}]}}