{"id":30767,"date":"2022-09-01T17:06:31","date_gmt":"2022-09-01T17:06:31","guid":{"rendered":"https:\/\/milicia-pro.com\/?post_type=product&#038;p=30767"},"modified":"2025-06-05T13:50:04","modified_gmt":"2025-06-05T13:50:04","slug":"cinto-tactix-waist","status":"publish","type":"product","link":"https:\/\/milicia-pro.com\/index.php\/product\/cinto-tactix-waist\/","title":{"rendered":"CINTO TACTIX WAIST"},"content":{"rendered":"<p>O cinto Tactix foi projectado para oferecer simplicidade e conforto. Confi\u00e1vel e dur\u00e1vel.<\/p>\n<p>Com plataforma patenteada Lynx \u2122 Laser Cut Platform e constru\u00e7\u00e3o de espuma de c\u00e9lula fechada<\/p>\n<pre id=\"tw-target-text\" class=\"tw-data-text tw-text-large tw-ta\" data-placeholder=\"Tradu\u00e7\u00e3o\"><span lang=\"pt\">\r\n\r\n\r\n\r\n<img loading=\"lazy\" decoding=\"async\" class=\"size-medium wp-image-14160 aligncenter\" src=\"https:\/\/miliciapro.com\/wp-content\/uploads\/2020\/03\/180048-0000000-718x400.png\" alt=\"\" width=\"718\" height=\"400\" \/>\r\n<\/span><\/pre>\n","protected":false},"excerpt":{"rendered":"<p>O cinto Tactix foi projectado para oferecer simplicidade e conforto. Confi\u00e1vel e dur\u00e1vel. Com plataforma patenteada Lynx \u2122 Laser Cut Platform e constru\u00e7\u00e3o de espuma de c\u00e9lula fechada<\/p>\n","protected":false},"featured_media":29699,"comment_status":"open","ping_status":"closed","template":"","meta":{"_monsterinsights_skip_tracking":false,"_monsterinsights_sitenote_active":false,"_monsterinsights_sitenote_note":"","_monsterinsights_sitenote_category":0},"product_brand":[],"product_cat":[1153,830,829,1063],"product_tag":[116,215],"class_list":{"0":"post-30767","1":"product","2":"type-product","3":"status-publish","4":"has-post-thumbnail","6":"product_cat-cinto","7":"product_cat-firsttactical","8":"product_cat-marcas","9":"product_cat-vestuario","10":"product_tag-cinto","11":"product_tag-mochila","13":"first","14":"instock","15":"shipping-taxable","16":"purchasable","17":"product-type-variable"},"aioseo_notices":[],"jetpack_sharing_enabled":true,"_links":{"self":[{"href":"https:\/\/milicia-pro.com\/index.php\/wp-json\/wp\/v2\/product\/30767","targetHints":{"allow":["GET"]}}],"collection":[{"href":"https:\/\/milicia-pro.com\/index.php\/wp-json\/wp\/v2\/product"}],"about":[{"href":"https:\/\/milicia-pro.com\/index.php\/wp-json\/wp\/v2\/types\/product"}],"replies":[{"embeddable":true,"href":"https:\/\/milicia-pro.com\/index.php\/wp-json\/wp\/v2\/comments?post=30767"}],"wp:featuredmedia":[{"embeddable":true,"href":"https:\/\/milicia-pro.com\/index.php\/wp-json\/wp\/v2\/media\/29699"}],"wp:attachment":[{"href":"https:\/\/milicia-pro.com\/index.php\/wp-json\/wp\/v2\/media?parent=30767"}],"wp:term":[{"taxonomy":"product_brand","embeddable":true,"href":"https:\/\/milicia-pro.com\/index.php\/wp-json\/wp\/v2\/product_brand?post=30767"},{"taxonomy":"product_cat","embeddable":true,"href":"https:\/\/milicia-pro.com\/index.php\/wp-json\/wp\/v2\/product_cat?post=30767"},{"taxonomy":"product_tag","embeddable":true,"href":"https:\/\/milicia-pro.com\/index.php\/wp-json\/wp\/v2\/product_tag?post=30767"}],"curies":[{"name":"wp","href":"https:\/\/api.w.org\/{rel}","templated":true}]}}