{"id":30766,"date":"2022-09-01T17:06:31","date_gmt":"2022-09-01T17:06:31","guid":{"rendered":"https:\/\/milicia-pro.com\/?post_type=product&#038;p=30766"},"modified":"2026-03-09T09:58:10","modified_gmt":"2026-03-09T09:58:10","slug":"calca-v2-tactical-mulher","status":"publish","type":"product","link":"https:\/\/milicia-pro.com\/index.php\/product\/calca-v2-tactical-mulher\/","title":{"rendered":"CAL\u00c7A V2 TACTICAL MULHER"},"content":{"rendered":"<p><strong>A NOVA MELHOR CAL\u00c7A NO MERCADO<\/strong><\/p>\n<p>A cal\u00e7a V2 foi constru\u00edda e desenvolvida para superar qualquer miss\u00e3o mantendo sempre uma apar\u00eancia elegante, limpa e profissional.<\/p>\n<p>A cal\u00e7a V2 Tactical estabelece um conforto cont\u00ednuo e facilita os seus movimentos, com um refor\u00e7o nos pontos de maior press\u00e3o e com um design adaptado ao corpo da mulher.<\/p>\n<p>&nbsp;<\/p>\n<p>&#8211; 65% poli\u00e9ster \/ 35% algod\u00e3o Tecido\u00a0 ripstop Teflon\u00ae Shield<\/p>\n<p>&#8211; Cintura ajust\u00e1vel<\/p>\n<p>&#8211; Tratamento anti-manchas<\/p>\n<p>&#8211; Z\u00edperes YKK\u00ae<\/p>\n<p>&#8211; Bolsos refor\u00e7ados, garante amplo espa\u00e7o para todos os equipamentos essenciais sem adicionar volume.<\/p>\n<p>&nbsp;<\/p>\n<p><iframe loading=\"lazy\" title=\"First Tactical&#039;s V2 Tactical Pants\" width=\"1020\" height=\"574\" src=\"https:\/\/www.youtube.com\/embed\/-Gr-kB12dd4?feature=oembed\" frameborder=\"0\" allow=\"accelerometer; autoplay; clipboard-write; encrypted-media; gyroscope; picture-in-picture; web-share\" referrerpolicy=\"strict-origin-when-cross-origin\" allowfullscreen><\/iframe><\/p>\n<p>&nbsp;<\/p>\n<p><span style=\"font-size: 14.4px\">INSTRU\u00c7\u00d5ES DE LAVAGEM<br \/>\nVire a pe\u00e7a do avesso antes de lavar<\/span><\/p>\n<p>Lavar na m\u00e1quina a frio com cores semelhantes<\/p>\n<p>N\u00e3o use amaciador<\/p>\n<table width=\"768\">\n<tbody>\n<tr>\n<td colspan=\"5\" width=\"320\">Tabela de equival\u00eancia de Tamanhos Mulher<\/td>\n<td width=\"64\"><\/td>\n<td width=\"64\"><\/td>\n<td width=\"64\"><\/td>\n<td width=\"64\"><\/td>\n<td width=\"64\"><\/td>\n<td width=\"64\"><\/td>\n<td width=\"64\"><\/td>\n<\/tr>\n<tr>\n<td width=\"64\"><\/td>\n<td width=\"64\"><\/td>\n<td width=\"64\"><\/td>\n<td width=\"64\"><\/td>\n<td width=\"64\"><\/td>\n<td width=\"64\"><\/td>\n<td width=\"64\"><\/td>\n<td width=\"64\"><\/td>\n<td width=\"64\"><\/td>\n<td width=\"64\"><\/td>\n<td width=\"64\"><\/td>\n<td width=\"64\"><\/td>\n<\/tr>\n<tr>\n<td width=\"64\">Cintura<\/td>\n<td width=\"64\"><\/td>\n<td width=\"64\"><\/td>\n<td width=\"64\"><\/td>\n<td width=\"64\"><\/td>\n<td width=\"64\"><\/td>\n<td width=\"64\"><\/td>\n<td width=\"64\"><\/td>\n<td width=\"64\"><\/td>\n<td width=\"64\"><\/td>\n<td width=\"64\"><\/td>\n<td width=\"64\"><\/td>\n<\/tr>\n<tr>\n<td width=\"64\"><\/td>\n<td width=\"64\"><\/td>\n<td width=\"64\"><\/td>\n<td width=\"64\"><\/td>\n<td width=\"64\"><\/td>\n<td width=\"64\"><\/td>\n<td width=\"64\"><\/td>\n<td width=\"64\"><\/td>\n<td width=\"64\"><\/td>\n<td width=\"64\"><\/td>\n<td width=\"64\"><\/td>\n<td width=\"64\"><\/td>\n<\/tr>\n<tr>\n<td width=\"64\">U.E<\/td>\n<td width=\"64\">30<\/td>\n<td width=\"64\">32<\/td>\n<td width=\"64\">34<\/td>\n<td width=\"64\">36<\/td>\n<td width=\"64\">38<\/td>\n<td width=\"64\">40<\/td>\n<td width=\"64\">42<\/td>\n<td width=\"64\">44<\/td>\n<td width=\"64\">46<\/td>\n<td width=\"64\">48<\/td>\n<td width=\"64\">50<\/td>\n<\/tr>\n<tr>\n<td width=\"64\">UK\/USA<\/td>\n<td width=\"64\">0<\/td>\n<td width=\"64\">2<\/td>\n<td width=\"64\">4<\/td>\n<td width=\"64\">6<\/td>\n<td width=\"64\">8<\/td>\n<td width=\"64\">10<\/td>\n<td width=\"64\">12<\/td>\n<td width=\"64\">14<\/td>\n<td width=\"64\">16<\/td>\n<td width=\"64\">18<\/td>\n<td width=\"64\">20<\/td>\n<\/tr>\n<tr>\n<td colspan=\"2\" width=\"128\">Altura da perna<\/td>\n<td width=\"64\"><\/td>\n<td width=\"64\"><\/td>\n<td width=\"64\"><\/td>\n<td width=\"64\"><\/td>\n<td width=\"64\"><\/td>\n<td width=\"64\"><\/td>\n<td width=\"64\"><\/td>\n<td width=\"64\"><\/td>\n<td width=\"64\"><\/td>\n<td width=\"64\"><\/td>\n<\/tr>\n<tr>\n<td width=\"64\"><\/td>\n<td width=\"64\"><\/td>\n<td width=\"64\"><\/td>\n<td width=\"64\"><\/td>\n<td width=\"64\"><\/td>\n<td width=\"64\"><\/td>\n<td width=\"64\"><\/td>\n<td width=\"64\"><\/td>\n<td width=\"64\"><\/td>\n<td width=\"64\"><\/td>\n<td width=\"64\"><\/td>\n<td width=\"64\"><\/td>\n<\/tr>\n<tr>\n<td width=\"64\">Regular<\/td>\n<td width=\"64\">1,80m<\/td>\n<td width=\"64\"><\/td>\n<td width=\"64\"><\/td>\n<td width=\"64\"><\/td>\n<td width=\"64\"><\/td>\n<td width=\"64\"><\/td>\n<td width=\"64\"><\/td>\n<td width=\"64\"><\/td>\n<td width=\"64\"><\/td>\n<td width=\"64\"><\/td>\n<td width=\"64\"><\/td>\n<\/tr>\n<tr>\n<td width=\"64\">Long<\/td>\n<td width=\"64\">1,90m<\/td>\n<td width=\"64\"><\/td>\n<td width=\"64\"><\/td>\n<td width=\"64\"><\/td>\n<td width=\"64\"><\/td>\n<td width=\"64\"><\/td>\n<td width=\"64\"><\/td>\n<td width=\"64\"><\/td>\n<td width=\"64\"><\/td>\n<td width=\"64\"><\/td>\n<td width=\"64\"><\/td>\n<\/tr>\n<\/tbody>\n<\/table>\n","protected":false},"excerpt":{"rendered":"<p>A NOVA MELHOR CAL\u00c7A NO MERCADO A cal\u00e7a V2 foi constru\u00edda e desenvolvida para superar qualquer miss\u00e3o mantendo sempre uma apar\u00eancia elegante, limpa e profissional. A cal\u00e7a V2 Tactical estabelece um conforto cont\u00ednuo e facilita os seus movimentos, com um refor\u00e7o nos pontos de maior press\u00e3o e com um design adaptado ao corpo da mulher. [&#8230;]\n","protected":false},"featured_media":29675,"comment_status":"open","ping_status":"closed","template":"","meta":{"_monsterinsights_skip_tracking":false,"_monsterinsights_sitenote_active":false,"_monsterinsights_sitenote_note":"","_monsterinsights_sitenote_category":0},"product_brand":[],"product_cat":[1078,830,829,1063],"product_tag":[90,301,325],"class_list":{"0":"post-30766","1":"product","2":"type-product","3":"status-publish","4":"has-post-thumbnail","6":"product_cat-calcas","7":"product_cat-firsttactical","8":"product_cat-marcas","9":"product_cat-vestuario","10":"product_tag-calca","11":"product_tag-senhora","12":"product_tag-tatica","14":"first","15":"instock","16":"shipping-taxable","17":"purchasable","18":"product-type-variable"},"aioseo_notices":[],"jetpack_sharing_enabled":true,"_links":{"self":[{"href":"https:\/\/milicia-pro.com\/index.php\/wp-json\/wp\/v2\/product\/30766","targetHints":{"allow":["GET"]}}],"collection":[{"href":"https:\/\/milicia-pro.com\/index.php\/wp-json\/wp\/v2\/product"}],"about":[{"href":"https:\/\/milicia-pro.com\/index.php\/wp-json\/wp\/v2\/types\/product"}],"replies":[{"embeddable":true,"href":"https:\/\/milicia-pro.com\/index.php\/wp-json\/wp\/v2\/comments?post=30766"}],"wp:featuredmedia":[{"embeddable":true,"href":"https:\/\/milicia-pro.com\/index.php\/wp-json\/wp\/v2\/media\/29675"}],"wp:attachment":[{"href":"https:\/\/milicia-pro.com\/index.php\/wp-json\/wp\/v2\/media?parent=30766"}],"wp:term":[{"taxonomy":"product_brand","embeddable":true,"href":"https:\/\/milicia-pro.com\/index.php\/wp-json\/wp\/v2\/product_brand?post=30766"},{"taxonomy":"product_cat","embeddable":true,"href":"https:\/\/milicia-pro.com\/index.php\/wp-json\/wp\/v2\/product_cat?post=30766"},{"taxonomy":"product_tag","embeddable":true,"href":"https:\/\/milicia-pro.com\/index.php\/wp-json\/wp\/v2\/product_tag?post=30766"}],"curies":[{"name":"wp","href":"https:\/\/api.w.org\/{rel}","templated":true}]}}