{"id":30765,"date":"2022-09-01T17:06:31","date_gmt":"2022-09-01T17:06:31","guid":{"rendered":"https:\/\/milicia-pro.com\/?post_type=product&#038;p=30765"},"modified":"2026-02-23T11:06:19","modified_gmt":"2026-02-23T11:06:19","slug":"calca-v2-tactical-homem","status":"publish","type":"product","link":"https:\/\/milicia-pro.com\/index.php\/product\/calca-v2-tactical-homem\/","title":{"rendered":"CAL\u00c7A V2 TACTICAL HOMEM"},"content":{"rendered":"<p>A NOVA MELHOR CAL\u00c7A NO MERCADO<\/p>\n<p>A cal\u00e7a V2 foi constru\u00edda e desenvolvida para superar qualquer miss\u00e3o mantendo sempre uma apar\u00eancia elegante, limpa e profissional.<\/p>\n<p>A cal\u00e7a V2 Tactical estabelece um conforto cont\u00ednuo e facilita os seus movimentos, com um refor\u00e7o nos pontos de maior press\u00e3o<\/p>\n<p>&#8211; 65% poli\u00e9ster \/ 35% algod\u00e3o Tecido\u00a0 ripstop Teflon\u00ae Shield<\/p>\n<p>&#8211; Cintura ajust\u00e1vel<\/p>\n<p>&#8211; Tratamento anti-manchas<\/p>\n<p>&#8211; Z\u00edperes YKK\u00ae<\/p>\n<p>&#8211; Bolsos refor\u00e7ados, garante amplo espa\u00e7o para todos os equipamentos essenciais sem adicionar volume.<\/p>\n<p>&nbsp;<\/p>\n<p><em>INSTRU\u00c7\u00d5ES DE LAVAGEM<\/em><\/p>\n<p>Vire a pe\u00e7a do avesso antes de lavar<\/p>\n<p>Lavar na m\u00e1quina a frio com cores semelhantes<\/p>\n<p>N\u00e3o use amaciador<\/p>\n<div style=\"width: 1020px;\" class=\"wp-video\"><video class=\"wp-video-shortcode\" id=\"video-30765-1\" width=\"1020\" height=\"574\" preload=\"metadata\" controls=\"controls\"><source type=\"video\/mp4\" src=\"https:\/\/miliciapro.com\/wp-content\/uploads\/2020\/02\/FirstTactical_V2TacticalPants_114011_Khaki_055_ProductVideo.mp4?_=1\" \/><a href=\"https:\/\/miliciapro.com\/wp-content\/uploads\/2020\/02\/FirstTactical_V2TacticalPants_114011_Khaki_055_ProductVideo.mp4\">https:\/\/miliciapro.com\/wp-content\/uploads\/2020\/02\/FirstTactical_V2TacticalPants_114011_Khaki_055_ProductVideo.mp4<\/a><\/video><\/div>\n<p>&nbsp;<\/p>\n","protected":false},"excerpt":{"rendered":"<p>A NOVA MELHOR CAL\u00c7A NO MERCADO A cal\u00e7a V2 foi constru\u00edda e desenvolvida para superar qualquer miss\u00e3o mantendo sempre uma apar\u00eancia elegante, limpa e profissional. A cal\u00e7a V2 Tactical estabelece um conforto cont\u00ednuo e facilita os seus movimentos, com um refor\u00e7o nos pontos de maior press\u00e3o &#8211; 65% poli\u00e9ster \/ 35% algod\u00e3o Tecido\u00a0 ripstop Teflon\u00ae [&#8230;]\n","protected":false},"featured_media":29640,"comment_status":"open","ping_status":"closed","template":"","meta":{"_monsterinsights_skip_tracking":false,"_monsterinsights_sitenote_active":false,"_monsterinsights_sitenote_note":"","_monsterinsights_sitenote_category":0},"product_brand":[],"product_cat":[1078,830,829,1063],"product_tag":[90,169],"class_list":{"0":"post-30765","1":"product","2":"type-product","3":"status-publish","4":"has-post-thumbnail","6":"product_cat-calcas","7":"product_cat-firsttactical","8":"product_cat-marcas","9":"product_cat-vestuario","10":"product_tag-calca","11":"product_tag-homem","13":"first","14":"instock","15":"shipping-taxable","16":"purchasable","17":"product-type-variable"},"aioseo_notices":[],"jetpack_sharing_enabled":true,"_links":{"self":[{"href":"https:\/\/milicia-pro.com\/index.php\/wp-json\/wp\/v2\/product\/30765","targetHints":{"allow":["GET"]}}],"collection":[{"href":"https:\/\/milicia-pro.com\/index.php\/wp-json\/wp\/v2\/product"}],"about":[{"href":"https:\/\/milicia-pro.com\/index.php\/wp-json\/wp\/v2\/types\/product"}],"replies":[{"embeddable":true,"href":"https:\/\/milicia-pro.com\/index.php\/wp-json\/wp\/v2\/comments?post=30765"}],"wp:featuredmedia":[{"embeddable":true,"href":"https:\/\/milicia-pro.com\/index.php\/wp-json\/wp\/v2\/media\/29640"}],"wp:attachment":[{"href":"https:\/\/milicia-pro.com\/index.php\/wp-json\/wp\/v2\/media?parent=30765"}],"wp:term":[{"taxonomy":"product_brand","embeddable":true,"href":"https:\/\/milicia-pro.com\/index.php\/wp-json\/wp\/v2\/product_brand?post=30765"},{"taxonomy":"product_cat","embeddable":true,"href":"https:\/\/milicia-pro.com\/index.php\/wp-json\/wp\/v2\/product_cat?post=30765"},{"taxonomy":"product_tag","embeddable":true,"href":"https:\/\/milicia-pro.com\/index.php\/wp-json\/wp\/v2\/product_tag?post=30765"}],"curies":[{"name":"wp","href":"https:\/\/api.w.org\/{rel}","templated":true}]}}