{"id":30764,"date":"2022-09-01T17:06:30","date_gmt":"2022-09-01T17:06:30","guid":{"rendered":"https:\/\/milicia-pro.com\/?post_type=product&#038;p=30764"},"modified":"2025-07-23T16:30:12","modified_gmt":"2025-07-23T16:30:12","slug":"polo-v2-pro-performance-mulher-manga-comprida","status":"publish","type":"product","link":"https:\/\/milicia-pro.com\/index.php\/product\/polo-v2-pro-performance-mulher-manga-comprida\/","title":{"rendered":"POLO V2 PRO PERFORMANCE MULHER &#8211; MANGA COMPRIDA"},"content":{"rendered":"<p><img loading=\"lazy\" decoding=\"async\" class=\"alignnone size-medium wp-image-19530\" src=\"https:\/\/miliciapro.com\/wp-content\/uploads\/2020\/03\/UNADJUSTEDNONRAW_thumb_3b-267x400.jpg\" alt=\"\" width=\"267\" height=\"400\" \/> <img loading=\"lazy\" decoding=\"async\" class=\"alignnone size-medium wp-image-19531\" src=\"https:\/\/miliciapro.com\/wp-content\/uploads\/2020\/03\/UNADJUSTEDNONRAW_thumb_29-267x400.jpg\" alt=\"\" width=\"267\" height=\"400\" \/><\/p>\n<p><strong>DETALHES DO PRODUTO<\/strong><\/p>\n<p>O polo V2 Pro Performance de manga comprida, para mulher, tem um design h\u00edbrido desenvolvido com a participa\u00e7\u00e3o dos agentes profissionais.<\/p>\n<p>O resultado \u00e9 um novo tecido mais leve dando maior facilidade de movimentos.<\/p>\n<p><strong>ESPECIFICA\u00c7\u00d5ES<\/strong><\/p>\n<p>65% Poli\u00e9ster \/ 35% Algod\u00e3o, 3,9 oz de ripstop duplo<\/p>\n<p>Acabamento Teflon\u00ae<\/p>\n<p>Jersey 100% poli\u00e9ster, com acabamento anti-odor<\/p>\n<p>Design de Mulher<\/p>\n<p>Costuras refor\u00e7adas nas mangas e nos pontos de maior press\u00e3o<\/p>\n<p>O seu design e tecido oferecem uma maior liberdade de movimentos.<\/p>\n<p>Punho com bot\u00f5es de melamina dur\u00e1veis.<\/p>\n<p>Colarinhos vincados, o que d\u00e1 uma apar\u00eancia de camisa.<\/p>\n<p><img loading=\"lazy\" decoding=\"async\" class=\"size-full wp-image-19521 alignleft\" src=\"https:\/\/miliciapro.com\/wp-content\/uploads\/2020\/03\/121015-04.png\" alt=\"\" width=\"205\" height=\"146\" \/><\/p>\n<p><strong>LIBERDADE DE MOVIMENTOS<\/strong><\/p>\n<p>O design e o tecido V2 oferecem uma ampla gama de movimentos.<\/p>\n<p><strong>SEMPRE LIMPO E PROFISSIONAL<\/strong><\/p>\n<p>Os punhos de manga em tecido apresentam bot\u00f5es de melamina dur\u00e1veis que lhe d\u00e3o uma apar\u00eancia limpa e aprumada.<\/p>\n<p><img loading=\"lazy\" decoding=\"async\" class=\"size-medium wp-image-19522 alignleft\" src=\"https:\/\/miliciapro.com\/wp-content\/uploads\/2020\/03\/121015-06.png\" alt=\"\" width=\"205\" height=\"146\" \/><\/p>\n<p>&nbsp;<\/p>\n<p><strong>APAR\u00caNCIA PROFISSIONAL<\/strong><\/p>\n<p>Colarinho integrado ficando os bot\u00f5es ocultos, dando assim uma apar\u00eancia mais profissional.<\/p>\n","protected":false},"excerpt":{"rendered":"<p>DETALHES DO PRODUTO O polo V2 Pro Performance de manga comprida, para mulher, tem um design h\u00edbrido desenvolvido com a participa\u00e7\u00e3o dos agentes profissionais. O resultado \u00e9 um novo tecido mais leve dando maior facilidade de movimentos. ESPECIFICA\u00c7\u00d5ES 65% Poli\u00e9ster \/ 35% Algod\u00e3o, 3,9 oz de ripstop duplo Acabamento Teflon\u00ae Jersey 100% poli\u00e9ster, com acabamento [&#8230;]\n","protected":false},"featured_media":29636,"comment_status":"open","ping_status":"closed","template":"","meta":{"_monsterinsights_skip_tracking":false,"_monsterinsights_sitenote_active":false,"_monsterinsights_sitenote_note":"","_monsterinsights_sitenote_category":0},"product_brand":[],"product_cat":[830,829,1077,1063],"product_tag":[528,220,530],"class_list":{"0":"post-30764","1":"product","2":"type-product","3":"status-publish","4":"has-post-thumbnail","6":"product_cat-firsttactical","7":"product_cat-marcas","8":"product_cat-polo","9":"product_cat-vestuario","10":"product_tag-manga-comprida","11":"product_tag-mulher","12":"product_tag-polo","14":"first","15":"outofstock","16":"shipping-taxable","17":"purchasable","18":"product-type-variable"},"aioseo_notices":[],"jetpack_sharing_enabled":true,"_links":{"self":[{"href":"https:\/\/milicia-pro.com\/index.php\/wp-json\/wp\/v2\/product\/30764","targetHints":{"allow":["GET"]}}],"collection":[{"href":"https:\/\/milicia-pro.com\/index.php\/wp-json\/wp\/v2\/product"}],"about":[{"href":"https:\/\/milicia-pro.com\/index.php\/wp-json\/wp\/v2\/types\/product"}],"replies":[{"embeddable":true,"href":"https:\/\/milicia-pro.com\/index.php\/wp-json\/wp\/v2\/comments?post=30764"}],"wp:featuredmedia":[{"embeddable":true,"href":"https:\/\/milicia-pro.com\/index.php\/wp-json\/wp\/v2\/media\/29636"}],"wp:attachment":[{"href":"https:\/\/milicia-pro.com\/index.php\/wp-json\/wp\/v2\/media?parent=30764"}],"wp:term":[{"taxonomy":"product_brand","embeddable":true,"href":"https:\/\/milicia-pro.com\/index.php\/wp-json\/wp\/v2\/product_brand?post=30764"},{"taxonomy":"product_cat","embeddable":true,"href":"https:\/\/milicia-pro.com\/index.php\/wp-json\/wp\/v2\/product_cat?post=30764"},{"taxonomy":"product_tag","embeddable":true,"href":"https:\/\/milicia-pro.com\/index.php\/wp-json\/wp\/v2\/product_tag?post=30764"}],"curies":[{"name":"wp","href":"https:\/\/api.w.org\/{rel}","templated":true}]}}