{"id":30762,"date":"2022-09-01T17:06:24","date_gmt":"2022-09-01T17:06:24","guid":{"rendered":"https:\/\/milicia-pro.com\/?post_type=product&#038;p=30762"},"modified":"2026-02-26T09:56:39","modified_gmt":"2026-02-26T09:56:39","slug":"distico-braco-dgrsp","status":"publish","type":"product","link":"https:\/\/milicia-pro.com\/index.php\/product\/distico-braco-dgrsp\/","title":{"rendered":"D\u00cdSTICO BRA\u00c7O DGRSP"},"content":{"rendered":"<p>D\u00edstico de bra\u00e7o DGRSP (vulcanizado) &#8211; Alto relevo<\/p>\n<p>Medidas: 6.5cmX8.5cm<\/p>\n","protected":false},"excerpt":{"rendered":"<p>Venda Exclusiva a Profissionais, Guarda Prisional, mediante identifica\u00e7\u00e3o. Pre\u00e7o PVP, Sem Desconto<\/p>\n","protected":false},"featured_media":43418,"comment_status":"open","ping_status":"closed","template":"","meta":{"_monsterinsights_skip_tracking":false,"_monsterinsights_sitenote_active":false,"_monsterinsights_sitenote_note":"","_monsterinsights_sitenote_category":0},"product_brand":[],"product_cat":[1457,1455],"product_tag":[1490,522],"class_list":{"0":"post-30762","1":"product","2":"type-product","3":"status-publish","4":"has-post-thumbnail","6":"product_cat-insignias","7":"product_cat-insignias-patch","8":"product_tag-distico","9":"product_tag-guarda-prisional","11":"first","12":"instock","13":"shipping-taxable","14":"purchasable","15":"product-type-variable"},"aioseo_notices":[],"jetpack_sharing_enabled":true,"_links":{"self":[{"href":"https:\/\/milicia-pro.com\/index.php\/wp-json\/wp\/v2\/product\/30762","targetHints":{"allow":["GET"]}}],"collection":[{"href":"https:\/\/milicia-pro.com\/index.php\/wp-json\/wp\/v2\/product"}],"about":[{"href":"https:\/\/milicia-pro.com\/index.php\/wp-json\/wp\/v2\/types\/product"}],"replies":[{"embeddable":true,"href":"https:\/\/milicia-pro.com\/index.php\/wp-json\/wp\/v2\/comments?post=30762"}],"wp:featuredmedia":[{"embeddable":true,"href":"https:\/\/milicia-pro.com\/index.php\/wp-json\/wp\/v2\/media\/43418"}],"wp:attachment":[{"href":"https:\/\/milicia-pro.com\/index.php\/wp-json\/wp\/v2\/media?parent=30762"}],"wp:term":[{"taxonomy":"product_brand","embeddable":true,"href":"https:\/\/milicia-pro.com\/index.php\/wp-json\/wp\/v2\/product_brand?post=30762"},{"taxonomy":"product_cat","embeddable":true,"href":"https:\/\/milicia-pro.com\/index.php\/wp-json\/wp\/v2\/product_cat?post=30762"},{"taxonomy":"product_tag","embeddable":true,"href":"https:\/\/milicia-pro.com\/index.php\/wp-json\/wp\/v2\/product_tag?post=30762"}],"curies":[{"name":"wp","href":"https:\/\/api.w.org\/{rel}","templated":true}]}}