{"id":30754,"date":"2022-09-01T17:06:10","date_gmt":"2022-09-01T17:06:10","guid":{"rendered":"https:\/\/milicia-pro.com\/?post_type=product&#038;p=30754"},"modified":"2025-09-24T17:01:56","modified_gmt":"2025-09-24T17:01:56","slug":"bandoleira-cqs","status":"publish","type":"product","link":"https:\/\/milicia-pro.com\/index.php\/product\/bandoleira-cqs\/","title":{"rendered":"BANDOLEIRA CQS"},"content":{"rendered":"<div id=\"p_lt_Placeholder_pageplaceholder_p_lt_ProductTabs_TabsLayout_tabs_header\" class=\"ajax__tab_header\"><span id=\"p_lt_Placeholder_pageplaceholder_p_lt_ProductTabs_TabsLayout_tabs_tab1_tab\" class=\"ajax__tab_active\"><span class=\"ajax__tab_outer\"><span class=\"ajax__tab_inner\"><a id=\"__tab_p_lt_Placeholder_pageplaceholder_p_lt_ProductTabs_TabsLayout_tabs_tab1\" class=\"ajax__tab_tab\" href=\"https:\/\/blackhawk.com\/products\/long-gun-accessories\/long-gun-accessories\/tactical-slings\/dieter-cqd-sling-with-sling-cover#\">CARACTER\u00cdSTICAS<\/a><\/span><\/span><\/span><\/div>\n<div id=\"p_lt_Placeholder_pageplaceholder_p_lt_ProductTabs_TabsLayout_tabs_body\" class=\"ajax__tab_body ajax__scroll_auto\">\n<div id=\"p_lt_Placeholder_pageplaceholder_p_lt_ProductTabs_TabsLayout_tabs_tab1\" class=\"ajax__tab_panel\">\n<div class=\"ProductFeatures\">\u2022 Constru\u00eddo com uma correia T-13 de 1,25 \u201dde largura (mais macia do que o tecido padr\u00e3o)<br \/>\n\u2022 Design ajust\u00e1vel para todos os operadores<br \/>\n\u2022 Configura\u00e7\u00e3o de ponto \u00fanico ou dois pontos<br \/>\n\u2022 Ganchos de engate met\u00e1licos fixados \u00e0 maioria dos sistemas de armas, suportes ou fivelas<\/div>\n<\/div>\n<\/div>\n","protected":false},"excerpt":{"rendered":"<p>CARACTER\u00cdSTICAS \u2022 Constru\u00eddo com uma correia T-13 de 1,25 \u201dde largura (mais macia do que o tecido padr\u00e3o) \u2022 Design ajust\u00e1vel para todos os operadores \u2022 Configura\u00e7\u00e3o de ponto \u00fanico ou dois pontos \u2022 Ganchos de engate met\u00e1licos fixados \u00e0 maioria dos sistemas de armas, suportes ou fivelas<\/p>\n","protected":false},"featured_media":28593,"comment_status":"open","ping_status":"closed","template":"","meta":{"_monsterinsights_skip_tracking":false,"_monsterinsights_sitenote_active":false,"_monsterinsights_sitenote_note":"","_monsterinsights_sitenote_category":0},"product_brand":[1504],"product_cat":[1115,1277,1137,1064,829],"product_tag":[71],"class_list":{"0":"post-30754","1":"product","2":"type-product","3":"status-publish","4":"has-post-thumbnail","6":"product_brand-blackhawk","7":"product_cat-acessorios-armas","8":"product_cat-bandoleira","9":"product_cat-blackhawk","10":"product_cat-equipamentotatico","11":"product_cat-marcas","12":"product_tag-bandoleira","14":"first","15":"instock","16":"shipping-taxable","17":"purchasable","18":"product-type-variable"},"aioseo_notices":[],"jetpack_sharing_enabled":true,"_links":{"self":[{"href":"https:\/\/milicia-pro.com\/index.php\/wp-json\/wp\/v2\/product\/30754","targetHints":{"allow":["GET"]}}],"collection":[{"href":"https:\/\/milicia-pro.com\/index.php\/wp-json\/wp\/v2\/product"}],"about":[{"href":"https:\/\/milicia-pro.com\/index.php\/wp-json\/wp\/v2\/types\/product"}],"replies":[{"embeddable":true,"href":"https:\/\/milicia-pro.com\/index.php\/wp-json\/wp\/v2\/comments?post=30754"}],"wp:featuredmedia":[{"embeddable":true,"href":"https:\/\/milicia-pro.com\/index.php\/wp-json\/wp\/v2\/media\/28593"}],"wp:attachment":[{"href":"https:\/\/milicia-pro.com\/index.php\/wp-json\/wp\/v2\/media?parent=30754"}],"wp:term":[{"taxonomy":"product_brand","embeddable":true,"href":"https:\/\/milicia-pro.com\/index.php\/wp-json\/wp\/v2\/product_brand?post=30754"},{"taxonomy":"product_cat","embeddable":true,"href":"https:\/\/milicia-pro.com\/index.php\/wp-json\/wp\/v2\/product_cat?post=30754"},{"taxonomy":"product_tag","embeddable":true,"href":"https:\/\/milicia-pro.com\/index.php\/wp-json\/wp\/v2\/product_tag?post=30754"}],"curies":[{"name":"wp","href":"https:\/\/api.w.org\/{rel}","templated":true}]}}