{"id":30751,"date":"2022-09-01T17:06:08","date_gmt":"2022-09-01T17:06:08","guid":{"rendered":"https:\/\/milicia-pro.com\/?post_type=product&#038;p=30751"},"modified":"2025-07-15T15:48:56","modified_gmt":"2025-07-15T15:48:56","slug":"acessorio-de-extracao-rapida-p-plataforma-6005-6305","status":"publish","type":"product","link":"https:\/\/milicia-pro.com\/index.php\/product\/acessorio-de-extracao-rapida-p-plataforma-6005-6305\/","title":{"rendered":"ACESSORIO DE EXTRA\u00c7\u00c3O RAPIDA P\/PLATAFORMA 6005 , 6305"},"content":{"rendered":"<p>O Modelo 6005-7 \u00e9 a fivela que prende o coldre t\u00e1tico \u00e0 correia. A parte da fivela \u00e9 costurada em uma tira de 2 \u201d(50mm) que \u00e9 dobrada para formar um la\u00e7o de cinta.\u00a0A al\u00e7a do cinto ajusta-se \u00e1s larguras da correia de 2 \u201d(50 mm) a 2,25 pol (58 mm). O comprimento total \u00e9 de 5,5 \u201d.\u00a0\u00c9 ambidestro e est\u00e1 dispon\u00edvel em preto.<\/p>\n","protected":false},"excerpt":{"rendered":"<p>O Modelo 6005-7 \u00e9 a fivela que prende o coldre t\u00e1tico \u00e0 correia. A parte da fivela \u00e9 costurada em uma tira de 2 \u201d(50mm) que \u00e9 dobrada para formar um la\u00e7o de cinta.\u00a0A al\u00e7a do cinto ajusta-se \u00e1s larguras da correia de 2 \u201d(50 mm) a 2,25 pol (58 mm). O comprimento total \u00e9 [&#8230;]\n","protected":false},"featured_media":28590,"comment_status":"open","ping_status":"closed","template":"","meta":{"_monsterinsights_skip_tracking":false,"_monsterinsights_sitenote_active":false,"_monsterinsights_sitenote_note":"","_monsterinsights_sitenote_category":0},"product_brand":[],"product_cat":[1115,1085,1064,829,1151],"product_tag":[55,607,1247],"class_list":{"0":"post-30751","1":"product","2":"type-product","3":"status-publish","4":"has-post-thumbnail","6":"product_cat-acessorios-armas","7":"product_cat-coldre","8":"product_cat-equipamentotatico","9":"product_cat-marcas","10":"product_cat-safariland","11":"product_tag-acessorio","12":"product_tag-coldre","13":"product_tag-fivela","15":"first","16":"instock","17":"shipping-taxable","18":"purchasable","19":"product-type-variable"},"aioseo_notices":[],"jetpack_sharing_enabled":true,"_links":{"self":[{"href":"https:\/\/milicia-pro.com\/index.php\/wp-json\/wp\/v2\/product\/30751","targetHints":{"allow":["GET"]}}],"collection":[{"href":"https:\/\/milicia-pro.com\/index.php\/wp-json\/wp\/v2\/product"}],"about":[{"href":"https:\/\/milicia-pro.com\/index.php\/wp-json\/wp\/v2\/types\/product"}],"replies":[{"embeddable":true,"href":"https:\/\/milicia-pro.com\/index.php\/wp-json\/wp\/v2\/comments?post=30751"}],"wp:featuredmedia":[{"embeddable":true,"href":"https:\/\/milicia-pro.com\/index.php\/wp-json\/wp\/v2\/media\/28590"}],"wp:attachment":[{"href":"https:\/\/milicia-pro.com\/index.php\/wp-json\/wp\/v2\/media?parent=30751"}],"wp:term":[{"taxonomy":"product_brand","embeddable":true,"href":"https:\/\/milicia-pro.com\/index.php\/wp-json\/wp\/v2\/product_brand?post=30751"},{"taxonomy":"product_cat","embeddable":true,"href":"https:\/\/milicia-pro.com\/index.php\/wp-json\/wp\/v2\/product_cat?post=30751"},{"taxonomy":"product_tag","embeddable":true,"href":"https:\/\/milicia-pro.com\/index.php\/wp-json\/wp\/v2\/product_tag?post=30751"}],"curies":[{"name":"wp","href":"https:\/\/api.w.org\/{rel}","templated":true}]}}