{"id":30750,"date":"2022-09-01T17:06:08","date_gmt":"2022-09-01T17:06:08","guid":{"rendered":"https:\/\/milicia-pro.com\/?post_type=product&#038;p=30750"},"modified":"2026-04-09T14:02:59","modified_gmt":"2026-04-09T14:02:59","slug":"camelbak-thermobak","status":"publish","type":"product","link":"https:\/\/milicia-pro.com\/index.php\/product\/camelbak-thermobak\/","title":{"rendered":"CAMELBAK THERMOBAK"},"content":{"rendered":"<p>Um dos nossos pacotes minimalistas mais confi\u00e1veis \u200b\u200be conhecidos, o ThermoBak 3L continua a impressionar com recursos e tecnologia atualizados.<\/p>\n<p>O novo Reservat\u00f3rio Crux Mil Spec de 3 litros e 100 on\u00e7as oferece 25% mais \u00e1gua por gole, enquanto o estilo mant\u00e9m a ergonomia e a \u00f3tima refletividade infravermelha pela qual \u00e9 famoso.<\/p>\n<h1 class=\"Product-detail__title\">ESPECIFICA\u00c7\u00d5ES<\/h1>\n<div class=\"Specifications\">\n<ul class=\"Specifications__list\">\n<li class=\"Specifications__list-item\">\n<div class=\"Specifications__list-item-container\"><span class=\"Specifications__key\">COLE\u00c7\u00c3O: <\/span><span class=\"Specifications__value\">Apenas Hidrata\u00e7\u00e3o<\/span><\/div>\n<\/li>\n<li class=\"Specifications__list-item\">\n<div class=\"Specifications__list-item-container\"><span class=\"Specifications__key\">USU\u00c1RIO: <\/span><span class=\"Specifications__value\">Unisex<\/span><\/div>\n<\/li>\n<li class=\"Specifications__list-item\">\n<div class=\"Specifications__list-item-container\"><span class=\"Specifications__key\">CAPACIDADE DE HIDRATA\u00c7\u00c3O:<\/span><span class=\"Specifications__value\">3L \/ 100 oz<\/span><\/div>\n<\/li>\n<li class=\"Specifications__list-item\">\n<div class=\"Specifications__list-item-container\"><span class=\"Specifications__key\">TIPO DE HIDRATA\u00c7\u00c3O: <\/span><span class=\"Specifications__value\">Reservat\u00f3rio Mil Spec CRUX \u2122 com Sistema Quicklink \u2122<\/span><\/div>\n<\/li>\n<li class=\"Specifications__list-item\">\n<div class=\"Specifications__list-item-container\"><span class=\"Specifications__key\">BPA \/ BPS \/ BPF GR\u00c1TIS:<\/span><span class=\"Specifications__value\">Sim<\/span><\/div>\n<\/li>\n<li class=\"Specifications__list-item\">\n<div class=\"Specifications__list-item-container\"><span class=\"Specifications__key\">DESCONEX\u00c3O R\u00c1PIDA DO LINK:<\/span><span class=\"Specifications__value\">sim<\/span><\/div>\n<\/li>\n<li class=\"Specifications__list-item\">\n<div class=\"Specifications__list-item-container\"><span class=\"Specifications__key\">PESO DA EMBALAGEM:<\/span><span class=\"Specifications__value\">0,6 kg \/ 1,4 lb<\/span><\/div>\n<\/li>\n<li class=\"Specifications__list-item\">\n<div class=\"Specifications__list-item-container\"><span class=\"Specifications__key\">DIMENS\u00d5ES:<\/span><span class=\"Specifications__value\">44 x 24 x 11 cm \/ 17,3 x 9,4 x 4,3 pol<\/span><\/div>\n<\/li>\n<\/ul>\n<\/div>\n","protected":false},"excerpt":{"rendered":"<p>Um dos nossos pacotes minimalistas mais confi\u00e1veis \u200b\u200be conhecidos, o ThermoBak 3L continua a impressionar com recursos e tecnologia atualizados. O novo Reservat\u00f3rio Crux Mil Spec de 3 litros e 100 on\u00e7as oferece 25% mais \u00e1gua por gole, enquanto o estilo mant\u00e9m a ergonomia e a \u00f3tima refletividade infravermelha pela qual \u00e9 famoso. ESPECIFICA\u00c7\u00d5ES COLE\u00c7\u00c3O: [&#8230;]\n","protected":false},"featured_media":43720,"comment_status":"open","ping_status":"closed","template":"","meta":{"_monsterinsights_skip_tracking":false,"_monsterinsights_sitenote_active":false,"_monsterinsights_sitenote_note":"","_monsterinsights_sitenote_category":0},"product_brand":[1505],"product_cat":[1617,1286,1467],"product_tag":[80,1146,215],"class_list":{"0":"post-30750","1":"product","2":"type-product","3":"status-publish","4":"has-post-thumbnail","6":"product_brand-camelbak","7":"product_cat-bolsa-hidratacao","8":"product_cat-camelbak-marcas","9":"product_cat-mochilas-bolsas","10":"product_tag-bolsa","11":"product_tag-hidratacao","12":"product_tag-mochila","14":"first","15":"instock","16":"shipping-taxable","17":"purchasable","18":"product-type-variable"},"aioseo_notices":[],"jetpack_sharing_enabled":true,"_links":{"self":[{"href":"https:\/\/milicia-pro.com\/index.php\/wp-json\/wp\/v2\/product\/30750","targetHints":{"allow":["GET"]}}],"collection":[{"href":"https:\/\/milicia-pro.com\/index.php\/wp-json\/wp\/v2\/product"}],"about":[{"href":"https:\/\/milicia-pro.com\/index.php\/wp-json\/wp\/v2\/types\/product"}],"replies":[{"embeddable":true,"href":"https:\/\/milicia-pro.com\/index.php\/wp-json\/wp\/v2\/comments?post=30750"}],"wp:featuredmedia":[{"embeddable":true,"href":"https:\/\/milicia-pro.com\/index.php\/wp-json\/wp\/v2\/media\/43720"}],"wp:attachment":[{"href":"https:\/\/milicia-pro.com\/index.php\/wp-json\/wp\/v2\/media?parent=30750"}],"wp:term":[{"taxonomy":"product_brand","embeddable":true,"href":"https:\/\/milicia-pro.com\/index.php\/wp-json\/wp\/v2\/product_brand?post=30750"},{"taxonomy":"product_cat","embeddable":true,"href":"https:\/\/milicia-pro.com\/index.php\/wp-json\/wp\/v2\/product_cat?post=30750"},{"taxonomy":"product_tag","embeddable":true,"href":"https:\/\/milicia-pro.com\/index.php\/wp-json\/wp\/v2\/product_tag?post=30750"}],"curies":[{"name":"wp","href":"https:\/\/api.w.org\/{rel}","templated":true}]}}